{"id":4624,"date":"2025-01-21T09:22:54","date_gmt":"2025-01-21T08:22:54","guid":{"rendered":"https:\/\/costablanca-magazin.com\/?page_id=4624"},"modified":"2026-02-11T11:48:11","modified_gmt":"2026-02-11T10:48:11","slug":"dieren-natuur","status":"publish","type":"page","link":"https:\/\/costablanca-magazin.com\/nl\/tiere-natur\/","title":{"rendered":"Dieren &amp; Natuur"},"content":{"rendered":"<div data-elementor-type=\"wp-page\" data-elementor-id=\"4624\" class=\"elementor elementor-4624\" data-elementor-post-type=\"page\">\n\t\t\t\t<div class=\"elementor-element elementor-element-2039c6a e-flex e-con-boxed e-con e-parent\" data-id=\"2039c6a\" data-element_type=\"container\" data-e-type=\"container\">\n\t\t\t\t\t<div class=\"e-con-inner\">\n\t\t<div class=\"elementor-element elementor-element-a8d2a16 e-con-full e-flex e-con e-child\" data-id=\"a8d2a16\" data-element_type=\"container\" data-e-type=\"container\">\n\t\t<div class=\"elementor-element elementor-element-61eee54 e-con-full e-flex e-con e-child\" data-id=\"61eee54\" data-element_type=\"container\" data-e-type=\"container\">\n\t\t\t\t<div class=\"elementor-element elementor-element-c5d8c8a elementor-widget elementor-widget-heading\" data-id=\"c5d8c8a\" data-element_type=\"widget\" data-e-type=\"widget\" data-widget_type=\"heading.default\">\n\t\t\t\t<div class=\"elementor-widget-container\">\n\t\t\t\t\t<h1 class=\"elementor-heading-title elementor-size-default\">Bewoners - Dieren &amp; Natuur<\/h1>\t\t\t\t<\/div>\n\t\t\t\t<\/div>\n\t\t\t\t<\/div>\n\t\t<div class=\"elementor-element elementor-element-877d7d8 e-con-full e-grid e-con e-child\" data-id=\"877d7d8\" data-element_type=\"container\" data-e-type=\"container\">\n\t\t\t\t<\/div>\n\t\t\t\t<\/div>\n\t\t\t\t\t<\/div>\n\t\t\t\t<\/div>\n\t\t<div class=\"elementor-element elementor-element-95ab0a2 e-flex e-con-boxed e-con e-parent\" data-id=\"95ab0a2\" data-element_type=\"container\" data-e-type=\"container\">\n\t\t\t\t\t<div class=\"e-con-inner\">\n\t\t\t\t<div class=\"elementor-element elementor-element-2b20d11 elementor-grid-3 elementor-grid-tablet-2 elementor-grid-mobile-1 elementor-posts--thumbnail-top elementor-card-shadow-yes elementor-posts__hover-gradient elementor-widget elementor-widget-posts\" data-id=\"2b20d11\" data-element_type=\"widget\" data-e-type=\"widget\" data-settings=\"{&quot;pagination_type&quot;:&quot;numbers&quot;,&quot;cards_columns&quot;:&quot;3&quot;,&quot;cards_columns_tablet&quot;:&quot;2&quot;,&quot;cards_columns_mobile&quot;:&quot;1&quot;,&quot;cards_row_gap&quot;:{&quot;unit&quot;:&quot;px&quot;,&quot;size&quot;:35,&quot;sizes&quot;:[]},&quot;cards_row_gap_tablet&quot;:{&quot;unit&quot;:&quot;px&quot;,&quot;size&quot;:&quot;&quot;,&quot;sizes&quot;:[]},&quot;cards_row_gap_mobile&quot;:{&quot;unit&quot;:&quot;px&quot;,&quot;size&quot;:&quot;&quot;,&quot;sizes&quot;:[]}}\" data-widget_type=\"posts.cards\">\n\t\t\t\t<div class=\"elementor-widget-container\">\n\t\t\t\t\t\t\t<div class=\"elementor-posts-container elementor-posts elementor-posts--skin-cards elementor-grid\" role=\"list\">\n\t\t\t\t<article class=\"elementor-post elementor-grid-item post-8730 post type-post status-publish format-standard has-post-thumbnail hentry category-tiere-natur tag-eu-heimtierausweis tag-faehre-mit-katze tag-flug-mit-hund tag-haustier-tipps tag-haustier-transportieren tag-reisen-mit-hund tag-reisen-mit-katze tag-tier-im-auto\" role=\"listitem\">\n\t\t\t<div class=\"elementor-post__card\">\n\t\t\t\t<a class=\"elementor-post__thumbnail__link\" href=\"https:\/\/costablanca-magazin.com\/nl\/residenten\/tiere-natur\/reisen-mit-hund-und-katze-tipps-fuer-stressfreie-trips\/\" tabindex=\"-1\" ><div class=\"elementor-post__thumbnail\"><img fetchpriority=\"high\" decoding=\"async\" width=\"204\" height=\"300\" src=\"https:\/\/costablanca-magazin.com\/wp-content\/uploads\/2025\/09\/a-joyful-dog-and-a-curious-cat-relaxing-together-i-2025-01-10-03-20-59-utc-e1757881911304-204x300.jpg\" class=\"attachment-medium size-medium wp-image-8767\" alt=\"Reizen met hond en kat\" srcset=\"https:\/\/costablanca-magazin.com\/wp-content\/uploads\/2025\/09\/a-joyful-dog-and-a-curious-cat-relaxing-together-i-2025-01-10-03-20-59-utc-e1757881911304-204x300.jpg 204w, https:\/\/costablanca-magazin.com\/wp-content\/uploads\/2025\/09\/a-joyful-dog-and-a-curious-cat-relaxing-together-i-2025-01-10-03-20-59-utc-e1757881911304-696x1024.jpg 696w, https:\/\/costablanca-magazin.com\/wp-content\/uploads\/2025\/09\/a-joyful-dog-and-a-curious-cat-relaxing-together-i-2025-01-10-03-20-59-utc-e1757881911304.jpg 726w\" sizes=\"(max-width: 204px) 100vw, 204px\" \/><\/div><\/a>\n\t\t\t\t<div class=\"elementor-post__badge\">Dieren &amp; Natuur<\/div>\n\t\t\t\t<div class=\"elementor-post__text\">\n\t\t\t\t<h2 class=\"elementor-post__title\">\n\t\t\t<a href=\"https:\/\/costablanca-magazin.com\/nl\/residenten\/tiere-natur\/reisen-mit-hund-und-katze-tipps-fuer-stressfreie-trips\/\" >\n\t\t\t\tReizen met honden en katten - tips voor stressvrije reizen\t\t\t<\/a>\n\t\t<\/h2>\n\t\t\t\t<div class=\"elementor-post__excerpt\">\n\t\t\t<p>Reizen met honden en katten - tips voor stressvrije reizen Hoe breng je je hond en kat veilig naar hun bestemming: auto, vliegtuig of veerboot - plan het EU-dierenpaspoort, de transportbox en de rustpauzes van je huisdier op de juiste manier. Een verandering van omgeving, een reis naar een eiland of een bezoek aan de familie thuis - voor veel mensen is reizen met een huisdier vanzelfsprekend.<\/p>\n\t\t<\/div>\n\t\t\n\t\t<a class=\"elementor-post__read-more\" href=\"https:\/\/costablanca-magazin.com\/nl\/residenten\/tiere-natur\/reisen-mit-hund-und-katze-tipps-fuer-stressfreie-trips\/\" aria-label=\"Read more about Reisen mit Hund und Katze &#8211; Tipps f\u00fcr stressfreie Trips\" tabindex=\"-1\" >\n\t\t\tLees meer \u00bb\t\t<\/a>\n\n\t\t\t\t<\/div>\n\t\t\t\t\t<\/div>\n\t\t<\/article>\n\t\t\t\t<article class=\"elementor-post elementor-grid-item post-7691 post type-post status-publish format-standard has-post-thumbnail hentry category-tiere-natur tag-costa-blanca-2 tag-katzenhilfe-costa-blanca tag-tierschutz tag-tierschutz-costa-blanca\" role=\"listitem\">\n\t\t\t<div class=\"elementor-post__card\">\n\t\t\t\t<a class=\"elementor-post__thumbnail__link\" href=\"https:\/\/costablanca-magazin.com\/nl\/residenten\/tiere-natur\/onkas-zweite-chance-tierschutz-costa-blanca\/\" tabindex=\"-1\" ><div class=\"elementor-post__thumbnail\"><img decoding=\"async\" width=\"300\" height=\"169\" src=\"https:\/\/costablanca-magazin.com\/wp-content\/uploads\/2025\/06\/Tierheim-Tierschutz-300x169.jpg\" class=\"attachment-medium size-medium wp-image-7709\" alt=\"Onka&#039;s tweede kans\" srcset=\"https:\/\/costablanca-magazin.com\/wp-content\/uploads\/2025\/06\/Tierheim-Tierschutz-300x169.jpg 300w, https:\/\/costablanca-magazin.com\/wp-content\/uploads\/2025\/06\/Tierheim-Tierschutz-1024x578.jpg 1024w, https:\/\/costablanca-magazin.com\/wp-content\/uploads\/2025\/06\/Tierheim-Tierschutz-768x433.jpg 768w, https:\/\/costablanca-magazin.com\/wp-content\/uploads\/2025\/06\/Tierheim-Tierschutz.jpg 1200w\" sizes=\"(max-width: 300px) 100vw, 300px\" \/><\/div><\/a>\n\t\t\t\t<div class=\"elementor-post__badge\">Dieren &amp; Natuur<\/div>\n\t\t\t\t<div class=\"elementor-post__text\">\n\t\t\t\t<h2 class=\"elementor-post__title\">\n\t\t\t<a href=\"https:\/\/costablanca-magazin.com\/nl\/residenten\/tiere-natur\/onkas-zweite-chance-tierschutz-costa-blanca\/\" >\n\t\t\t\tOnka's tweede kans - Dierenwelzijn Costa Blanca\t\t\t<\/a>\n\t\t<\/h2>\n\t\t\t\t<div class=\"elementor-post__excerpt\">\n\t\t\t<p>Onka's tweede kans - Dierenbescherming Costa Blanca Zonder de hulp van dierenwelzijnsorganisaties zouden straatkatten aan de Costa Blanca waarschijnlijk verloren zijn. Kat Onka heeft haar thuis gevonden, anderen zijn nog op zoek. Warmte, het zachte spinnen van mijn moeder, de nabijheid van mijn broers en zussen - dit zijn mijn vroegste herinneringen. Maar toen kwam de dag,<\/p>\n\t\t<\/div>\n\t\t\n\t\t<a class=\"elementor-post__read-more\" href=\"https:\/\/costablanca-magazin.com\/nl\/residenten\/tiere-natur\/onkas-zweite-chance-tierschutz-costa-blanca\/\" aria-label=\"Read more about Onkas zweite Chance &#8211; Tierschutz Costa Blanca\" tabindex=\"-1\" >\n\t\t\tLees meer \u00bb\t\t<\/a>\n\n\t\t\t\t<\/div>\n\t\t\t\t\t<\/div>\n\t\t<\/article>\n\t\t\t\t<article class=\"elementor-post elementor-grid-item post-6785 post type-post status-publish format-standard has-post-thumbnail hentry category-tiere-natur tag-hunde-im-urlaub tag-hunde-strand-costa-blanca tag-regeln-hunde-costablanca tag-straende-an-der-costablanca\" role=\"listitem\">\n\t\t\t<div class=\"elementor-post__card\">\n\t\t\t\t<a class=\"elementor-post__thumbnail__link\" href=\"https:\/\/costablanca-magazin.com\/nl\/residenten\/tiere-natur\/pfoten-an-den-strand-mit-hund-an-der-costa-blanca\/\" tabindex=\"-1\" ><div class=\"elementor-post__thumbnail\"><img decoding=\"async\" width=\"300\" height=\"200\" src=\"https:\/\/costablanca-magazin.com\/wp-content\/uploads\/2025\/05\/fit-and-active-labrador-retriever-dog-running-out-2025-01-08-20-43-58-utc-300x200.jpg\" class=\"attachment-medium size-medium wp-image-6790\" alt=\"Poten op het strand: met de hond aan de Costa Blanca 1\" srcset=\"https:\/\/costablanca-magazin.com\/wp-content\/uploads\/2025\/05\/fit-and-active-labrador-retriever-dog-running-out-2025-01-08-20-43-58-utc-300x200.jpg 300w, https:\/\/costablanca-magazin.com\/wp-content\/uploads\/2025\/05\/fit-and-active-labrador-retriever-dog-running-out-2025-01-08-20-43-58-utc-1024x682.jpg 1024w, https:\/\/costablanca-magazin.com\/wp-content\/uploads\/2025\/05\/fit-and-active-labrador-retriever-dog-running-out-2025-01-08-20-43-58-utc-768x511.jpg 768w, https:\/\/costablanca-magazin.com\/wp-content\/uploads\/2025\/05\/fit-and-active-labrador-retriever-dog-running-out-2025-01-08-20-43-58-utc.jpg 1200w\" sizes=\"(max-width: 300px) 100vw, 300px\" \/><\/div><\/a>\n\t\t\t\t<div class=\"elementor-post__badge\">Dieren &amp; Natuur<\/div>\n\t\t\t\t<div class=\"elementor-post__text\">\n\t\t\t\t<h2 class=\"elementor-post__title\">\n\t\t\t<a href=\"https:\/\/costablanca-magazin.com\/nl\/residenten\/tiere-natur\/pfoten-an-den-strand-mit-hund-an-der-costa-blanca\/\" >\n\t\t\t\tPootjes op het strand - met je hond aan de Costa Blanca\t\t\t<\/a>\n\t\t<\/h2>\n\t\t\t\t<div class=\"elementor-post__excerpt\">\n\t\t\t<p>Pootjes op het strand - met een hond aan de Costa Blanca Wat mag, wat is vervelend - en waar mogen viervoeters ongestoord in het water in Marina Alta en Marina Baixa. Een overzicht voor baasjes met hart en ziel. Voor velen zijn honden meer dan gezelschap - ze zijn<\/p>\n\t\t<\/div>\n\t\t\n\t\t<a class=\"elementor-post__read-more\" href=\"https:\/\/costablanca-magazin.com\/nl\/residenten\/tiere-natur\/pfoten-an-den-strand-mit-hund-an-der-costa-blanca\/\" aria-label=\"Read more about Pfoten an den Strand &#8211; Mit Hund an der Costa Blanca\" tabindex=\"-1\" >\n\t\t\tLees meer \u00bb\t\t<\/a>\n\n\t\t\t\t<\/div>\n\t\t\t\t\t<\/div>\n\t\t<\/article>\n\t\t\t\t<article class=\"elementor-post elementor-grid-item post-5707 post type-post status-publish format-standard has-post-thumbnail hentry category-tiere-natur tag-callosa-den-sarria tag-feria-del-nispero tag-fruechte-callosa-den-sarria tag-nispero-costa-blanca tag-nispero-gesundheitliche-vorteile\" role=\"listitem\">\n\t\t\t<div class=\"elementor-post__card\">\n\t\t\t\t<a class=\"elementor-post__thumbnail__link\" href=\"https:\/\/costablanca-magazin.com\/nl\/residenten\/tiere-natur\/costa-blanca-nispero-eine-kleine-frucht-grosse-tradition\/\" tabindex=\"-1\" ><div class=\"elementor-post__thumbnail\"><img loading=\"lazy\" decoding=\"async\" width=\"300\" height=\"200\" src=\"https:\/\/costablanca-magazin.com\/wp-content\/uploads\/2025\/04\/loquat-fruit-nispero-eriobotrya-japonica-loquat-2024-11-26-15-38-52-utc-300x200.jpg\" class=\"attachment-medium size-medium wp-image-5721\" alt=\"Kleine, gevoelige vrucht, grote traditie \u2013 De n\u00edspero uit Callosa d&#039;en Sarri\u00e0 2\" srcset=\"https:\/\/costablanca-magazin.com\/wp-content\/uploads\/2025\/04\/loquat-fruit-nispero-eriobotrya-japonica-loquat-2024-11-26-15-38-52-utc-300x200.jpg 300w, https:\/\/costablanca-magazin.com\/wp-content\/uploads\/2025\/04\/loquat-fruit-nispero-eriobotrya-japonica-loquat-2024-11-26-15-38-52-utc-1024x683.jpg 1024w, https:\/\/costablanca-magazin.com\/wp-content\/uploads\/2025\/04\/loquat-fruit-nispero-eriobotrya-japonica-loquat-2024-11-26-15-38-52-utc-768x512.jpg 768w, https:\/\/costablanca-magazin.com\/wp-content\/uploads\/2025\/04\/loquat-fruit-nispero-eriobotrya-japonica-loquat-2024-11-26-15-38-52-utc-1536x1024.jpg 1536w, https:\/\/costablanca-magazin.com\/wp-content\/uploads\/2025\/04\/loquat-fruit-nispero-eriobotrya-japonica-loquat-2024-11-26-15-38-52-utc-2048x1365.jpg 2048w\" sizes=\"(max-width: 300px) 100vw, 300px\" \/><\/div><\/a>\n\t\t\t\t<div class=\"elementor-post__badge\">Dieren &amp; Natuur<\/div>\n\t\t\t\t<div class=\"elementor-post__text\">\n\t\t\t\t<h2 class=\"elementor-post__title\">\n\t\t\t<a href=\"https:\/\/costablanca-magazin.com\/nl\/residenten\/tiere-natur\/costa-blanca-nispero-eine-kleine-frucht-grosse-tradition\/\" >\n\t\t\t\tCosta Blanca - N\u00edspero een kleine vrucht, een grote traditie\t\t\t<\/a>\n\t\t<\/h2>\n\t\t\t\t<div class=\"elementor-post__excerpt\">\n\t\t\t<p>Costa Blanca - N\u00edspero een kleine vrucht, een grote traditie Waarom de kleine loquat een grote deal is rond Callosa, Polop en La Nuc\u00eda. Wanneer het n\u00edspero-seizoen begint in Callosa d'en Sarri\u00e0, Polop of La Nuc\u00eda, is er een drukte van belang. De lichtoranje vrucht moet binnen een paar weken worden geoogst,<\/p>\n\t\t<\/div>\n\t\t\n\t\t<a class=\"elementor-post__read-more\" href=\"https:\/\/costablanca-magazin.com\/nl\/residenten\/tiere-natur\/costa-blanca-nispero-eine-kleine-frucht-grosse-tradition\/\" aria-label=\"Read more about Costa Blanca &#8211; N\u00edspero eine Kleine Frucht, gro\u00dfe Tradition\" tabindex=\"-1\" >\n\t\t\tLees meer \u00bb\t\t<\/a>\n\n\t\t\t\t<\/div>\n\t\t\t\t\t<\/div>\n\t\t<\/article>\n\t\t\t\t<article class=\"elementor-post elementor-grid-item post-5263 post type-post status-publish format-standard has-post-thumbnail hentry category-tiere-natur tag-buerokratie tag-kiefernsterben tag-klimawande tag-naturschutz tag-schaedlinge tag-sierra-helada tag-trockenheit tag-waldbraende tag-waldsterben tag-wiederaufforstung\" role=\"listitem\">\n\t\t\t<div class=\"elementor-post__card\">\n\t\t\t\t<a class=\"elementor-post__thumbnail__link\" href=\"https:\/\/costablanca-magazin.com\/nl\/residenten\/tiere-natur\/sterbende-kiefernwaelder-costa-blanca-oekosystem-im-umbruch\/\" tabindex=\"-1\" ><div class=\"elementor-post__thumbnail\"><img loading=\"lazy\" decoding=\"async\" width=\"300\" height=\"225\" src=\"https:\/\/costablanca-magazin.com\/wp-content\/uploads\/2025\/03\/20250309_103319-300x225.jpg\" class=\"attachment-medium size-medium wp-image-5281\" alt=\"Stervende dennenbossen aan de Costa Blanca: een ecosysteem op een keerpunt 17\" srcset=\"https:\/\/costablanca-magazin.com\/wp-content\/uploads\/2025\/03\/20250309_103319-300x225.jpg 300w, https:\/\/costablanca-magazin.com\/wp-content\/uploads\/2025\/03\/20250309_103319-1024x768.jpg 1024w, https:\/\/costablanca-magazin.com\/wp-content\/uploads\/2025\/03\/20250309_103319-768x576.jpg 768w, https:\/\/costablanca-magazin.com\/wp-content\/uploads\/2025\/03\/20250309_103319-1536x1152.jpg 1536w, https:\/\/costablanca-magazin.com\/wp-content\/uploads\/2025\/03\/20250309_103319-2048x1536.jpg 2048w\" sizes=\"(max-width: 300px) 100vw, 300px\" \/><\/div><\/a>\n\t\t\t\t<div class=\"elementor-post__badge\">Dieren &amp; Natuur<\/div>\n\t\t\t\t<div class=\"elementor-post__text\">\n\t\t\t\t<h2 class=\"elementor-post__title\">\n\t\t\t<a href=\"https:\/\/costablanca-magazin.com\/nl\/residenten\/tiere-natur\/sterbende-kiefernwaelder-costa-blanca-oekosystem-im-umbruch\/\" >\n\t\t\t\tVerdwijnende dennenbossen aan de Costa Blanca - ecosysteem in beroering\t\t\t<\/a>\n\t\t<\/h2>\n\t\t\t\t<div class=\"elementor-post__excerpt\">\n\t\t\t<p>Afstervende dennenbossen aan de Costa Blanca: een ecosysteem op een keerpunt Experts over droogte, plagen en een gebrek aan hulpbronnen - waarom duizenden bomen verdwijnen en wat dit betekent voor de toekomst. Droge hellingen, grijze skeletten van bomen en een toenemend risico op brand - de teruggang van de bossen aan de Costa Blanca neemt zorgwekkende vormen aan. De Sierra<\/p>\n\t\t<\/div>\n\t\t\n\t\t<a class=\"elementor-post__read-more\" href=\"https:\/\/costablanca-magazin.com\/nl\/residenten\/tiere-natur\/sterbende-kiefernwaelder-costa-blanca-oekosystem-im-umbruch\/\" aria-label=\"Read more about Sterbende Kiefernw\u00e4lder Costa Blanca &#8211; \u00d6kosystem im Umbruch\" tabindex=\"-1\" >\n\t\t\tLees meer \u00bb\t\t<\/a>\n\n\t\t\t\t<\/div>\n\t\t\t\t\t<\/div>\n\t\t<\/article>\n\t\t\t\t<\/div>\n\t\t\n\t\t\t\t\t\t<\/div>\n\t\t\t\t<\/div>\n\t\t\t\t\t<\/div>\n\t\t\t\t<\/div>\n\t\t\t\t<\/div>","protected":false},"excerpt":{"rendered":"<p>In unserer Serie \u00fcber Residenten der Kategorie Tiere &amp; Natur entdecke ich an am Morgen, w\u00e4hrend der am Flussufer ruht und Costa in den B\u00e4umen zwitschern, sodass Blanca und Haustiere friedlich koexistieren, w\u00e4hrend Tierschutz auf Nahrungssuche ist und erleben aufmerksam beobachtet wird. Residenten &#8211; Tiere &amp; Natur<\/p>","protected":false},"author":1,"featured_media":0,"parent":0,"menu_order":0,"comment_status":"closed","ping_status":"closed","template":"elementor_header_footer","meta":{"om_disable_all_campaigns":false,"_monsterinsights_skip_tracking":false,"_monsterinsights_sitenote_active":false,"_monsterinsights_sitenote_note":"","_monsterinsights_sitenote_category":0,"footnotes":""},"class_list":["post-4624","page","type-page","status-publish","hentry"],"aioseo_notices":[],"_links":{"self":[{"href":"https:\/\/costablanca-magazin.com\/nl\/wp-json\/wp\/v2\/pages\/4624","targetHints":{"allow":["GET"]}}],"collection":[{"href":"https:\/\/costablanca-magazin.com\/nl\/wp-json\/wp\/v2\/pages"}],"about":[{"href":"https:\/\/costablanca-magazin.com\/nl\/wp-json\/wp\/v2\/types\/page"}],"author":[{"embeddable":true,"href":"https:\/\/costablanca-magazin.com\/nl\/wp-json\/wp\/v2\/users\/1"}],"replies":[{"embeddable":true,"href":"https:\/\/costablanca-magazin.com\/nl\/wp-json\/wp\/v2\/comments?post=4624"}],"version-history":[{"count":18,"href":"https:\/\/costablanca-magazin.com\/nl\/wp-json\/wp\/v2\/pages\/4624\/revisions"}],"predecessor-version":[{"id":10378,"href":"https:\/\/costablanca-magazin.com\/nl\/wp-json\/wp\/v2\/pages\/4624\/revisions\/10378"}],"wp:attachment":[{"href":"https:\/\/costablanca-magazin.com\/nl\/wp-json\/wp\/v2\/media?parent=4624"}],"curies":[{"name":"wp","href":"https:\/\/api.w.org\/{rel}","templated":true}]}}