{"id":4619,"date":"2025-01-21T09:21:55","date_gmt":"2025-01-21T08:21:55","guid":{"rendered":"https:\/\/costablanca-magazin.com\/?page_id=4619"},"modified":"2026-02-11T11:46:46","modified_gmt":"2026-02-11T10:46:46","slug":"leven-in-spanje","status":"publish","type":"page","link":"https:\/\/costablanca-magazin.com\/nl\/leben-in-spanien\/","title":{"rendered":"Wonen in Spanje"},"content":{"rendered":"<div data-elementor-type=\"wp-page\" data-elementor-id=\"4619\" class=\"elementor elementor-4619\" data-elementor-post-type=\"page\">\n\t\t\t\t<div class=\"elementor-element elementor-element-b72f7ae e-flex e-con-boxed e-con e-parent\" data-id=\"b72f7ae\" data-element_type=\"container\" data-e-type=\"container\">\n\t\t\t\t\t<div class=\"e-con-inner\">\n\t\t\t\t<div class=\"elementor-element elementor-element-c66daae elementor-widget elementor-widget-heading\" data-id=\"c66daae\" data-element_type=\"widget\" data-e-type=\"widget\" data-widget_type=\"heading.default\">\n\t\t\t\t<div class=\"elementor-widget-container\">\n\t\t\t\t\t<h1 class=\"elementor-heading-title elementor-size-default\">Inwoners - Wonen in Spanje<\/h1>\t\t\t\t<\/div>\n\t\t\t\t<\/div>\n\t\t\t\t\t<\/div>\n\t\t\t\t<\/div>\n\t\t<div class=\"elementor-element elementor-element-24dcc65 e-flex e-con-boxed e-con e-parent\" data-id=\"24dcc65\" data-element_type=\"container\" data-e-type=\"container\">\n\t\t\t\t\t<div class=\"e-con-inner\">\n\t\t\t\t<div class=\"elementor-element elementor-element-ad7491b elementor-grid-3 elementor-grid-tablet-2 elementor-grid-mobile-1 elementor-posts--thumbnail-top elementor-card-shadow-yes elementor-posts__hover-gradient elementor-widget elementor-widget-posts\" data-id=\"ad7491b\" data-element_type=\"widget\" data-e-type=\"widget\" data-settings=\"{&quot;pagination_type&quot;:&quot;numbers&quot;,&quot;cards_columns&quot;:&quot;3&quot;,&quot;cards_columns_tablet&quot;:&quot;2&quot;,&quot;cards_columns_mobile&quot;:&quot;1&quot;,&quot;cards_row_gap&quot;:{&quot;unit&quot;:&quot;px&quot;,&quot;size&quot;:35,&quot;sizes&quot;:[]},&quot;cards_row_gap_tablet&quot;:{&quot;unit&quot;:&quot;px&quot;,&quot;size&quot;:&quot;&quot;,&quot;sizes&quot;:[]},&quot;cards_row_gap_mobile&quot;:{&quot;unit&quot;:&quot;px&quot;,&quot;size&quot;:&quot;&quot;,&quot;sizes&quot;:[]}}\" data-widget_type=\"posts.cards\">\n\t\t\t\t<div class=\"elementor-widget-container\">\n\t\t\t\t\t\t\t<div class=\"elementor-posts-container elementor-posts elementor-posts--skin-cards elementor-grid\" role=\"list\">\n\t\t\t\t<article class=\"elementor-post elementor-grid-item post-11389 post type-post status-publish format-standard has-post-thumbnail hentry category-leben-in-spanien tag-antrag-pflege-spanien tag-comunitat-valenciana-pflege tag-dependencia-costa-blanca tag-pflege-costa-blanca tag-pflegegrad-spanien tag-pflegehilfe-alicante\" role=\"listitem\">\n\t\t\t<div class=\"elementor-post__card\">\n\t\t\t\t<a class=\"elementor-post__thumbnail__link\" href=\"https:\/\/costablanca-magazin.com\/nl\/residenten\/leben-in-spanien\/pflege-an-der-costa-blanca-leistungen-antrag-und-hilfe\/\" tabindex=\"-1\" ><div class=\"elementor-post__thumbnail\"><img decoding=\"async\" width=\"300\" height=\"100\" src=\"https:\/\/costablanca-magazin.com\/wp-content\/uploads\/2026\/04\/AdobeStock_210113313-300x100.jpeg\" class=\"attachment-medium size-medium wp-image-11390\" alt=\"Wanneer zorg plotseling een probleem wordt aan de Costa Blanca\" srcset=\"https:\/\/costablanca-magazin.com\/wp-content\/uploads\/2026\/04\/AdobeStock_210113313-300x100.jpeg 300w, https:\/\/costablanca-magazin.com\/wp-content\/uploads\/2026\/04\/AdobeStock_210113313-1024x341.jpeg 1024w, https:\/\/costablanca-magazin.com\/wp-content\/uploads\/2026\/04\/AdobeStock_210113313-768x256.jpeg 768w, https:\/\/costablanca-magazin.com\/wp-content\/uploads\/2026\/04\/AdobeStock_210113313-1536x512.jpeg 1536w, https:\/\/costablanca-magazin.com\/wp-content\/uploads\/2026\/04\/AdobeStock_210113313-2048x682.jpeg 2048w, https:\/\/costablanca-magazin.com\/wp-content\/uploads\/2026\/04\/AdobeStock_210113313-18x6.jpeg 18w\" sizes=\"(max-width: 300px) 100vw, 300px\" \/><\/div><\/a>\n\t\t\t\t<div class=\"elementor-post__badge\">Wonen in Spanje<\/div>\n\t\t\t\t<div class=\"elementor-post__text\">\n\t\t\t\t<h2 class=\"elementor-post__title\">\n\t\t\t<a href=\"https:\/\/costablanca-magazin.com\/nl\/residenten\/leben-in-spanien\/pflege-an-der-costa-blanca-leistungen-antrag-und-hilfe\/\" >\n\t\t\t\tZorg aan de Costa Blanca - voordelen, aanvraag en hulp\t\t\t<\/a>\n\t\t<\/h2>\n\t\t\t\t<div class=\"elementor-post__excerpt\">\n\t\t\t<p>Wanneer zorg plotseling een probleem wordt aan de Costa Blanca Welke ondersteuning biedt het overheidssysteem - en hoe werkt de toegang in de Comunitat Valenciana Een val, een diagnose of het punt waarop het dagelijks leven niet meer zonder hulp kan: Dit is ook het geval aan de Costa<\/p>\n\t\t<\/div>\n\t\t\n\t\t<a class=\"elementor-post__read-more\" href=\"https:\/\/costablanca-magazin.com\/nl\/residenten\/leben-in-spanien\/pflege-an-der-costa-blanca-leistungen-antrag-und-hilfe\/\" aria-label=\"Read more about Pflege an der Costa Blanca &#8211; Leistungen, Antrag und Hilfe\" tabindex=\"-1\" >\n\t\t\tLees meer \u00bb\t\t<\/a>\n\n\t\t\t\t<\/div>\n\t\t\t\t\t<\/div>\n\t\t<\/article>\n\t\t\t\t<article class=\"elementor-post elementor-grid-item post-11377 post type-post status-publish format-standard has-post-thumbnail hentry category-leben-in-spanien tag-geburt-spanien tag-mutterschutz-spanien tag-schwangerschaft-costa-blanca tag-seguridad-social-schwangerschaft\" role=\"listitem\">\n\t\t\t<div class=\"elementor-post__card\">\n\t\t\t\t<a class=\"elementor-post__thumbnail__link\" href=\"https:\/\/costablanca-magazin.com\/nl\/residenten\/leben-in-spanien\/schwangerschaft-an-der-costa-blanca-vorsorge-mutterschutz\/\" tabindex=\"-1\" ><div class=\"elementor-post__thumbnail\"><img decoding=\"async\" width=\"300\" height=\"98\" src=\"https:\/\/costablanca-magazin.com\/wp-content\/uploads\/2026\/04\/smiling-happy-pregnant-woman-wear-casual-dress-ove-2023-11-27-05-23-42-utc-e1776345378550-300x98.jpg\" class=\"attachment-medium size-medium wp-image-11381\" alt=\"Zwanger aan de Costa Blanca: Zwangerschap, geboorte, bescherming van het moederschap &amp; financi\u00eble voordelen in Spanje\" srcset=\"https:\/\/costablanca-magazin.com\/wp-content\/uploads\/2026\/04\/smiling-happy-pregnant-woman-wear-casual-dress-ove-2023-11-27-05-23-42-utc-e1776345378550-300x98.jpg 300w, https:\/\/costablanca-magazin.com\/wp-content\/uploads\/2026\/04\/smiling-happy-pregnant-woman-wear-casual-dress-ove-2023-11-27-05-23-42-utc-e1776345378550-1024x334.jpg 1024w, https:\/\/costablanca-magazin.com\/wp-content\/uploads\/2026\/04\/smiling-happy-pregnant-woman-wear-casual-dress-ove-2023-11-27-05-23-42-utc-e1776345378550-768x251.jpg 768w, https:\/\/costablanca-magazin.com\/wp-content\/uploads\/2026\/04\/smiling-happy-pregnant-woman-wear-casual-dress-ove-2023-11-27-05-23-42-utc-e1776345378550-1536x502.jpg 1536w, https:\/\/costablanca-magazin.com\/wp-content\/uploads\/2026\/04\/smiling-happy-pregnant-woman-wear-casual-dress-ove-2023-11-27-05-23-42-utc-e1776345378550-2048x669.jpg 2048w, https:\/\/costablanca-magazin.com\/wp-content\/uploads\/2026\/04\/smiling-happy-pregnant-woman-wear-casual-dress-ove-2023-11-27-05-23-42-utc-e1776345378550-18x6.jpg 18w\" sizes=\"(max-width: 300px) 100vw, 300px\" \/><\/div><\/a>\n\t\t\t\t<div class=\"elementor-post__badge\">Wonen in Spanje<\/div>\n\t\t\t\t<div class=\"elementor-post__text\">\n\t\t\t\t<h2 class=\"elementor-post__title\">\n\t\t\t<a href=\"https:\/\/costablanca-magazin.com\/nl\/residenten\/leben-in-spanien\/schwangerschaft-an-der-costa-blanca-vorsorge-mutterschutz\/\" >\n\t\t\t\tZwangerschap Costa Blanca: Preventie en bescherming van het moederschap\t\t\t<\/a>\n\t\t<\/h2>\n\t\t\t\t<div class=\"elementor-post__excerpt\">\n\t\t\t<p>Zwangerschap aan de Costa Blanca Rechten, zorg, geboorte en financi\u00eble voordelen aan de Costa Blanca Zwangerschap brengt organisatie met zich mee - medisch, professioneel en administratief. Wie aan de Costa Blanca woont, profiteert van het Spaanse zorgstelsel en duidelijk geregelde ouderlijke rechten. Het is cruciaal om in een vroeg stadium de juiste stappen te ondernemen - van de eerste zwangerschap tot de geboorte.<\/p>\n\t\t<\/div>\n\t\t\n\t\t<a class=\"elementor-post__read-more\" href=\"https:\/\/costablanca-magazin.com\/nl\/residenten\/leben-in-spanien\/schwangerschaft-an-der-costa-blanca-vorsorge-mutterschutz\/\" aria-label=\"Read more about Schwangerschaft Costa Blanca: Vorsorge und Mutterschutz\" tabindex=\"-1\" >\n\t\t\tLees meer \u00bb\t\t<\/a>\n\n\t\t\t\t<\/div>\n\t\t\t\t\t<\/div>\n\t\t<\/article>\n\t\t\t\t<article class=\"elementor-post elementor-grid-item post-10837 post type-post status-publish format-standard has-post-thumbnail hentry category-leben-in-spanien tag-hoja-de-reclamaciones-valencia tag-omic-valencia-beschwerde tag-online-bestellung-spanien tag-online-betrug-anzeige tag-online-kauf-spanien-reklamation tag-probleme-mit-handwerk-spanien tag-verbraucherrechte-costa-blanca\" role=\"listitem\">\n\t\t\t<div class=\"elementor-post__card\">\n\t\t\t\t<a class=\"elementor-post__thumbnail__link\" href=\"https:\/\/costablanca-magazin.com\/nl\/residenten\/leben-in-spanien\/verbraucherrechte-an-der-costa-blanca-richtig-reklamieren\/\" tabindex=\"-1\" ><div class=\"elementor-post__thumbnail\"><img decoding=\"async\" width=\"300\" height=\"152\" src=\"https:\/\/costablanca-magazin.com\/wp-content\/uploads\/2026\/03\/stressed-woman-experiencing-small-business-e-comme-2025-10-29-20-34-55-utc-e1772544143175-300x152.jpg\" class=\"attachment-medium size-medium wp-image-10850\" alt=\"Consumentenrechten aan de Costa Blanca: de juiste klacht indienen\" srcset=\"https:\/\/costablanca-magazin.com\/wp-content\/uploads\/2026\/03\/stressed-woman-experiencing-small-business-e-comme-2025-10-29-20-34-55-utc-e1772544143175-300x152.jpg 300w, https:\/\/costablanca-magazin.com\/wp-content\/uploads\/2026\/03\/stressed-woman-experiencing-small-business-e-comme-2025-10-29-20-34-55-utc-e1772544143175-1024x517.jpg 1024w, https:\/\/costablanca-magazin.com\/wp-content\/uploads\/2026\/03\/stressed-woman-experiencing-small-business-e-comme-2025-10-29-20-34-55-utc-e1772544143175-768x388.jpg 768w, https:\/\/costablanca-magazin.com\/wp-content\/uploads\/2026\/03\/stressed-woman-experiencing-small-business-e-comme-2025-10-29-20-34-55-utc-e1772544143175-1536x776.jpg 1536w, https:\/\/costablanca-magazin.com\/wp-content\/uploads\/2026\/03\/stressed-woman-experiencing-small-business-e-comme-2025-10-29-20-34-55-utc-e1772544143175-2048x1034.jpg 2048w, https:\/\/costablanca-magazin.com\/wp-content\/uploads\/2026\/03\/stressed-woman-experiencing-small-business-e-comme-2025-10-29-20-34-55-utc-e1772544143175-18x9.jpg 18w\" sizes=\"(max-width: 300px) 100vw, 300px\" \/><\/div><\/a>\n\t\t\t\t<div class=\"elementor-post__badge\">Wonen in Spanje<\/div>\n\t\t\t\t<div class=\"elementor-post__text\">\n\t\t\t\t<h2 class=\"elementor-post__title\">\n\t\t\t<a href=\"https:\/\/costablanca-magazin.com\/nl\/residenten\/leben-in-spanien\/verbraucherrechte-an-der-costa-blanca-richtig-reklamieren\/\" >\n\t\t\t\tConsumentenrechten aan de Costa Blanca - De juiste klacht indienen\t\t\t<\/a>\n\t\t<\/h2>\n\t\t\t\t<div class=\"elementor-post__excerpt\">\n\t\t\t<p>Consumentenrechten aan de Costa Blanca - De juiste klacht indienen Wat te doen bij een geschil met handelaars of online handelaars? Rechten, Hoja de Reclamaciones en procedures aan de Costa Blanca. Renovatiewerkzaamheden zijn vertraagd, de uiteindelijke factuur is aanzienlijk hoger dan de presupuesto of een online pakket komt nooit opdagen - geschillen over consumentenrechten kunnen ook ontstaan tussen<\/p>\n\t\t<\/div>\n\t\t\n\t\t<a class=\"elementor-post__read-more\" href=\"https:\/\/costablanca-magazin.com\/nl\/residenten\/leben-in-spanien\/verbraucherrechte-an-der-costa-blanca-richtig-reklamieren\/\" aria-label=\"Read more about Verbraucherrechte an der Costa Blanca &#8211; Richtig reklamieren\" tabindex=\"-1\" >\n\t\t\tLees meer \u00bb\t\t<\/a>\n\n\t\t\t\t<\/div>\n\t\t\t\t\t<\/div>\n\t\t<\/article>\n\t\t\t\t<article class=\"elementor-post elementor-grid-item post-10835 post type-post status-publish format-standard has-post-thumbnail hentry category-leben-in-spanien tag-denuncia-spanien tag-einbruch-costa-blanca tag-fahrzeugeinbruch-costa-blanca tag-guardia-civil-anzeige tag-policia-nacional-notruf tag-versicherung-einbruch-spanien\" role=\"listitem\">\n\t\t\t<div class=\"elementor-post__card\">\n\t\t\t\t<a class=\"elementor-post__thumbnail__link\" href=\"https:\/\/costablanca-magazin.com\/nl\/residenten\/leben-in-spanien\/einbruch-costa-blanca-polizei-anzeige-und-versicherung\/\" tabindex=\"-1\" ><div class=\"elementor-post__thumbnail\"><img loading=\"lazy\" decoding=\"async\" width=\"300\" height=\"151\" src=\"https:\/\/costablanca-magazin.com\/wp-content\/uploads\/2026\/03\/bandit-in-balaclava-holding-a-crowbar-to-break-a-g-2024-12-07-19-25-35-utc-300x151.jpg\" class=\"attachment-medium size-medium wp-image-10839\" alt=\"Inbraak Costa Blanca: doe aangifte, bel de politie, informeer de verzekeringsmaatschappij\" srcset=\"https:\/\/costablanca-magazin.com\/wp-content\/uploads\/2026\/03\/bandit-in-balaclava-holding-a-crowbar-to-break-a-g-2024-12-07-19-25-35-utc-300x151.jpg 300w, https:\/\/costablanca-magazin.com\/wp-content\/uploads\/2026\/03\/bandit-in-balaclava-holding-a-crowbar-to-break-a-g-2024-12-07-19-25-35-utc-1024x514.jpg 1024w, https:\/\/costablanca-magazin.com\/wp-content\/uploads\/2026\/03\/bandit-in-balaclava-holding-a-crowbar-to-break-a-g-2024-12-07-19-25-35-utc-768x385.jpg 768w, https:\/\/costablanca-magazin.com\/wp-content\/uploads\/2026\/03\/bandit-in-balaclava-holding-a-crowbar-to-break-a-g-2024-12-07-19-25-35-utc-1536x771.jpg 1536w, https:\/\/costablanca-magazin.com\/wp-content\/uploads\/2026\/03\/bandit-in-balaclava-holding-a-crowbar-to-break-a-g-2024-12-07-19-25-35-utc-2048x1028.jpg 2048w, https:\/\/costablanca-magazin.com\/wp-content\/uploads\/2026\/03\/bandit-in-balaclava-holding-a-crowbar-to-break-a-g-2024-12-07-19-25-35-utc-18x9.jpg 18w\" sizes=\"(max-width: 300px) 100vw, 300px\" \/><\/div><\/a>\n\t\t\t\t<div class=\"elementor-post__badge\">Wonen in Spanje<\/div>\n\t\t\t\t<div class=\"elementor-post__text\">\n\t\t\t\t<h2 class=\"elementor-post__title\">\n\t\t\t<a href=\"https:\/\/costablanca-magazin.com\/nl\/residenten\/leben-in-spanien\/einbruch-costa-blanca-polizei-anzeige-und-versicherung\/\" >\n\t\t\t\tInbraak Costa Blanca - Politie, aangifte en verzekering\t\t\t<\/a>\n\t\t<\/h2>\n\t\t\t\t<div class=\"elementor-post__excerpt\">\n\t\t\t<p>Inbraak aan de Costa Blanca - doe aangifte, informeer de politie en verzekeringsmaatschappij Inbraak in je huis of auto aan de Costa Blanca? Welke stappen moet je nu nemen? De politie verwittigen, aangifte doen, verzekeringsmaatschappij correct informeren - uitgelegd in een notendop Een open raam, een geforceerde terrasdeur, geplunderde lades - inbraken komen ook vaak voor tussen D\u00e9nia en Villajoyosa.<\/p>\n\t\t<\/div>\n\t\t\n\t\t<a class=\"elementor-post__read-more\" href=\"https:\/\/costablanca-magazin.com\/nl\/residenten\/leben-in-spanien\/einbruch-costa-blanca-polizei-anzeige-und-versicherung\/\" aria-label=\"Read more about Einbruch Costa Blanca &#8211; Polizei, Anzeige und Versicherung\" tabindex=\"-1\" >\n\t\t\tLees meer \u00bb\t\t<\/a>\n\n\t\t\t\t<\/div>\n\t\t\t\t\t<\/div>\n\t\t<\/article>\n\t\t\t\t<article class=\"elementor-post elementor-grid-item post-10777 post type-post status-publish format-standard has-post-thumbnail hentry category-leben-in-spanien tag-briefporto-spanien-2026 tag-correos-tarife-2026-spanien tag-nachsendeauftrag-spanien-reenvio-postal tag-paketversand-spanien-eu-preise tag-porto-grossbritannien-spanien-einschreiben-spanien-kosten tag-post-costa-blanca-preise tag-postfach-spanien-apartado-de-correos\" role=\"listitem\">\n\t\t\t<div class=\"elementor-post__card\">\n\t\t\t\t<a class=\"elementor-post__thumbnail__link\" href=\"https:\/\/costablanca-magazin.com\/nl\/residenten\/leben-in-spanien\/correos-2026-costa-blanca-neue-brief-und-paketpreise\/\" tabindex=\"-1\" ><div class=\"elementor-post__thumbnail\"><img loading=\"lazy\" decoding=\"async\" width=\"300\" height=\"281\" src=\"https:\/\/costablanca-magazin.com\/wp-content\/uploads\/2026\/02\/correosBild-300x281.jpg\" class=\"attachment-medium size-medium wp-image-10788\" alt=\"Correos 2026: Nieuwe brief- en pakketprijzen in Spanje - overzicht van de kosten voor Europa en het Verenigd Koninkrijk\" srcset=\"https:\/\/costablanca-magazin.com\/wp-content\/uploads\/2026\/02\/correosBild-300x281.jpg 300w, https:\/\/costablanca-magazin.com\/wp-content\/uploads\/2026\/02\/correosBild-1024x958.jpg 1024w, https:\/\/costablanca-magazin.com\/wp-content\/uploads\/2026\/02\/correosBild-768x719.jpg 768w, https:\/\/costablanca-magazin.com\/wp-content\/uploads\/2026\/02\/correosBild-13x12.jpg 13w, https:\/\/costablanca-magazin.com\/wp-content\/uploads\/2026\/02\/correosBild.jpg 1200w\" sizes=\"(max-width: 300px) 100vw, 300px\" \/><\/div><\/a>\n\t\t\t\t<div class=\"elementor-post__badge\">Wonen in Spanje<\/div>\n\t\t\t\t<div class=\"elementor-post__text\">\n\t\t\t\t<h2 class=\"elementor-post__title\">\n\t\t\t<a href=\"https:\/\/costablanca-magazin.com\/nl\/residenten\/leben-in-spanien\/correos-2026-costa-blanca-neue-brief-und-paketpreise\/\" >\n\t\t\t\tCorreos 2026 Costa Blanca - Nieuwe brief- en pakketprijzen\t\t\t<\/a>\n\t\t<\/h2>\n\t\t\t\t<div class=\"elementor-post__excerpt\">\n\t\t\t<p>Correos 2026 aan de Costa Blanca - Nieuwe brief- en pakketprijzen Correos verhoogt de portokosten in Spanje in 2026. Huidige prijzen voor binnenlandse, EU- en Britse, aangetekende post, pakketten en doorzendopdrachten - uitgelegd in compacte vorm voor bewoners aan de Costa Blanca. Spaanse Post - Correos wordt duurder - en flexibelerWat de nieuwe<\/p>\n\t\t<\/div>\n\t\t\n\t\t<a class=\"elementor-post__read-more\" href=\"https:\/\/costablanca-magazin.com\/nl\/residenten\/leben-in-spanien\/correos-2026-costa-blanca-neue-brief-und-paketpreise\/\" aria-label=\"Read more about Correos 2026 Costa Blanca &#8211; Neue Brief- und Paketpreise\" tabindex=\"-1\" >\n\t\t\tLees meer \u00bb\t\t<\/a>\n\n\t\t\t\t<\/div>\n\t\t\t\t\t<\/div>\n\t\t<\/article>\n\t\t\t\t<article class=\"elementor-post elementor-grid-item post-10322 post type-post status-publish format-standard has-post-thumbnail hentry category-leben-in-spanien tag-einkaufszentren-costa-blanca tag-portal-de-la-marina tag-shopping-alicante tag-shopping-center-costa-blanca tag-shopping-center-marina-alta tag-shopping-center-marina-baixa tag-zenia-boulevard\" role=\"listitem\">\n\t\t\t<div class=\"elementor-post__card\">\n\t\t\t\t<a class=\"elementor-post__thumbnail__link\" href=\"https:\/\/costablanca-magazin.com\/nl\/residenten\/leben-in-spanien\/top-einkaufszentren-an-der-costa-blanca\/\" tabindex=\"-1\" ><div class=\"elementor-post__thumbnail\"><img loading=\"lazy\" decoding=\"async\" width=\"300\" height=\"143\" src=\"https:\/\/costablanca-magazin.com\/wp-content\/uploads\/2025\/12\/shops-with-clothes-at-the-modern-shopping-mall-sho-2025-02-25-20-13-18-utc-scaled-e1766343366694-300x143.jpg\" class=\"attachment-medium size-medium wp-image-10323\" alt=\"Winkelcentrum Costa Blanca\" srcset=\"https:\/\/costablanca-magazin.com\/wp-content\/uploads\/2025\/12\/shops-with-clothes-at-the-modern-shopping-mall-sho-2025-02-25-20-13-18-utc-scaled-e1766343366694-300x143.jpg 300w, https:\/\/costablanca-magazin.com\/wp-content\/uploads\/2025\/12\/shops-with-clothes-at-the-modern-shopping-mall-sho-2025-02-25-20-13-18-utc-scaled-e1766343366694-768x365.jpg 768w, https:\/\/costablanca-magazin.com\/wp-content\/uploads\/2025\/12\/shops-with-clothes-at-the-modern-shopping-mall-sho-2025-02-25-20-13-18-utc-scaled-e1766343366694-1536x730.jpg 1536w, https:\/\/costablanca-magazin.com\/wp-content\/uploads\/2025\/12\/shops-with-clothes-at-the-modern-shopping-mall-sho-2025-02-25-20-13-18-utc-scaled-e1766343366694-2048x973.jpg 2048w, https:\/\/costablanca-magazin.com\/wp-content\/uploads\/2025\/12\/shops-with-clothes-at-the-modern-shopping-mall-sho-2025-02-25-20-13-18-utc-scaled-e1766343366694-18x9.jpg 18w\" sizes=\"(max-width: 300px) 100vw, 300px\" \/><\/div><\/a>\n\t\t\t\t<div class=\"elementor-post__badge\">Wonen in Spanje<\/div>\n\t\t\t\t<div class=\"elementor-post__text\">\n\t\t\t\t<h2 class=\"elementor-post__title\">\n\t\t\t<a href=\"https:\/\/costablanca-magazin.com\/nl\/residenten\/leben-in-spanien\/top-einkaufszentren-an-der-costa-blanca\/\" >\n\t\t\t\tTopwinkelcentra aan de Costa Blanca\t\t\t<\/a>\n\t\t<\/h2>\n\t\t\t\t<div class=\"elementor-post__excerpt\">\n\t\t\t<p>Top winkelcentra aan de Costa Blanca Top winkelcentra aan de Costa Blanca Welke winkelcentra aan de Costa Blanca tellen echt mee in het dagelijks leven: van Portal de la Marina tot Alicante en Zenia Boulevard - een compact overzicht van alle winkelcentra die net zo goed deel uitmaken van het dagelijks leven aan de Costa Blanca als de ochtendkoffie aan de bar.<\/p>\n\t\t<\/div>\n\t\t\n\t\t<a class=\"elementor-post__read-more\" href=\"https:\/\/costablanca-magazin.com\/nl\/residenten\/leben-in-spanien\/top-einkaufszentren-an-der-costa-blanca\/\" aria-label=\"Read more about Top-Einkaufszentren an der Costa Blanca\" tabindex=\"-1\" >\n\t\t\tLees meer \u00bb\t\t<\/a>\n\n\t\t\t\t<\/div>\n\t\t\t\t\t<\/div>\n\t\t<\/article>\n\t\t\t\t<\/div>\n\t\t\n\t\t\t\t<div class=\"e-load-more-anchor\" data-page=\"1\" data-max-page=\"7\" data-next-page=\"https:\/\/costablanca-magazin.com\/nl\/wp-json\/wp\/v2\/pages\/4619\/page\/2\/\"><\/div>\n\t\t\t\t<nav class=\"elementor-pagination\" aria-label=\"Pagination\">\n\t\t\t<span aria-current=\"page\" class=\"page-numbers current\"><span class=\"elementor-screen-only\">Pagina<\/span>1<\/span>\n<a class=\"page-numbers\" href=\"https:\/\/costablanca-magazin.com\/nl\/wp-json\/wp\/v2\/pages\/4619\/page\/2\/\"><span class=\"elementor-screen-only\">Pagina<\/span>2<\/a>\n<a class=\"page-numbers\" href=\"https:\/\/costablanca-magazin.com\/nl\/wp-json\/wp\/v2\/pages\/4619\/page\/3\/\"><span class=\"elementor-screen-only\">Pagina<\/span>3<\/a>\n<a class=\"page-numbers\" href=\"https:\/\/costablanca-magazin.com\/nl\/wp-json\/wp\/v2\/pages\/4619\/page\/4\/\"><span class=\"elementor-screen-only\">Pagina<\/span>4<\/a>\n<a class=\"page-numbers\" href=\"https:\/\/costablanca-magazin.com\/nl\/wp-json\/wp\/v2\/pages\/4619\/page\/5\/\"><span class=\"elementor-screen-only\">Pagina<\/span>5<\/a>\t\t<\/nav>\n\t\t\t\t\t\t<\/div>\n\t\t\t\t<\/div>\n\t\t\t\t\t<\/div>\n\t\t\t\t<\/div>\n\t\t\t\t<\/div>","protected":false},"excerpt":{"rendered":"<p>Die Residenten bieten Leben musikalische Vielfalt, w\u00e4hrend in kreative Projekte und Spanien experimentelle Kl\u00e4nge das Programm pr\u00e4gen; entdecke mehr \u00fcber B\u00fcrokratie Auftritte, kollaborative Werke und Anmeldung Ver\u00f6ffentlichungen, die wichtige Gemeinschaften verbinden und neue Perspektiven er\u00f6ffnen, indem du auf \u201eLoad More\u201c klickst f\u00fcr zus\u00e4tzliche Einblicke in Beh\u00f6rdeng\u00e4nge. Residenten &#8211; Leben in Spanien<\/p>","protected":false},"author":1,"featured_media":0,"parent":0,"menu_order":0,"comment_status":"closed","ping_status":"closed","template":"elementor_header_footer","meta":{"footnotes":""},"class_list":["post-4619","page","type-page","status-publish","hentry"],"aioseo_notices":[],"_links":{"self":[{"href":"https:\/\/costablanca-magazin.com\/nl\/wp-json\/wp\/v2\/pages\/4619","targetHints":{"allow":["GET"]}}],"collection":[{"href":"https:\/\/costablanca-magazin.com\/nl\/wp-json\/wp\/v2\/pages"}],"about":[{"href":"https:\/\/costablanca-magazin.com\/nl\/wp-json\/wp\/v2\/types\/page"}],"author":[{"embeddable":true,"href":"https:\/\/costablanca-magazin.com\/nl\/wp-json\/wp\/v2\/users\/1"}],"replies":[{"embeddable":true,"href":"https:\/\/costablanca-magazin.com\/nl\/wp-json\/wp\/v2\/comments?post=4619"}],"version-history":[{"count":15,"href":"https:\/\/costablanca-magazin.com\/nl\/wp-json\/wp\/v2\/pages\/4619\/revisions"}],"predecessor-version":[{"id":10377,"href":"https:\/\/costablanca-magazin.com\/nl\/wp-json\/wp\/v2\/pages\/4619\/revisions\/10377"}],"wp:attachment":[{"href":"https:\/\/costablanca-magazin.com\/nl\/wp-json\/wp\/v2\/media?parent=4619"}],"curies":[{"name":"wp","href":"https:\/\/api.w.org\/{rel}","templated":true}]}}