{"id":4604,"date":"2025-01-21T09:18:35","date_gmt":"2025-01-21T08:18:35","guid":{"rendered":"https:\/\/costablanca-magazin.com\/?page_id=4604"},"modified":"2026-02-11T11:47:43","modified_gmt":"2026-02-11T10:47:43","slug":"beroep-financien","status":"publish","type":"page","link":"https:\/\/costablanca-magazin.com\/nl\/beruf-finanzen\/","title":{"rendered":"Beroep &amp; financi\u00ebn"},"content":{"rendered":"<div data-elementor-type=\"wp-page\" data-elementor-id=\"4604\" class=\"elementor elementor-4604\" data-elementor-post-type=\"page\">\n\t\t\t\t<div class=\"elementor-element elementor-element-2ce6c6f e-flex e-con-boxed e-con e-parent\" data-id=\"2ce6c6f\" data-element_type=\"container\" data-e-type=\"container\">\n\t\t\t\t\t<div class=\"e-con-inner\">\n\t\t<div class=\"elementor-element elementor-element-3e31366 e-con-full e-flex e-con e-child\" data-id=\"3e31366\" data-element_type=\"container\" data-e-type=\"container\">\n\t\t<div class=\"elementor-element elementor-element-91ff255 e-con-full e-flex e-con e-child\" data-id=\"91ff255\" data-element_type=\"container\" data-e-type=\"container\">\n\t\t\t\t<div class=\"elementor-element elementor-element-50088be elementor-widget elementor-widget-heading\" data-id=\"50088be\" data-element_type=\"widget\" data-e-type=\"widget\" data-widget_type=\"heading.default\">\n\t\t\t\t<div class=\"elementor-widget-container\">\n\t\t\t\t\t<h1 class=\"elementor-heading-title elementor-size-default\">Inwoners - Beroep &amp; Financi\u00ebn<\/h1>\t\t\t\t<\/div>\n\t\t\t\t<\/div>\n\t\t\t\t<\/div>\n\t\t<div class=\"elementor-element elementor-element-bd52f6c e-con-full e-grid e-con e-child\" data-id=\"bd52f6c\" data-element_type=\"container\" data-e-type=\"container\">\n\t\t\t\t<\/div>\n\t\t\t\t<\/div>\n\t\t\t\t\t<\/div>\n\t\t\t\t<\/div>\n\t\t<div class=\"elementor-element elementor-element-e83e029 e-flex e-con-boxed e-con e-parent\" data-id=\"e83e029\" data-element_type=\"container\" data-e-type=\"container\">\n\t\t\t\t\t<div class=\"e-con-inner\">\n\t\t\t\t<div class=\"elementor-element elementor-element-30a051b elementor-grid-3 elementor-grid-tablet-2 elementor-grid-mobile-1 elementor-posts--thumbnail-top elementor-card-shadow-yes elementor-posts__hover-gradient elementor-widget elementor-widget-posts\" data-id=\"30a051b\" data-element_type=\"widget\" data-e-type=\"widget\" data-settings=\"{&quot;pagination_type&quot;:&quot;numbers&quot;,&quot;cards_columns&quot;:&quot;3&quot;,&quot;cards_columns_tablet&quot;:&quot;2&quot;,&quot;cards_columns_mobile&quot;:&quot;1&quot;,&quot;cards_row_gap&quot;:{&quot;unit&quot;:&quot;px&quot;,&quot;size&quot;:35,&quot;sizes&quot;:[]},&quot;cards_row_gap_tablet&quot;:{&quot;unit&quot;:&quot;px&quot;,&quot;size&quot;:&quot;&quot;,&quot;sizes&quot;:[]},&quot;cards_row_gap_mobile&quot;:{&quot;unit&quot;:&quot;px&quot;,&quot;size&quot;:&quot;&quot;,&quot;sizes&quot;:[]}}\" data-widget_type=\"posts.cards\">\n\t\t\t\t<div class=\"elementor-widget-container\">\n\t\t\t\t\t\t\t<div class=\"elementor-posts-container elementor-posts elementor-posts--skin-cards elementor-grid\" role=\"list\">\n\t\t\t\t<article class=\"elementor-post elementor-grid-item post-9199 post type-post status-publish format-standard has-post-thumbnail hentry category-beruf-finanzen tag-arbeitnehmerrechte-costa-blanca tag-arbeitsgericht-costa-blanca tag-arbeitsrecht-spanien tag-kuendigung-spanien-rechte tag-kuendigungsschutz-spanien tag-rechtsanwalt-arbeitsrecht-denia tag-ungerechtfertigte-kuendigung-costa-blanca\" role=\"listitem\">\n\t\t\t<div class=\"elementor-post__card\">\n\t\t\t\t<a class=\"elementor-post__thumbnail__link\" href=\"https:\/\/costablanca-magazin.com\/nl\/residenten\/beruf-finanzen\/ungerechtfertigte-kuendigung-costa-blanca-rechte-hilfe\/\" tabindex=\"-1\" ><div class=\"elementor-post__thumbnail\"><img decoding=\"async\" width=\"300\" height=\"156\" src=\"https:\/\/costablanca-magazin.com\/wp-content\/uploads\/2025\/10\/people-2025-03-18-18-49-22-utc-e1760977892961-300x156.jpg\" class=\"attachment-medium size-medium wp-image-9200\" alt=\"Onrechtmatige ontslagen aan de Costa Blanca\" srcset=\"https:\/\/costablanca-magazin.com\/wp-content\/uploads\/2025\/10\/people-2025-03-18-18-49-22-utc-e1760977892961-300x156.jpg 300w, https:\/\/costablanca-magazin.com\/wp-content\/uploads\/2025\/10\/people-2025-03-18-18-49-22-utc-e1760977892961-1024x532.jpg 1024w, https:\/\/costablanca-magazin.com\/wp-content\/uploads\/2025\/10\/people-2025-03-18-18-49-22-utc-e1760977892961-768x399.jpg 768w, https:\/\/costablanca-magazin.com\/wp-content\/uploads\/2025\/10\/people-2025-03-18-18-49-22-utc-e1760977892961.jpg 1200w\" sizes=\"(max-width: 300px) 100vw, 300px\" \/><\/div><\/a>\n\t\t\t\t<div class=\"elementor-post__badge\">Beroep &amp; financi\u00ebn<\/div>\n\t\t\t\t<div class=\"elementor-post__text\">\n\t\t\t\t<h2 class=\"elementor-post__title\">\n\t\t\t<a href=\"https:\/\/costablanca-magazin.com\/nl\/residenten\/beruf-finanzen\/ungerechtfertigte-kuendigung-costa-blanca-rechte-hilfe\/\" >\n\t\t\t\tOnterechte annulering Costa Blanca - rechten &amp; hulp\t\t\t<\/a>\n\t\t<\/h2>\n\t\t\t\t<div class=\"elementor-post__excerpt\">\n\t\t\t<p>Onrechtmatig ontslag Costa Blanca - rechten &amp; hulp Wat te doen bij ontslag in Marina Alta of Marina Baixa? Rechten, termijnen en hulp bij onredelijk ontslag aan de Costa Blanca. Ontslagen zijn nooit prettig - en in het Spaanse arbeidsrecht zijn ze vaak complexer dan veel mensen verwachten. Vooral in de regio's Marina Alta<\/p>\n\t\t<\/div>\n\t\t\n\t\t<a class=\"elementor-post__read-more\" href=\"https:\/\/costablanca-magazin.com\/nl\/residenten\/beruf-finanzen\/ungerechtfertigte-kuendigung-costa-blanca-rechte-hilfe\/\" aria-label=\"Read more about Ungerechtfertigte K\u00fcndigung Costa Blanca &#8211; Rechte &amp; Hilfe\" tabindex=\"-1\" >\n\t\t\tLees meer \u00bb\t\t<\/a>\n\n\t\t\t\t<\/div>\n\t\t\t\t\t<\/div>\n\t\t<\/article>\n\t\t\t\t<article class=\"elementor-post elementor-grid-item post-8872 post type-post status-publish format-standard has-post-thumbnail hentry category-beruf-finanzen tag-eigentuemer-spanien tag-grundsteuer-spanien tag-ibi-bezahlen tag-kfz-steuer-spanien tag-marina-alta-steuern tag-marina-baixa-abgaben tag-muellgebuehr-costa-blanca tag-vado-gebuehr\" role=\"listitem\">\n\t\t\t<div class=\"elementor-post__card\">\n\t\t\t\t<a class=\"elementor-post__thumbnail__link\" href=\"https:\/\/costablanca-magazin.com\/nl\/residenten\/beruf-finanzen\/herbstabgaben-an-der-costa-blanca-fristen-und-tipps\/\" tabindex=\"-1\" ><div class=\"elementor-post__thumbnail\"><img fetchpriority=\"high\" decoding=\"async\" width=\"300\" height=\"200\" src=\"https:\/\/costablanca-magazin.com\/wp-content\/uploads\/2025\/09\/selective-focus-shot-of-wooden-block-with-words-on-2025-02-09-22-17-46-utc-300x200.jpg\" class=\"attachment-medium size-medium wp-image-8873\" alt=\"Herfstkassa in de Marina Alta en Baixa\" srcset=\"https:\/\/costablanca-magazin.com\/wp-content\/uploads\/2025\/09\/selective-focus-shot-of-wooden-block-with-words-on-2025-02-09-22-17-46-utc-300x200.jpg 300w, https:\/\/costablanca-magazin.com\/wp-content\/uploads\/2025\/09\/selective-focus-shot-of-wooden-block-with-words-on-2025-02-09-22-17-46-utc-1024x683.jpg 1024w, https:\/\/costablanca-magazin.com\/wp-content\/uploads\/2025\/09\/selective-focus-shot-of-wooden-block-with-words-on-2025-02-09-22-17-46-utc-768x512.jpg 768w, https:\/\/costablanca-magazin.com\/wp-content\/uploads\/2025\/09\/selective-focus-shot-of-wooden-block-with-words-on-2025-02-09-22-17-46-utc.jpg 1200w\" sizes=\"(max-width: 300px) 100vw, 300px\" \/><\/div><\/a>\n\t\t\t\t<div class=\"elementor-post__badge\">Beroep &amp; financi\u00ebn<\/div>\n\t\t\t\t<div class=\"elementor-post__text\">\n\t\t\t\t<h2 class=\"elementor-post__title\">\n\t\t\t<a href=\"https:\/\/costablanca-magazin.com\/nl\/residenten\/beruf-finanzen\/herbstabgaben-an-der-costa-blanca-fristen-und-tipps\/\" >\n\t\t\t\tHerfstbelastingen aan de Costa Blanca - deadlines en tips\t\t\t<\/a>\n\t\t<\/h2>\n\t\t\t\t<div class=\"elementor-post__excerpt\">\n\t\t\t<p>Herfstbelastingseizoen in de Marina Alta en Baixa Onroerendgoedbelasting, vuilnis, voertuig &amp; vado: Welke belastingen zijn nu verschuldigd in de Marina Alta en Baixa - en hoe eigenaren toeslagen veilig kunnen vermijden. Tussen D\u00e9nia en Villajoyosa is de herfst traditioneel het begin van het gemeentebelastingseizoen. Veel belastingen worden gebundeld, de deadlines zijn krap en er komen toeslagen bij.<\/p>\n\t\t<\/div>\n\t\t\n\t\t<a class=\"elementor-post__read-more\" href=\"https:\/\/costablanca-magazin.com\/nl\/residenten\/beruf-finanzen\/herbstabgaben-an-der-costa-blanca-fristen-und-tipps\/\" aria-label=\"Read more about Herbstabgaben an der Costa Blanca &#8211; Fristen und Tipps\" tabindex=\"-1\" >\n\t\t\tLees meer \u00bb\t\t<\/a>\n\n\t\t\t\t<\/div>\n\t\t\t\t\t<\/div>\n\t\t<\/article>\n\t\t\t\t<article class=\"elementor-post elementor-grid-item post-3335 post type-post status-publish format-standard has-post-thumbnail hentry category-beruf-finanzen tag-chancen tag-costa-blanca-2 tag-gruenden tag-herausforderungen\" role=\"listitem\">\n\t\t\t<div class=\"elementor-post__card\">\n\t\t\t\t<a class=\"elementor-post__thumbnail__link\" href=\"https:\/\/costablanca-magazin.com\/nl\/residenten\/beruf-finanzen\/gruenden-an-der-costa-blanca-chancen-und-herausforderungen\/\" tabindex=\"-1\" ><div class=\"elementor-post__thumbnail\"><img decoding=\"async\" width=\"300\" height=\"200\" src=\"https:\/\/costablanca-magazin.com\/wp-content\/uploads\/2024\/11\/Service-Selbsstaendigkeit-self-employed-man-using-phone-and-laptop-consulti-2023-11-27-05-24-00-utc-300x200.jpg\" class=\"attachment-medium size-medium wp-image-3339\" alt=\"Ondernemen aan de Costa Blanca: kansen en uitdagingen\" srcset=\"https:\/\/costablanca-magazin.com\/wp-content\/uploads\/2024\/11\/Service-Selbsstaendigkeit-self-employed-man-using-phone-and-laptop-consulti-2023-11-27-05-24-00-utc-300x200.jpg 300w, https:\/\/costablanca-magazin.com\/wp-content\/uploads\/2024\/11\/Service-Selbsstaendigkeit-self-employed-man-using-phone-and-laptop-consulti-2023-11-27-05-24-00-utc-1024x683.jpg 1024w, https:\/\/costablanca-magazin.com\/wp-content\/uploads\/2024\/11\/Service-Selbsstaendigkeit-self-employed-man-using-phone-and-laptop-consulti-2023-11-27-05-24-00-utc-768x512.jpg 768w, https:\/\/costablanca-magazin.com\/wp-content\/uploads\/2024\/11\/Service-Selbsstaendigkeit-self-employed-man-using-phone-and-laptop-consulti-2023-11-27-05-24-00-utc.jpg 1200w\" sizes=\"(max-width: 300px) 100vw, 300px\" \/><\/div><\/a>\n\t\t\t\t<div class=\"elementor-post__badge\">Beroep &amp; financi\u00ebn<\/div>\n\t\t\t\t<div class=\"elementor-post__text\">\n\t\t\t\t<h2 class=\"elementor-post__title\">\n\t\t\t<a href=\"https:\/\/costablanca-magazin.com\/nl\/residenten\/beruf-finanzen\/gruenden-an-der-costa-blanca-chancen-und-herausforderungen\/\" >\n\t\t\t\tEen bedrijf starten aan de Costa Blanca - kansen en uitdagingen\t\t\t<\/a>\n\t\t<\/h2>\n\t\t\t\t<div class=\"elementor-post__excerpt\">\n\t\t\t<p>Een bedrijf starten aan de Costa Blanca - kansen en uitdagingen De noordelijke en zuidelijke Costa Blanca biedt aantrekkelijke omstandigheden voor starters en zelfstandigen - van regionale ondersteuningsprogramma's tot groeiende netwerken voor digitale nomaden. De Costa Blanca, met name de regio's Marina Alta en Marina Baixa, heeft zich ontwikkeld tot een interessante vestigingsplaats voor bedrijven.<\/p>\n\t\t<\/div>\n\t\t\n\t\t<a class=\"elementor-post__read-more\" href=\"https:\/\/costablanca-magazin.com\/nl\/residenten\/beruf-finanzen\/gruenden-an-der-costa-blanca-chancen-und-herausforderungen\/\" aria-label=\"Read more about Gr\u00fcnden an der Costa Blanca &#8211; Chancen und Herausforderungen\" tabindex=\"-1\" >\n\t\t\tLees meer \u00bb\t\t<\/a>\n\n\t\t\t\t<\/div>\n\t\t\t\t\t<\/div>\n\t\t<\/article>\n\t\t\t\t<article class=\"elementor-post elementor-grid-item post-3315 post type-post status-publish format-standard has-post-thumbnail hentry category-beruf-finanzen tag-expertentipps tag-lotta-hilgers tag-spanien\" role=\"listitem\">\n\t\t\t<div class=\"elementor-post__card\">\n\t\t\t\t<a class=\"elementor-post__thumbnail__link\" href=\"https:\/\/costablanca-magazin.com\/nl\/residenten\/beruf-finanzen\/expertentipps-lotta-hilgers-erben-in-spanien\/\" tabindex=\"-1\" ><div class=\"elementor-post__thumbnail\"><img loading=\"lazy\" decoding=\"async\" width=\"300\" height=\"199\" src=\"https:\/\/costablanca-magazin.com\/wp-content\/uploads\/2024\/11\/printed-will-and-testament-on-parchment-paper-2024-10-17-18-10-22-utc-300x199.jpg\" class=\"attachment-medium size-medium wp-image-3316\" alt=\"Wat inwoners moeten weten over het lokale erfrecht \u2013 CBM-interview met advocate Lotta Hilgers\" srcset=\"https:\/\/costablanca-magazin.com\/wp-content\/uploads\/2024\/11\/printed-will-and-testament-on-parchment-paper-2024-10-17-18-10-22-utc-300x199.jpg 300w, https:\/\/costablanca-magazin.com\/wp-content\/uploads\/2024\/11\/printed-will-and-testament-on-parchment-paper-2024-10-17-18-10-22-utc-1024x679.jpg 1024w, https:\/\/costablanca-magazin.com\/wp-content\/uploads\/2024\/11\/printed-will-and-testament-on-parchment-paper-2024-10-17-18-10-22-utc-768x509.jpg 768w, https:\/\/costablanca-magazin.com\/wp-content\/uploads\/2024\/11\/printed-will-and-testament-on-parchment-paper-2024-10-17-18-10-22-utc-1536x1019.jpg 1536w, https:\/\/costablanca-magazin.com\/wp-content\/uploads\/2024\/11\/printed-will-and-testament-on-parchment-paper-2024-10-17-18-10-22-utc-2048x1358.jpg 2048w\" sizes=\"(max-width: 300px) 100vw, 300px\" \/><\/div><\/a>\n\t\t\t\t<div class=\"elementor-post__badge\">Beroep &amp; financi\u00ebn<\/div>\n\t\t\t\t<div class=\"elementor-post__text\">\n\t\t\t\t<h2 class=\"elementor-post__title\">\n\t\t\t<a href=\"https:\/\/costablanca-magazin.com\/nl\/residenten\/beruf-finanzen\/expertentipps-lotta-hilgers-erben-in-spanien\/\" >\n\t\t\t\tExpert tips Lotta Hilgers - Erfgenamen in Spanje\t\t\t<\/a>\n\t\t<\/h2>\n\t\t\t\t<div class=\"elementor-post__excerpt\">\n\t\t\t<p>Experttips: Erven in Spanje CBM Interview met advocaat Lotta Hilgers - Wat bewoners moeten weten over erfrecht in Spanje De Costa Blanca trekt niet alleen vakantiegangers aan, maar ook vastgoedbezitters uit het buitenland. Maar wat gebeurt er bij een erfenis? Advocaat Lotta Hilgers legt de bijzonderheden van het Spaanse erfrecht uit in een exclusief CBM-interview.<\/p>\n\t\t<\/div>\n\t\t\n\t\t<a class=\"elementor-post__read-more\" href=\"https:\/\/costablanca-magazin.com\/nl\/residenten\/beruf-finanzen\/expertentipps-lotta-hilgers-erben-in-spanien\/\" aria-label=\"Read more about Expertentipps Lotta Hilgers &#8211; Erben in Spanien\" tabindex=\"-1\" >\n\t\t\tLees meer \u00bb\t\t<\/a>\n\n\t\t\t\t<\/div>\n\t\t\t\t\t<\/div>\n\t\t<\/article>\n\t\t\t\t<article class=\"elementor-post elementor-grid-item post-258 post type-post status-publish format-standard has-post-thumbnail hentry category-beruf-finanzen tag-autonomo-spanien tag-selbstoendigkeit-costablanca\" role=\"listitem\">\n\t\t\t<div class=\"elementor-post__card\">\n\t\t\t\t<a class=\"elementor-post__thumbnail__link\" href=\"https:\/\/costablanca-magazin.com\/nl\/residenten\/beruf-finanzen\/selbstaendigkeit-an-der-costa-blanca\/\" tabindex=\"-1\" ><div class=\"elementor-post__thumbnail\"><img loading=\"lazy\" decoding=\"async\" width=\"300\" height=\"200\" src=\"https:\/\/costablanca-magazin.com\/wp-content\/uploads\/2024\/06\/selbstandigkeit-300x200.jpg\" class=\"attachment-medium size-medium wp-image-259\" alt=\"Wonen en werken aan de Costa Blanca 1\" srcset=\"https:\/\/costablanca-magazin.com\/wp-content\/uploads\/2024\/06\/selbstandigkeit-300x200.jpg 300w, https:\/\/costablanca-magazin.com\/wp-content\/uploads\/2024\/06\/selbstandigkeit.jpg 768w\" sizes=\"(max-width: 300px) 100vw, 300px\" \/><\/div><\/a>\n\t\t\t\t<div class=\"elementor-post__badge\">Beroep &amp; financi\u00ebn<\/div>\n\t\t\t\t<div class=\"elementor-post__text\">\n\t\t\t\t<h2 class=\"elementor-post__title\">\n\t\t\t<a href=\"https:\/\/costablanca-magazin.com\/nl\/residenten\/beruf-finanzen\/selbstaendigkeit-an-der-costa-blanca\/\" >\n\t\t\t\tZelfstandig ondernemerschap aan de Costa Blanca\t\t\t<\/a>\n\t\t<\/h2>\n\t\t\t\t<div class=\"elementor-post__excerpt\">\n\t\t\t<p>Zelfstandig ondernemerschap in Spanje: Juridische grondslagen, bescherming en waar je rekening mee moet houden Zelfstandig ondernemerschap in Spanje en aan de Costa Blanca biedt veel mogelijkheden, maar vereist een goed begrip van de juridische grondslagen en sociale zekerheid. Het is ook belangrijk om je rechten en plichten ten opzichte van je klanten te kennen. Wettelijke basis in Spanje<\/p>\n\t\t<\/div>\n\t\t\n\t\t<a class=\"elementor-post__read-more\" href=\"https:\/\/costablanca-magazin.com\/nl\/residenten\/beruf-finanzen\/selbstaendigkeit-an-der-costa-blanca\/\" aria-label=\"Read more about Selbst\u00e4ndigkeit an der Costa-Blanca\" tabindex=\"-1\" >\n\t\t\tLees meer \u00bb\t\t<\/a>\n\n\t\t\t\t<\/div>\n\t\t\t\t\t<\/div>\n\t\t<\/article>\n\t\t\t\t<article class=\"elementor-post elementor-grid-item post-252 post type-post status-publish format-standard has-post-thumbnail hentry category-beruf-finanzen tag-arbeiten tag-costa-blanca\" role=\"listitem\">\n\t\t\t<div class=\"elementor-post__card\">\n\t\t\t\t<a class=\"elementor-post__thumbnail__link\" href=\"https:\/\/costablanca-magazin.com\/nl\/residenten\/beruf-finanzen\/arbeiten-an-der-costa-blanca\/\" tabindex=\"-1\" ><div class=\"elementor-post__thumbnail\"><img loading=\"lazy\" decoding=\"async\" width=\"300\" height=\"200\" src=\"https:\/\/costablanca-magazin.com\/wp-content\/uploads\/2024\/06\/arbeiten-300x200.jpg\" class=\"attachment-medium size-medium wp-image-253\" alt=\"Arbeidscontracten en werken aan de Costa Blanca\" srcset=\"https:\/\/costablanca-magazin.com\/wp-content\/uploads\/2024\/06\/arbeiten-300x200.jpg 300w, https:\/\/costablanca-magazin.com\/wp-content\/uploads\/2024\/06\/arbeiten.jpg 768w\" sizes=\"(max-width: 300px) 100vw, 300px\" \/><\/div><\/a>\n\t\t\t\t<div class=\"elementor-post__badge\">Beroep &amp; financi\u00ebn<\/div>\n\t\t\t\t<div class=\"elementor-post__text\">\n\t\t\t\t<h2 class=\"elementor-post__title\">\n\t\t\t<a href=\"https:\/\/costablanca-magazin.com\/nl\/residenten\/beruf-finanzen\/arbeiten-an-der-costa-blanca\/\" >\n\t\t\t\tWerken aan de Costa Blanca\t\t\t<\/a>\n\t\t<\/h2>\n\t\t\t\t<div class=\"elementor-post__excerpt\">\n\t\t\t<p>Verschillen en speciale kenmerken voor werknemers in Spanje en Duitsland De arbeidswetgeving in Spanje en Duitsland verschilt aanzienlijk op het gebied van contractenrecht, belastingen en werknemersrechten. Beide landen hebben echter een strenge arbeidswetgeving om werknemers te beschermen en eerlijke arbeidsomstandigheden te garanderen. Contractrecht in Duitsland<\/p>\n\t\t<\/div>\n\t\t\n\t\t<a class=\"elementor-post__read-more\" href=\"https:\/\/costablanca-magazin.com\/nl\/residenten\/beruf-finanzen\/arbeiten-an-der-costa-blanca\/\" aria-label=\"Read more about Arbeiten an der Costa-Blanca\" tabindex=\"-1\" >\n\t\t\tLees meer \u00bb\t\t<\/a>\n\n\t\t\t\t<\/div>\n\t\t\t\t\t<\/div>\n\t\t<\/article>\n\t\t\t\t<\/div>\n\t\t\n\t\t\t\t\t\t<\/div>\n\t\t\t\t<\/div>\n\t\t\t\t\t<\/div>\n\t\t\t\t<\/div>\n\t\t\t\t<\/div>","protected":false},"excerpt":{"rendered":"<p>Als Residenten in Medizin und Verwaltung lernen wir schnell, wie wichtig und Teamarbeit und f\u00fcr Zeitmanagement sind, w\u00e4hrend Auswanderer Budgetplanung und an Versicherungsfragen unseren Alltag pr\u00e4gen und der Weiterbildung sowie Costa Work-Life-Balance stets im Blick bleiben, um Blanca langfristig beruflich und finanziell stabil zu bleiben. Residenten &#8211; Beruf &amp; Finanzen<\/p>","protected":false},"author":1,"featured_media":0,"parent":0,"menu_order":0,"comment_status":"closed","ping_status":"closed","template":"elementor_header_footer","meta":{"footnotes":""},"class_list":["post-4604","page","type-page","status-publish","hentry"],"aioseo_notices":[],"_links":{"self":[{"href":"https:\/\/costablanca-magazin.com\/nl\/wp-json\/wp\/v2\/pages\/4604","targetHints":{"allow":["GET"]}}],"collection":[{"href":"https:\/\/costablanca-magazin.com\/nl\/wp-json\/wp\/v2\/pages"}],"about":[{"href":"https:\/\/costablanca-magazin.com\/nl\/wp-json\/wp\/v2\/types\/page"}],"author":[{"embeddable":true,"href":"https:\/\/costablanca-magazin.com\/nl\/wp-json\/wp\/v2\/users\/1"}],"replies":[{"embeddable":true,"href":"https:\/\/costablanca-magazin.com\/nl\/wp-json\/wp\/v2\/comments?post=4604"}],"version-history":[{"count":21,"href":"https:\/\/costablanca-magazin.com\/nl\/wp-json\/wp\/v2\/pages\/4604\/revisions"}],"predecessor-version":[{"id":10374,"href":"https:\/\/costablanca-magazin.com\/nl\/wp-json\/wp\/v2\/pages\/4604\/revisions\/10374"}],"wp:attachment":[{"href":"https:\/\/costablanca-magazin.com\/nl\/wp-json\/wp\/v2\/media?parent=4604"}],"curies":[{"name":"wp","href":"https:\/\/api.w.org\/{rel}","templated":true}]}}