{"id":4570,"date":"2025-01-21T09:10:00","date_gmt":"2025-01-21T08:10:00","guid":{"rendered":"https:\/\/costablanca-magazin.com\/?page_id=4570"},"modified":"2026-02-11T11:53:08","modified_gmt":"2026-02-11T10:53:08","slug":"stranden-baaien","status":"publish","type":"page","link":"https:\/\/costablanca-magazin.com\/nl\/straende-buchten\/","title":{"rendered":"Stranden en baaien"},"content":{"rendered":"<div data-elementor-type=\"wp-page\" data-elementor-id=\"4570\" class=\"elementor elementor-4570\" data-elementor-post-type=\"page\">\n\t\t\t\t<div class=\"elementor-element elementor-element-1ad31c1 e-flex e-con-boxed e-con e-parent\" data-id=\"1ad31c1\" data-element_type=\"container\" data-e-type=\"container\">\n\t\t\t\t\t<div class=\"e-con-inner\">\n\t\t\t\t<div class=\"elementor-element elementor-element-f3ffdb6 elementor-widget elementor-widget-heading\" data-id=\"f3ffdb6\" data-element_type=\"widget\" data-e-type=\"widget\" data-widget_type=\"heading.default\">\n\t\t\t\t<div class=\"elementor-widget-container\">\n\t\t\t\t\t<h1 class=\"elementor-heading-title elementor-size-default\">Vrije tijd - Stranden en baaien<\/h1>\t\t\t\t<\/div>\n\t\t\t\t<\/div>\n\t\t\t\t\t<\/div>\n\t\t\t\t<\/div>\n\t\t<div class=\"elementor-element elementor-element-93b8cb5 e-flex e-con-boxed e-con e-parent\" data-id=\"93b8cb5\" data-element_type=\"container\" data-e-type=\"container\">\n\t\t\t\t\t<div class=\"e-con-inner\">\n\t\t\t\t<div class=\"elementor-element elementor-element-2a945b9 elementor-grid-3 elementor-grid-tablet-2 elementor-grid-mobile-1 elementor-posts--thumbnail-top elementor-card-shadow-yes elementor-posts__hover-gradient elementor-widget elementor-widget-posts\" data-id=\"2a945b9\" data-element_type=\"widget\" data-e-type=\"widget\" data-settings=\"{&quot;pagination_type&quot;:&quot;numbers&quot;,&quot;cards_columns&quot;:&quot;3&quot;,&quot;cards_columns_tablet&quot;:&quot;2&quot;,&quot;cards_columns_mobile&quot;:&quot;1&quot;,&quot;cards_row_gap&quot;:{&quot;unit&quot;:&quot;px&quot;,&quot;size&quot;:35,&quot;sizes&quot;:[]},&quot;cards_row_gap_tablet&quot;:{&quot;unit&quot;:&quot;px&quot;,&quot;size&quot;:&quot;&quot;,&quot;sizes&quot;:[]},&quot;cards_row_gap_mobile&quot;:{&quot;unit&quot;:&quot;px&quot;,&quot;size&quot;:&quot;&quot;,&quot;sizes&quot;:[]}}\" data-widget_type=\"posts.cards\">\n\t\t\t\t<div class=\"elementor-widget-container\">\n\t\t\t\t\t\t\t<div class=\"elementor-posts-container elementor-posts elementor-posts--skin-cards elementor-grid\" role=\"list\">\n\t\t\t\t<article class=\"elementor-post elementor-grid-item post-7827 post type-post status-publish format-standard has-post-thumbnail hentry category-straende-buchten tag-blaue-flagge-costa-blanca tag-liste-der-straende-mit-blauer-flagge-an-der-costa-blanca tag-straende-mit-bester-wasserqualitaet tag-straende-und-buchten\" role=\"listitem\">\n\t\t\t<div class=\"elementor-post__card\">\n\t\t\t\t<a class=\"elementor-post__thumbnail__link\" href=\"https:\/\/costablanca-magazin.com\/nl\/freizeit\/straende-buchten\/costa-blanca-straende-2025-mit-blauer-flagge\/\" tabindex=\"-1\" ><div class=\"elementor-post__thumbnail\"><img fetchpriority=\"high\" decoding=\"async\" width=\"300\" height=\"198\" src=\"https:\/\/costablanca-magazin.com\/wp-content\/uploads\/2025\/06\/bathing-area-2881973-300x198.jpg\" class=\"attachment-medium size-medium wp-image-7828\" alt=\"Blauwe claim \u2013 Deze stranden zullen in 2025 de Blauwe Vlag dragen\" srcset=\"https:\/\/costablanca-magazin.com\/wp-content\/uploads\/2025\/06\/bathing-area-2881973-300x198.jpg 300w, https:\/\/costablanca-magazin.com\/wp-content\/uploads\/2025\/06\/bathing-area-2881973-1024x674.jpg 1024w, https:\/\/costablanca-magazin.com\/wp-content\/uploads\/2025\/06\/bathing-area-2881973-768x506.jpg 768w, https:\/\/costablanca-magazin.com\/wp-content\/uploads\/2025\/06\/bathing-area-2881973-1536x1012.jpg 1536w, https:\/\/costablanca-magazin.com\/wp-content\/uploads\/2025\/06\/bathing-area-2881973-2048x1349.jpg 2048w\" sizes=\"(max-width: 300px) 100vw, 300px\" \/><\/div><\/a>\n\t\t\t\t<div class=\"elementor-post__badge\">Stranden en baaien<\/div>\n\t\t\t\t<div class=\"elementor-post__text\">\n\t\t\t\t<h2 class=\"elementor-post__title\">\n\t\t\t<a href=\"https:\/\/costablanca-magazin.com\/nl\/freizeit\/straende-buchten\/costa-blanca-straende-2025-mit-blauer-flagge\/\" >\n\t\t\t\tDeze stranden zullen in 2025 de Blauwe Vlag-Costablanca dragen\t\t\t<\/a>\n\t\t<\/h2>\n\t\t\t\t<\/div>\n\t\t\t\t\t<\/div>\n\t\t<\/article>\n\t\t\t\t<article class=\"elementor-post elementor-grid-item post-7817 post type-post status-publish format-standard has-post-thumbnail hentry category-straende-buchten tag-barrierefreie-straende tag-barrierefreier-zugang tag-behindertenfreundlicher-badeurlaub tag-behindertengerechte-einrichtungen tag-benidorm tag-cala-de-finestrat tag-calpe tag-costa-blanca-2 tag-denia tag-javea tag-playa-de-la-fossa tag-playa-de-poniente tag-playa-del-arenal tag-playa-las-marinas tag-playa-les-marines tag-playa-raco-del-albir\" role=\"listitem\">\n\t\t\t<div class=\"elementor-post__card\">\n\t\t\t\t<a class=\"elementor-post__thumbnail__link\" href=\"https:\/\/costablanca-magazin.com\/nl\/freizeit\/straende-buchten\/behindertengerechte-straende-an-der-costa-blanca\/\" tabindex=\"-1\" ><div class=\"elementor-post__thumbnail\"><img decoding=\"async\" width=\"300\" height=\"147\" src=\"https:\/\/costablanca-magazin.com\/wp-content\/uploads\/2025\/06\/outdoor-activity-travel-by-wheelchair-with-diverse-2025-01-09-08-18-39-utc-e1750595327138-300x147.jpg\" class=\"attachment-medium size-medium wp-image-7818\" alt=\"Zonder obstakels de zee in\" srcset=\"https:\/\/costablanca-magazin.com\/wp-content\/uploads\/2025\/06\/outdoor-activity-travel-by-wheelchair-with-diverse-2025-01-09-08-18-39-utc-e1750595327138-300x147.jpg 300w, https:\/\/costablanca-magazin.com\/wp-content\/uploads\/2025\/06\/outdoor-activity-travel-by-wheelchair-with-diverse-2025-01-09-08-18-39-utc-e1750595327138-1024x500.jpg 1024w, https:\/\/costablanca-magazin.com\/wp-content\/uploads\/2025\/06\/outdoor-activity-travel-by-wheelchair-with-diverse-2025-01-09-08-18-39-utc-e1750595327138-768x375.jpg 768w, https:\/\/costablanca-magazin.com\/wp-content\/uploads\/2025\/06\/outdoor-activity-travel-by-wheelchair-with-diverse-2025-01-09-08-18-39-utc-e1750595327138.jpg 1200w\" sizes=\"(max-width: 300px) 100vw, 300px\" \/><\/div><\/a>\n\t\t\t\t<div class=\"elementor-post__badge\">Stranden en baaien<\/div>\n\t\t\t\t<div class=\"elementor-post__text\">\n\t\t\t\t<h2 class=\"elementor-post__title\">\n\t\t\t<a href=\"https:\/\/costablanca-magazin.com\/nl\/freizeit\/straende-buchten\/behindertengerechte-straende-an-der-costa-blanca\/\" >\n\t\t\t\tZonder drempels de zee in aan de Costa Blanca\t\t\t<\/a>\n\t\t<\/h2>\n\t\t\t\t<\/div>\n\t\t\t\t\t<\/div>\n\t\t<\/article>\n\t\t\t\t<article class=\"elementor-post elementor-grid-item post-7804 post type-post status-publish format-standard has-post-thumbnail hentry category-straende-buchten tag-benidorm tag-calpe tag-costa-blanca-2 tag-denia tag-javea tag-playa-centro tag-playa-de-la-fossa tag-playa-de-poniente tag-playa-del-arenal tag-playa-las-marinas\" role=\"listitem\">\n\t\t\t<div class=\"elementor-post__card\">\n\t\t\t\t<a class=\"elementor-post__thumbnail__link\" href=\"https:\/\/costablanca-magazin.com\/nl\/freizeit\/straende-buchten\/fuenf-kinderfreundliche-straende-an-der-costa-blanca\/\" tabindex=\"-1\" ><div class=\"elementor-post__thumbnail\"><img decoding=\"async\" width=\"300\" height=\"160\" src=\"https:\/\/costablanca-magazin.com\/wp-content\/uploads\/2025\/06\/amazing-day-at-the-beach-with-the-family-2025-04-06-11-15-36-utc-e1750593539788-300x160.jpg\" class=\"attachment-medium size-medium wp-image-7806\" alt=\"De vijf meest kindvriendelijke stranden van de Costa Blanca\" srcset=\"https:\/\/costablanca-magazin.com\/wp-content\/uploads\/2025\/06\/amazing-day-at-the-beach-with-the-family-2025-04-06-11-15-36-utc-e1750593539788-300x160.jpg 300w, https:\/\/costablanca-magazin.com\/wp-content\/uploads\/2025\/06\/amazing-day-at-the-beach-with-the-family-2025-04-06-11-15-36-utc-e1750593539788-1024x544.jpg 1024w, https:\/\/costablanca-magazin.com\/wp-content\/uploads\/2025\/06\/amazing-day-at-the-beach-with-the-family-2025-04-06-11-15-36-utc-e1750593539788-768x408.jpg 768w, https:\/\/costablanca-magazin.com\/wp-content\/uploads\/2025\/06\/amazing-day-at-the-beach-with-the-family-2025-04-06-11-15-36-utc-e1750593539788.jpg 1200w\" sizes=\"(max-width: 300px) 100vw, 300px\" \/><\/div><\/a>\n\t\t\t\t<div class=\"elementor-post__badge\">Stranden en baaien<\/div>\n\t\t\t\t<div class=\"elementor-post__text\">\n\t\t\t\t<h2 class=\"elementor-post__title\">\n\t\t\t<a href=\"https:\/\/costablanca-magazin.com\/nl\/freizeit\/straende-buchten\/fuenf-kinderfreundliche-straende-an-der-costa-blanca\/\" >\n\t\t\t\tVijf van de meest kindvriendelijke stranden aan de Costa Blanca\t\t\t<\/a>\n\t\t<\/h2>\n\t\t\t\t<\/div>\n\t\t\t\t\t<\/div>\n\t\t<\/article>\n\t\t\t\t<article class=\"elementor-post elementor-grid-item post-7788 post type-post status-publish format-standard has-post-thumbnail hentry category-straende-buchten tag-altea tag-benidorm tag-calpe tag-costa-blanca-2 tag-denia tag-villajoyosa\" role=\"listitem\">\n\t\t\t<div class=\"elementor-post__card\">\n\t\t\t\t<a class=\"elementor-post__thumbnail__link\" href=\"https:\/\/costablanca-magazin.com\/nl\/freizeit\/straende-buchten\/straende-costa-blanca\/\" tabindex=\"-1\" ><div class=\"elementor-post__thumbnail\"><img loading=\"lazy\" decoding=\"async\" width=\"300\" height=\"225\" src=\"https:\/\/costablanca-magazin.com\/wp-content\/uploads\/2025\/06\/Calpe-Strand-2-300x225.jpg\" class=\"attachment-medium size-medium wp-image-7789\" alt=\"Stranden tussen dagelijkse routine en vrije tijd - Calp 1\" srcset=\"https:\/\/costablanca-magazin.com\/wp-content\/uploads\/2025\/06\/Calpe-Strand-2-300x225.jpg 300w, https:\/\/costablanca-magazin.com\/wp-content\/uploads\/2025\/06\/Calpe-Strand-2-1024x768.jpg 1024w, https:\/\/costablanca-magazin.com\/wp-content\/uploads\/2025\/06\/Calpe-Strand-2-768x576.jpg 768w, https:\/\/costablanca-magazin.com\/wp-content\/uploads\/2025\/06\/Calpe-Strand-2.jpg 1200w\" sizes=\"(max-width: 300px) 100vw, 300px\" \/><\/div><\/a>\n\t\t\t\t<div class=\"elementor-post__badge\">Stranden en baaien<\/div>\n\t\t\t\t<div class=\"elementor-post__text\">\n\t\t\t\t<h2 class=\"elementor-post__title\">\n\t\t\t<a href=\"https:\/\/costablanca-magazin.com\/nl\/freizeit\/straende-buchten\/straende-costa-blanca\/\" >\n\t\t\t\tStranden tussen het dagelijks leven en een time-out\t\t\t<\/a>\n\t\t<\/h2>\n\t\t\t\t<\/div>\n\t\t\t\t\t<\/div>\n\t\t<\/article>\n\t\t\t\t<article class=\"elementor-post elementor-grid-item post-7782 post type-post status-publish format-standard has-post-thumbnail hentry category-straende-buchten tag-barrierefreiheit tag-blaue-flagge tag-buchten tag-costa-blanca-2 tag-familienstraende tag-geheimtipps\" role=\"listitem\">\n\t\t\t<div class=\"elementor-post__card\">\n\t\t\t\t<a class=\"elementor-post__thumbnail__link\" href=\"https:\/\/costablanca-magazin.com\/nl\/freizeit\/straende-buchten\/straende-und-buchten-costa-blanca\/\" tabindex=\"-1\" ><div class=\"elementor-post__thumbnail\"><img loading=\"lazy\" decoding=\"async\" width=\"300\" height=\"142\" src=\"https:\/\/costablanca-magazin.com\/wp-content\/uploads\/2025\/06\/Costablana-magazin-Villajoyossa-16-300x142.jpg\" class=\"attachment-medium size-medium wp-image-7784\" alt=\"Kustlijn met karakter \u2013 stranden en baaien van D\u00e9nia tot Villajoyosa\" srcset=\"https:\/\/costablanca-magazin.com\/wp-content\/uploads\/2025\/06\/Costablana-magazin-Villajoyossa-16-300x142.jpg 300w, https:\/\/costablanca-magazin.com\/wp-content\/uploads\/2025\/06\/Costablana-magazin-Villajoyossa-16-1024x485.jpg 1024w, https:\/\/costablanca-magazin.com\/wp-content\/uploads\/2025\/06\/Costablana-magazin-Villajoyossa-16-768x364.jpg 768w, https:\/\/costablanca-magazin.com\/wp-content\/uploads\/2025\/06\/Costablana-magazin-Villajoyossa-16.jpg 1200w\" sizes=\"(max-width: 300px) 100vw, 300px\" \/><\/div><\/a>\n\t\t\t\t<div class=\"elementor-post__badge\">Stranden en baaien<\/div>\n\t\t\t\t<div class=\"elementor-post__text\">\n\t\t\t\t<h2 class=\"elementor-post__title\">\n\t\t\t<a href=\"https:\/\/costablanca-magazin.com\/nl\/freizeit\/straende-buchten\/straende-und-buchten-costa-blanca\/\" >\n\t\t\t\tStranden en baaien met karakter aan de Costa Blanca\t\t\t<\/a>\n\t\t<\/h2>\n\t\t\t\t<\/div>\n\t\t\t\t\t<\/div>\n\t\t<\/article>\n\t\t\t\t<article class=\"elementor-post elementor-grid-item post-5834 post type-post status-publish format-standard has-post-thumbnail hentry category-infos category-straende-buchten tag-benidorm tag-bussgeld-fuer-rauchen-an-straenden tag-rauch-verbot-straende-costa-blanca tag-straende-costa-blanca-2\" role=\"listitem\">\n\t\t\t<div class=\"elementor-post__card\">\n\t\t\t\t<a class=\"elementor-post__thumbnail__link\" href=\"https:\/\/costablanca-magazin.com\/nl\/lokales\/infos\/straende-an-der-costa-blanca-wo-rauchen-strikt-verboten-ist\/\" tabindex=\"-1\" ><div class=\"elementor-post__thumbnail\"><img loading=\"lazy\" decoding=\"async\" width=\"300\" height=\"161\" src=\"https:\/\/costablanca-magazin.com\/wp-content\/uploads\/2025\/04\/mediterranean-beach-mountain-penyal-d-ifach-calp-2024-12-15-19-01-56-utc-300x161.jpg\" class=\"attachment-medium size-medium wp-image-5839\" alt=\"Stranden zonder \u201eblauwe rook\u201c \u2013 Waar roken ten strengste verboden is 2\" srcset=\"https:\/\/costablanca-magazin.com\/wp-content\/uploads\/2025\/04\/mediterranean-beach-mountain-penyal-d-ifach-calp-2024-12-15-19-01-56-utc-300x161.jpg 300w, https:\/\/costablanca-magazin.com\/wp-content\/uploads\/2025\/04\/mediterranean-beach-mountain-penyal-d-ifach-calp-2024-12-15-19-01-56-utc-1024x549.jpg 1024w, https:\/\/costablanca-magazin.com\/wp-content\/uploads\/2025\/04\/mediterranean-beach-mountain-penyal-d-ifach-calp-2024-12-15-19-01-56-utc-768x412.jpg 768w, https:\/\/costablanca-magazin.com\/wp-content\/uploads\/2025\/04\/mediterranean-beach-mountain-penyal-d-ifach-calp-2024-12-15-19-01-56-utc-1536x824.jpg 1536w, https:\/\/costablanca-magazin.com\/wp-content\/uploads\/2025\/04\/mediterranean-beach-mountain-penyal-d-ifach-calp-2024-12-15-19-01-56-utc-2048x1099.jpg 2048w\" sizes=\"(max-width: 300px) 100vw, 300px\" \/><\/div><\/a>\n\t\t\t\t<div class=\"elementor-post__badge\">Info<\/div>\n\t\t\t\t<div class=\"elementor-post__text\">\n\t\t\t\t<h2 class=\"elementor-post__title\">\n\t\t\t<a href=\"https:\/\/costablanca-magazin.com\/nl\/lokales\/infos\/straende-an-der-costa-blanca-wo-rauchen-strikt-verboten-ist\/\" >\n\t\t\t\tStranden aan de Costa Blanca waar roken ten strengste verboden is\t\t\t<\/a>\n\t\t<\/h2>\n\t\t\t\t<\/div>\n\t\t\t\t\t<\/div>\n\t\t<\/article>\n\t\t\t\t<\/div>\n\t\t\n\t\t\t\t<div class=\"e-load-more-anchor\" data-page=\"1\" data-max-page=\"2\" data-next-page=\"https:\/\/costablanca-magazin.com\/nl\/wp-json\/wp\/v2\/pages\/4570\/page\/2\/\"><\/div>\n\t\t\t\t<nav class=\"elementor-pagination\" aria-label=\"Pagination\">\n\t\t\t<span aria-current=\"page\" class=\"page-numbers current\"><span class=\"elementor-screen-only\">Pagina<\/span>1<\/span>\n<a class=\"page-numbers\" href=\"https:\/\/costablanca-magazin.com\/nl\/wp-json\/wp\/v2\/pages\/4570\/page\/2\/\"><span class=\"elementor-screen-only\">Pagina<\/span>2<\/a>\t\t<\/nav>\n\t\t\t\t\t\t<\/div>\n\t\t\t\t<\/div>\n\t\t\t\t\t<\/div>\n\t\t\t\t<\/div>\n\t\t\t\t<\/div>","protected":false},"excerpt":{"rendered":"<p>Bei unseren Ausfl\u00fcgen zu versteckten Buchten und und lebhaften Str\u00e4nden an entdecken Sie Ruhe, Wasseraktivit\u00e4ten der und lokale Caf\u00e9s Costa zugleich, sodass jeder Tag neue Eindr\u00fccke Blanca und entspannte Stunden K\u00fcstenvielfalt bringt. Freizeit &#8211; Str\u00e4nde &amp; Buchten<\/p>","protected":false},"author":1,"featured_media":0,"parent":0,"menu_order":0,"comment_status":"closed","ping_status":"closed","template":"elementor_header_footer","meta":{"footnotes":""},"class_list":["post-4570","page","type-page","status-publish","hentry"],"aioseo_notices":[],"_links":{"self":[{"href":"https:\/\/costablanca-magazin.com\/nl\/wp-json\/wp\/v2\/pages\/4570","targetHints":{"allow":["GET"]}}],"collection":[{"href":"https:\/\/costablanca-magazin.com\/nl\/wp-json\/wp\/v2\/pages"}],"about":[{"href":"https:\/\/costablanca-magazin.com\/nl\/wp-json\/wp\/v2\/types\/page"}],"author":[{"embeddable":true,"href":"https:\/\/costablanca-magazin.com\/nl\/wp-json\/wp\/v2\/users\/1"}],"replies":[{"embeddable":true,"href":"https:\/\/costablanca-magazin.com\/nl\/wp-json\/wp\/v2\/comments?post=4570"}],"version-history":[{"count":20,"href":"https:\/\/costablanca-magazin.com\/nl\/wp-json\/wp\/v2\/pages\/4570\/revisions"}],"predecessor-version":[{"id":10370,"href":"https:\/\/costablanca-magazin.com\/nl\/wp-json\/wp\/v2\/pages\/4570\/revisions\/10370"}],"wp:attachment":[{"href":"https:\/\/costablanca-magazin.com\/nl\/wp-json\/wp\/v2\/media?parent=4570"}],"curies":[{"name":"wp","href":"https:\/\/api.w.org\/{rel}","templated":true}]}}