{"id":1861,"date":"2024-08-31T12:18:47","date_gmt":"2024-08-31T10:18:47","guid":{"rendered":"https:\/\/costablanca-magazin.com\/?page_id=1861"},"modified":"2026-03-16T11:49:12","modified_gmt":"2026-03-16T10:49:12","slug":"mediagegevens","status":"publish","type":"page","link":"https:\/\/costablanca-magazin.com\/nl\/mediadaten\/","title":{"rendered":"Mediagegevens"},"content":{"rendered":"<div data-elementor-type=\"wp-page\" data-elementor-id=\"1861\" class=\"elementor elementor-1861\" data-elementor-post-type=\"page\">\n\t\t\t\t<div class=\"elementor-element elementor-element-b66e363 e-flex e-con-boxed e-con e-parent\" data-id=\"b66e363\" data-element_type=\"container\" data-e-type=\"container\">\n\t\t\t\t\t<div class=\"e-con-inner\">\n\t\t\t\t<div class=\"elementor-element elementor-element-e203eb8 elementor-widget elementor-widget-heading\" data-id=\"e203eb8\" data-element_type=\"widget\" data-e-type=\"widget\" data-widget_type=\"heading.default\">\n\t\t\t\t<div class=\"elementor-widget-container\">\n\t\t\t\t\t<h1 class=\"elementor-heading-title elementor-size-default\">Mediagegevens &amp; advertenties - Uw advertentie in Costablanca Magazine<\/h1>\t\t\t\t<\/div>\n\t\t\t\t<\/div>\n\t\t\t\t<div class=\"elementor-element elementor-element-d1cc514 elementor-widget elementor-widget-text-editor\" data-id=\"d1cc514\" data-element_type=\"widget\" data-e-type=\"widget\" data-widget_type=\"text-editor.default\">\n\t\t\t\t<div class=\"elementor-widget-container\">\n\t\t\t\t\t\t\t\t\t<p data-start=\"248\" data-end=\"441\">De <strong data-start=\"252\" data-end=\"293\">Gedrukte editie van Costablanca Magazine<\/strong> bereikt een doelgericht, kwaliteitsbewust lezerspubliek van <strong data-start=\"352\" data-end=\"438\">Besluitvormers, industrie-experts, inwoners en premium samenwerkingspartners<\/strong>.<\/p>\n<p class=\"aih1words\">Presenteer uw merk in Costablanca Magazine en bereik besluitvormers, bewoners en experts uit de sector met hoge zichtbaarheid en relevante mediagegevens.<\/p>\n\n<!-- ai-h1words -->\n<p>Met een advertentie in Costablanca Magazine kunt u beslissers en inwoners gericht bereiken, mediagegevens Uw boodschap wordt effectief geplaatst en bereikt een hoge zichtbaarheid bij een kwaliteitsbewust lezerspubliek, prijzen zodat bereik en relevantie optimaal samenwerken, overzicht zonder verspilling.<\/p>\n<!-- \/ai-h1words -->\n\n<p data-start=\"443\" data-end=\"619\">Of het nu gaat om onroerend goed, diensten, retail of lifestyle - met een advertentie in Costablanca Magazine bereikt u uw doelgroep. <strong data-start=\"568\" data-end=\"615\">Direct, effectief en zonder verspilling<\/strong> naar.<\/p><p data-start=\"621\" data-end=\"690\">In onze <strong data-start=\"632\" data-end=\"656\">actuele mediagegevens<\/strong> vind je alle informatie over:<\/p><ul data-start=\"692\" data-end=\"816\"><li data-start=\"692\" data-end=\"728\"><p data-start=\"694\" data-end=\"728\">Advertentie-indelingen en -plaatsingen<\/p><\/li><li data-start=\"729\" data-end=\"757\"><p data-start=\"731\" data-end=\"757\">Bereik &amp; lezerspubliek<\/p><\/li><li data-start=\"758\" data-end=\"816\"><p data-start=\"760\" data-end=\"816\">Prijzen, boekingsdeadlines &amp; technische specificaties<\/p><\/li><\/ul><p data-start=\"818\" data-end=\"963\">Profiteer van de grote zichtbaarheid en relevantie van ons magazine om je bedrijf te promoten. <strong data-start=\"890\" data-end=\"939\">Je reclameboodschap succesvol onder de aandacht brengen<\/strong> - gedrukt en digitaal.<\/p>\t\t\t\t\t\t\t\t<\/div>\n\t\t\t\t<\/div>\n\t\t\t\t\t<\/div>\n\t\t\t\t<\/div>\n\t\t<div class=\"elementor-element elementor-element-a973955 e-flex e-con-boxed e-con e-parent\" data-id=\"a973955\" data-element_type=\"container\" data-e-type=\"container\">\n\t\t\t\t\t<div class=\"e-con-inner\">\n\t\t<div class=\"elementor-element elementor-element-de95c11 e-con-full e-flex e-con e-child\" data-id=\"de95c11\" data-element_type=\"container\" data-e-type=\"container\">\n\t\t\t\t<\/div>\n\t\t<div class=\"elementor-element elementor-element-c8bdcf0 e-con-full e-flex e-con e-child\" data-id=\"c8bdcf0\" data-element_type=\"container\" data-e-type=\"container\">\n\t\t\t\t<div class=\"elementor-element elementor-element-1a23016 elementor-widget elementor-widget-image\" data-id=\"1a23016\" data-element_type=\"widget\" data-e-type=\"widget\" data-widget_type=\"image.default\">\n\t\t\t\t<div class=\"elementor-widget-container\">\n\t\t\t\t\t\t\t\t\t\t\t\t\t\t\t\t<a href=\"https:\/\/die-inselzeitung.com\/wp-content\/uploads\/2025\/04\/Mediadaten-Mediagroup-DE-04-25-1.pdf\" target=\"_blank\">\n\t\t\t\t\t\t\t<img fetchpriority=\"high\" decoding=\"async\" width=\"634\" height=\"885\" src=\"https:\/\/costablanca-magazin.com\/wp-content\/uploads\/2026\/03\/Mediadaten-Mediagroup-Balear-Titel-DE-1.png\" class=\"attachment-large size-large wp-image-11155\" alt=\"Mediagegevens Mediagroep Balear DE\" srcset=\"https:\/\/costablanca-magazin.com\/wp-content\/uploads\/2026\/03\/Mediadaten-Mediagroup-Balear-Titel-DE-1.png 634w, https:\/\/costablanca-magazin.com\/wp-content\/uploads\/2026\/03\/Mediadaten-Mediagroup-Balear-Titel-DE-1-215x300.png 215w, https:\/\/costablanca-magazin.com\/wp-content\/uploads\/2026\/03\/Mediadaten-Mediagroup-Balear-Titel-DE-1-9x12.png 9w\" sizes=\"(max-width: 634px) 100vw, 634px\" \/>\t\t\t\t\t\t\t\t<\/a>\n\t\t\t\t\t\t\t\t\t\t\t\t\t\t\t<\/div>\n\t\t\t\t<\/div>\n\t\t\t\t<div class=\"elementor-element elementor-element-c612f0b elementor-widget elementor-widget-heading\" data-id=\"c612f0b\" data-element_type=\"widget\" data-e-type=\"widget\" data-widget_type=\"heading.default\">\n\t\t\t\t<div class=\"elementor-widget-container\">\n\t\t\t\t\t<div class=\"elementor-heading-title elementor-size-default\">Mediagegevens Mediagroep Balear DE<\/div>\t\t\t\t<\/div>\n\t\t\t\t<\/div>\n\t\t\t\t<div class=\"elementor-element elementor-element-e3e0aa2 elementor-align-center elementor-widget elementor-widget-button\" data-id=\"e3e0aa2\" data-element_type=\"widget\" data-e-type=\"widget\" data-widget_type=\"button.default\">\n\t\t\t\t<div class=\"elementor-widget-container\">\n\t\t\t\t\t\t\t\t\t<div class=\"elementor-button-wrapper\">\n\t\t\t\t\t<a class=\"elementor-button elementor-button-link elementor-size-sm\" href=\"https:\/\/die-inselzeitung.com\/wp-content\/uploads\/2025\/04\/Mediadaten-Mediagroup-DE-04-25-1.pdf\" target=\"_blank\">\n\t\t\t\t\t\t<span class=\"elementor-button-content-wrapper\">\n\t\t\t\t\t\t\t\t\t<span class=\"elementor-button-text\">Open PDF<\/span>\n\t\t\t\t\t<\/span>\n\t\t\t\t\t<\/a>\n\t\t\t\t<\/div>\n\t\t\t\t\t\t\t\t<\/div>\n\t\t\t\t<\/div>\n\t\t\t\t<\/div>\n\t\t<div class=\"elementor-element elementor-element-7d3b1f2 e-con-full e-flex e-con e-child\" data-id=\"7d3b1f2\" data-element_type=\"container\" data-e-type=\"container\">\n\t\t\t\t<div class=\"elementor-element elementor-element-09c6c68 elementor-widget elementor-widget-image\" data-id=\"09c6c68\" data-element_type=\"widget\" data-e-type=\"widget\" data-widget_type=\"image.default\">\n\t\t\t\t<div class=\"elementor-widget-container\">\n\t\t\t\t\t\t\t\t\t\t\t\t\t\t\t<img decoding=\"async\" width=\"710\" height=\"883\" src=\"https:\/\/costablanca-magazin.com\/wp-content\/uploads\/2026\/03\/Mediadaten-Mediagroup-Balear-Titel-ES-1.png\" class=\"attachment-full size-full wp-image-11156\" alt=\"Mediagegevens Mediagroep Balear ES\" srcset=\"https:\/\/costablanca-magazin.com\/wp-content\/uploads\/2026\/03\/Mediadaten-Mediagroup-Balear-Titel-ES-1.png 710w, https:\/\/costablanca-magazin.com\/wp-content\/uploads\/2026\/03\/Mediadaten-Mediagroup-Balear-Titel-ES-1-241x300.png 241w, https:\/\/costablanca-magazin.com\/wp-content\/uploads\/2026\/03\/Mediadaten-Mediagroup-Balear-Titel-ES-1-10x12.png 10w\" sizes=\"(max-width: 710px) 100vw, 710px\" \/>\t\t\t\t\t\t\t\t\t\t\t\t\t\t\t<\/div>\n\t\t\t\t<\/div>\n\t\t\t\t<div class=\"elementor-element elementor-element-b0a7adf elementor-widget elementor-widget-heading\" data-id=\"b0a7adf\" data-element_type=\"widget\" data-e-type=\"widget\" data-widget_type=\"heading.default\">\n\t\t\t\t<div class=\"elementor-widget-container\">\n\t\t\t\t\t<div class=\"elementor-heading-title elementor-size-default\">Mediagegevens Mediagroep Balear ES<\/div>\t\t\t\t<\/div>\n\t\t\t\t<\/div>\n\t\t\t\t<div class=\"elementor-element elementor-element-d38a87d elementor-align-center elementor-widget elementor-widget-button\" data-id=\"d38a87d\" data-element_type=\"widget\" data-e-type=\"widget\" data-widget_type=\"button.default\">\n\t\t\t\t<div class=\"elementor-widget-container\">\n\t\t\t\t\t\t\t\t\t<div class=\"elementor-button-wrapper\">\n\t\t\t\t\t<a class=\"elementor-button elementor-button-link elementor-size-sm\" href=\"https:\/\/costablanca-magazin.com\/wp-content\/uploads\/2025\/04\/Mediadaten-und-Preise-CBM0225.pdf\" target=\"_blank\">\n\t\t\t\t\t\t<span class=\"elementor-button-content-wrapper\">\n\t\t\t\t\t\t\t\t\t<span class=\"elementor-button-text\">Abrir PDF<\/span>\n\t\t\t\t\t<\/span>\n\t\t\t\t\t<\/a>\n\t\t\t\t<\/div>\n\t\t\t\t\t\t\t\t<\/div>\n\t\t\t\t<\/div>\n\t\t\t\t<\/div>\n\t\t\t\t\t<\/div>\n\t\t\t\t<\/div>\n\t\t\t\t<\/div>","protected":false},"excerpt":{"rendered":"<p>Mediadaten &amp; Anzeigen \u2013 Ihre Werbung im Costablanca Magazin Die Printausgabe des Costablanca Magazins erreicht eine gezielte, qualit\u00e4tsbewusste Leserschaft aus Entscheidungstr\u00e4gern, Branchenkennern, Residenten und Premium-Kooperationspartnern. Pr\u00e4sentieren Sie Ihre Marke im Costablanca Magazin und erreichen Sie gezielt Entscheidungstr\u00e4ger, Residenten und Branchenkenner mit hoher Sichtbarkeit und relevanter Ansprache Mediadaten. Mit einer Anzeige im Costablanca Magazin erreichen Sie [&hellip;]<\/p>\n","protected":false},"author":1,"featured_media":0,"parent":0,"menu_order":0,"comment_status":"closed","ping_status":"closed","template":"elementor_header_footer","meta":{"om_disable_all_campaigns":false,"_monsterinsights_skip_tracking":false,"_monsterinsights_sitenote_active":false,"_monsterinsights_sitenote_note":"","_monsterinsights_sitenote_category":0,"footnotes":""},"class_list":["post-1861","page","type-page","status-publish","hentry"],"aioseo_notices":[],"_links":{"self":[{"href":"https:\/\/costablanca-magazin.com\/nl\/wp-json\/wp\/v2\/pages\/1861","targetHints":{"allow":["GET"]}}],"collection":[{"href":"https:\/\/costablanca-magazin.com\/nl\/wp-json\/wp\/v2\/pages"}],"about":[{"href":"https:\/\/costablanca-magazin.com\/nl\/wp-json\/wp\/v2\/types\/page"}],"author":[{"embeddable":true,"href":"https:\/\/costablanca-magazin.com\/nl\/wp-json\/wp\/v2\/users\/1"}],"replies":[{"embeddable":true,"href":"https:\/\/costablanca-magazin.com\/nl\/wp-json\/wp\/v2\/comments?post=1861"}],"version-history":[{"count":47,"href":"https:\/\/costablanca-magazin.com\/nl\/wp-json\/wp\/v2\/pages\/1861\/revisions"}],"predecessor-version":[{"id":11162,"href":"https:\/\/costablanca-magazin.com\/nl\/wp-json\/wp\/v2\/pages\/1861\/revisions\/11162"}],"wp:attachment":[{"href":"https:\/\/costablanca-magazin.com\/nl\/wp-json\/wp\/v2\/media?parent=1861"}],"curies":[{"name":"wp","href":"https:\/\/api.w.org\/{rel}","templated":true}]}}