{"id":4624,"date":"2025-01-21T09:22:54","date_gmt":"2025-01-21T08:22:54","guid":{"rendered":"https:\/\/costablanca-magazin.com\/?page_id=4624"},"modified":"2026-02-11T11:48:11","modified_gmt":"2026-02-11T10:48:11","slug":"dyr-natur","status":"publish","type":"page","link":"https:\/\/costablanca-magazin.com\/nb\/tiere-natur\/","title":{"rendered":"Dyr og natur"},"content":{"rendered":"<div data-elementor-type=\"wp-page\" data-elementor-id=\"4624\" class=\"elementor elementor-4624\" data-elementor-post-type=\"page\">\n\t\t\t\t<div class=\"elementor-element elementor-element-2039c6a e-flex e-con-boxed e-con e-parent\" data-id=\"2039c6a\" data-element_type=\"container\" data-e-type=\"container\">\n\t\t\t\t\t<div class=\"e-con-inner\">\n\t\t<div class=\"elementor-element elementor-element-a8d2a16 e-con-full e-flex e-con e-child\" data-id=\"a8d2a16\" data-element_type=\"container\" data-e-type=\"container\">\n\t\t<div class=\"elementor-element elementor-element-61eee54 e-con-full e-flex e-con e-child\" data-id=\"61eee54\" data-element_type=\"container\" data-e-type=\"container\">\n\t\t\t\t<div class=\"elementor-element elementor-element-c5d8c8a elementor-widget elementor-widget-heading\" data-id=\"c5d8c8a\" data-element_type=\"widget\" data-e-type=\"widget\" data-widget_type=\"heading.default\">\n\t\t\t\t<div class=\"elementor-widget-container\">\n\t\t\t\t\t<h1 class=\"elementor-heading-title elementor-size-default\">Beboere - Dyr og natur<\/h1>\t\t\t\t<\/div>\n\t\t\t\t<\/div>\n\t\t\t\t<\/div>\n\t\t<div class=\"elementor-element elementor-element-877d7d8 e-con-full e-grid e-con e-child\" data-id=\"877d7d8\" data-element_type=\"container\" data-e-type=\"container\">\n\t\t\t\t<\/div>\n\t\t\t\t<\/div>\n\t\t\t\t\t<\/div>\n\t\t\t\t<\/div>\n\t\t<div class=\"elementor-element elementor-element-95ab0a2 e-flex e-con-boxed e-con e-parent\" data-id=\"95ab0a2\" data-element_type=\"container\" data-e-type=\"container\">\n\t\t\t\t\t<div class=\"e-con-inner\">\n\t\t\t\t<div class=\"elementor-element elementor-element-2b20d11 elementor-grid-3 elementor-grid-tablet-2 elementor-grid-mobile-1 elementor-posts--thumbnail-top elementor-card-shadow-yes elementor-posts__hover-gradient elementor-widget elementor-widget-posts\" data-id=\"2b20d11\" data-element_type=\"widget\" data-e-type=\"widget\" data-settings=\"{&quot;pagination_type&quot;:&quot;numbers&quot;,&quot;cards_columns&quot;:&quot;3&quot;,&quot;cards_columns_tablet&quot;:&quot;2&quot;,&quot;cards_columns_mobile&quot;:&quot;1&quot;,&quot;cards_row_gap&quot;:{&quot;unit&quot;:&quot;px&quot;,&quot;size&quot;:35,&quot;sizes&quot;:[]},&quot;cards_row_gap_tablet&quot;:{&quot;unit&quot;:&quot;px&quot;,&quot;size&quot;:&quot;&quot;,&quot;sizes&quot;:[]},&quot;cards_row_gap_mobile&quot;:{&quot;unit&quot;:&quot;px&quot;,&quot;size&quot;:&quot;&quot;,&quot;sizes&quot;:[]}}\" data-widget_type=\"posts.cards\">\n\t\t\t\t<div class=\"elementor-widget-container\">\n\t\t\t\t\t\t\t<div class=\"elementor-posts-container elementor-posts elementor-posts--skin-cards elementor-grid\" role=\"list\">\n\t\t\t\t<article class=\"elementor-post elementor-grid-item post-8730 post type-post status-publish format-standard has-post-thumbnail hentry category-tiere-natur tag-eu-heimtierausweis tag-faehre-mit-katze tag-flug-mit-hund tag-haustier-tipps tag-haustier-transportieren tag-reisen-mit-hund tag-reisen-mit-katze tag-tier-im-auto\" role=\"listitem\">\n\t\t\t<div class=\"elementor-post__card\">\n\t\t\t\t<a class=\"elementor-post__thumbnail__link\" href=\"https:\/\/costablanca-magazin.com\/nb\/residenten\/tiere-natur\/reisen-mit-hund-und-katze-tipps-fuer-stressfreie-trips\/\" tabindex=\"-1\" ><div class=\"elementor-post__thumbnail\"><img fetchpriority=\"high\" decoding=\"async\" width=\"204\" height=\"300\" src=\"https:\/\/costablanca-magazin.com\/wp-content\/uploads\/2025\/09\/a-joyful-dog-and-a-curious-cat-relaxing-together-i-2025-01-10-03-20-59-utc-e1757881911304-204x300.jpg\" class=\"attachment-medium size-medium wp-image-8767\" alt=\"Reiser med hund og katt\" srcset=\"https:\/\/costablanca-magazin.com\/wp-content\/uploads\/2025\/09\/a-joyful-dog-and-a-curious-cat-relaxing-together-i-2025-01-10-03-20-59-utc-e1757881911304-204x300.jpg 204w, https:\/\/costablanca-magazin.com\/wp-content\/uploads\/2025\/09\/a-joyful-dog-and-a-curious-cat-relaxing-together-i-2025-01-10-03-20-59-utc-e1757881911304-696x1024.jpg 696w, https:\/\/costablanca-magazin.com\/wp-content\/uploads\/2025\/09\/a-joyful-dog-and-a-curious-cat-relaxing-together-i-2025-01-10-03-20-59-utc-e1757881911304.jpg 726w\" sizes=\"(max-width: 204px) 100vw, 204px\" \/><\/div><\/a>\n\t\t\t\t<div class=\"elementor-post__badge\">Dyr og natur<\/div>\n\t\t\t\t<div class=\"elementor-post__text\">\n\t\t\t\t<h2 class=\"elementor-post__title\">\n\t\t\t<a href=\"https:\/\/costablanca-magazin.com\/nb\/residenten\/tiere-natur\/reisen-mit-hund-und-katze-tipps-fuer-stressfreie-trips\/\" >\n\t\t\t\tReise med hund og katt - tips for en stressfri reise\t\t\t<\/a>\n\t\t<\/h2>\n\t\t\t\t<div class=\"elementor-post__excerpt\">\n\t\t\t<p>\u00c5 reise med hund og katt - tips for stressfrie reiser Hvordan du f\u00e5r hunden og katten din trygt frem til reisem\u00e5let: bil, fly eller ferge - planlegg kj\u00e6ledyrets EU-dyrepass, transportboks og pauser riktig. Et milj\u00f8skifte, en tur til en \u00f8y eller et bes\u00f8k hos familien i hjemlandet - for mange er det en selvf\u00f8lge \u00e5 reise med kj\u00e6ledyret sitt<\/p>\n\t\t<\/div>\n\t\t\n\t\t<a class=\"elementor-post__read-more\" href=\"https:\/\/costablanca-magazin.com\/nb\/residenten\/tiere-natur\/reisen-mit-hund-und-katze-tipps-fuer-stressfreie-trips\/\" aria-label=\"Read more about Reisen mit Hund und Katze &#8211; Tipps f\u00fcr stressfreie Trips\" tabindex=\"-1\" >\n\t\t\tLes mer \u00bb\t\t<\/a>\n\n\t\t\t\t<\/div>\n\t\t\t\t\t<\/div>\n\t\t<\/article>\n\t\t\t\t<article class=\"elementor-post elementor-grid-item post-7691 post type-post status-publish format-standard has-post-thumbnail hentry category-tiere-natur tag-costa-blanca-2 tag-katzenhilfe-costa-blanca tag-tierschutz tag-tierschutz-costa-blanca\" role=\"listitem\">\n\t\t\t<div class=\"elementor-post__card\">\n\t\t\t\t<a class=\"elementor-post__thumbnail__link\" href=\"https:\/\/costablanca-magazin.com\/nb\/residenten\/tiere-natur\/onkas-zweite-chance-tierschutz-costa-blanca\/\" tabindex=\"-1\" ><div class=\"elementor-post__thumbnail\"><img decoding=\"async\" width=\"300\" height=\"169\" src=\"https:\/\/costablanca-magazin.com\/wp-content\/uploads\/2025\/06\/Tierheim-Tierschutz-300x169.jpg\" class=\"attachment-medium size-medium wp-image-7709\" alt=\"Onkas andre sjanse\" srcset=\"https:\/\/costablanca-magazin.com\/wp-content\/uploads\/2025\/06\/Tierheim-Tierschutz-300x169.jpg 300w, https:\/\/costablanca-magazin.com\/wp-content\/uploads\/2025\/06\/Tierheim-Tierschutz-1024x578.jpg 1024w, https:\/\/costablanca-magazin.com\/wp-content\/uploads\/2025\/06\/Tierheim-Tierschutz-768x433.jpg 768w, https:\/\/costablanca-magazin.com\/wp-content\/uploads\/2025\/06\/Tierheim-Tierschutz.jpg 1200w\" sizes=\"(max-width: 300px) 100vw, 300px\" \/><\/div><\/a>\n\t\t\t\t<div class=\"elementor-post__badge\">Dyr og natur<\/div>\n\t\t\t\t<div class=\"elementor-post__text\">\n\t\t\t\t<h2 class=\"elementor-post__title\">\n\t\t\t<a href=\"https:\/\/costablanca-magazin.com\/nb\/residenten\/tiere-natur\/onkas-zweite-chance-tierschutz-costa-blanca\/\" >\n\t\t\t\tOnkas andre sjanse - Dyrevelferd Costa Blanca\t\t\t<\/a>\n\t\t<\/h2>\n\t\t\t\t<div class=\"elementor-post__excerpt\">\n\t\t\t<p>Onka har f\u00e5tt en ny sjanse - Dyrebeskyttelsen Costa Blanca Uten hjelp fra dyrevernsorganisasjoner ville gatekattene p\u00e5 Costa Blanca sannsynligvis v\u00e6rt fortapt. Katten Onka har funnet sitt hjem, andre leter fortsatt. Varme, mammas milde spinn, n\u00e6rheten til s\u00f8sknene mine - dette er mine tidligste minner. Men s\u00e5 kom dagen,<\/p>\n\t\t<\/div>\n\t\t\n\t\t<a class=\"elementor-post__read-more\" href=\"https:\/\/costablanca-magazin.com\/nb\/residenten\/tiere-natur\/onkas-zweite-chance-tierschutz-costa-blanca\/\" aria-label=\"Read more about Onkas zweite Chance &#8211; Tierschutz Costa Blanca\" tabindex=\"-1\" >\n\t\t\tLes mer \u00bb\t\t<\/a>\n\n\t\t\t\t<\/div>\n\t\t\t\t\t<\/div>\n\t\t<\/article>\n\t\t\t\t<article class=\"elementor-post elementor-grid-item post-6785 post type-post status-publish format-standard has-post-thumbnail hentry category-tiere-natur tag-hunde-im-urlaub tag-hunde-strand-costa-blanca tag-regeln-hunde-costablanca tag-straende-an-der-costablanca\" role=\"listitem\">\n\t\t\t<div class=\"elementor-post__card\">\n\t\t\t\t<a class=\"elementor-post__thumbnail__link\" href=\"https:\/\/costablanca-magazin.com\/nb\/residenten\/tiere-natur\/pfoten-an-den-strand-mit-hund-an-der-costa-blanca\/\" tabindex=\"-1\" ><div class=\"elementor-post__thumbnail\"><img decoding=\"async\" width=\"300\" height=\"200\" src=\"https:\/\/costablanca-magazin.com\/wp-content\/uploads\/2025\/05\/fit-and-active-labrador-retriever-dog-running-out-2025-01-08-20-43-58-utc-300x200.jpg\" class=\"attachment-medium size-medium wp-image-6790\" alt=\"Poter p\u00e5 stranden: Med hund p\u00e5 Costa Blanca 1\" srcset=\"https:\/\/costablanca-magazin.com\/wp-content\/uploads\/2025\/05\/fit-and-active-labrador-retriever-dog-running-out-2025-01-08-20-43-58-utc-300x200.jpg 300w, https:\/\/costablanca-magazin.com\/wp-content\/uploads\/2025\/05\/fit-and-active-labrador-retriever-dog-running-out-2025-01-08-20-43-58-utc-1024x682.jpg 1024w, https:\/\/costablanca-magazin.com\/wp-content\/uploads\/2025\/05\/fit-and-active-labrador-retriever-dog-running-out-2025-01-08-20-43-58-utc-768x511.jpg 768w, https:\/\/costablanca-magazin.com\/wp-content\/uploads\/2025\/05\/fit-and-active-labrador-retriever-dog-running-out-2025-01-08-20-43-58-utc.jpg 1200w\" sizes=\"(max-width: 300px) 100vw, 300px\" \/><\/div><\/a>\n\t\t\t\t<div class=\"elementor-post__badge\">Dyr og natur<\/div>\n\t\t\t\t<div class=\"elementor-post__text\">\n\t\t\t\t<h2 class=\"elementor-post__title\">\n\t\t\t<a href=\"https:\/\/costablanca-magazin.com\/nb\/residenten\/tiere-natur\/pfoten-an-den-strand-mit-hund-an-der-costa-blanca\/\" >\n\t\t\t\tPoter p\u00e5 stranden - med hunden din p\u00e5 Costa Blanca\t\t\t<\/a>\n\t\t<\/h2>\n\t\t\t\t<div class=\"elementor-post__excerpt\">\n\t\t\t<p>Poter p\u00e5 stranden - med hund p\u00e5 Costa Blanca Hva som er lov, hva som er irriterende - og hvor firbeinte venner f\u00e5r v\u00e6re uforstyrret i vannet i Marina Alta og Marina Baixa. En oversikt for eiere med hjerte og holdning. For mange er hunden mer enn bare en f\u00f8lgesvenn - den er<\/p>\n\t\t<\/div>\n\t\t\n\t\t<a class=\"elementor-post__read-more\" href=\"https:\/\/costablanca-magazin.com\/nb\/residenten\/tiere-natur\/pfoten-an-den-strand-mit-hund-an-der-costa-blanca\/\" aria-label=\"Read more about Pfoten an den Strand &#8211; Mit Hund an der Costa Blanca\" tabindex=\"-1\" >\n\t\t\tLes mer \u00bb\t\t<\/a>\n\n\t\t\t\t<\/div>\n\t\t\t\t\t<\/div>\n\t\t<\/article>\n\t\t\t\t<article class=\"elementor-post elementor-grid-item post-5707 post type-post status-publish format-standard has-post-thumbnail hentry category-tiere-natur tag-callosa-den-sarria tag-feria-del-nispero tag-fruechte-callosa-den-sarria tag-nispero-costa-blanca tag-nispero-gesundheitliche-vorteile\" role=\"listitem\">\n\t\t\t<div class=\"elementor-post__card\">\n\t\t\t\t<a class=\"elementor-post__thumbnail__link\" href=\"https:\/\/costablanca-magazin.com\/nb\/residenten\/tiere-natur\/costa-blanca-nispero-eine-kleine-frucht-grosse-tradition\/\" tabindex=\"-1\" ><div class=\"elementor-post__thumbnail\"><img loading=\"lazy\" decoding=\"async\" width=\"300\" height=\"200\" src=\"https:\/\/costablanca-magazin.com\/wp-content\/uploads\/2025\/04\/loquat-fruit-nispero-eriobotrya-japonica-loquat-2024-11-26-15-38-52-utc-300x200.jpg\" class=\"attachment-medium size-medium wp-image-5721\" alt=\"Liten, delikat frukt, stor tradisjon \u2013 N\u00edspero fra Callosa d&#039;en Sarri\u00e0 2\" srcset=\"https:\/\/costablanca-magazin.com\/wp-content\/uploads\/2025\/04\/loquat-fruit-nispero-eriobotrya-japonica-loquat-2024-11-26-15-38-52-utc-300x200.jpg 300w, https:\/\/costablanca-magazin.com\/wp-content\/uploads\/2025\/04\/loquat-fruit-nispero-eriobotrya-japonica-loquat-2024-11-26-15-38-52-utc-1024x683.jpg 1024w, https:\/\/costablanca-magazin.com\/wp-content\/uploads\/2025\/04\/loquat-fruit-nispero-eriobotrya-japonica-loquat-2024-11-26-15-38-52-utc-768x512.jpg 768w, https:\/\/costablanca-magazin.com\/wp-content\/uploads\/2025\/04\/loquat-fruit-nispero-eriobotrya-japonica-loquat-2024-11-26-15-38-52-utc-1536x1024.jpg 1536w, https:\/\/costablanca-magazin.com\/wp-content\/uploads\/2025\/04\/loquat-fruit-nispero-eriobotrya-japonica-loquat-2024-11-26-15-38-52-utc-2048x1365.jpg 2048w\" sizes=\"(max-width: 300px) 100vw, 300px\" \/><\/div><\/a>\n\t\t\t\t<div class=\"elementor-post__badge\">Dyr og natur<\/div>\n\t\t\t\t<div class=\"elementor-post__text\">\n\t\t\t\t<h2 class=\"elementor-post__title\">\n\t\t\t<a href=\"https:\/\/costablanca-magazin.com\/nb\/residenten\/tiere-natur\/costa-blanca-nispero-eine-kleine-frucht-grosse-tradition\/\" >\n\t\t\t\tCosta Blanca - N\u00edspero - en liten frukt, en stor tradisjon\t\t\t<\/a>\n\t\t<\/h2>\n\t\t\t\t<div class=\"elementor-post__excerpt\">\n\t\t\t<p>Costa Blanca - N\u00edspero en liten frukt, en stor tradisjon Hvorfor den lille loquaten er en stor sak rundt Callosa, Polop og La Nuc\u00eda. N\u00e5r n\u00edspero-sesongen begynner i Callosa d'en Sarri\u00e0, Polop eller La Nuc\u00eda, er det hektisk aktivitet. Den bleke oransjefargede frukten m\u00e5 h\u00f8stes i l\u00f8pet av noen f\u00e5 uker,<\/p>\n\t\t<\/div>\n\t\t\n\t\t<a class=\"elementor-post__read-more\" href=\"https:\/\/costablanca-magazin.com\/nb\/residenten\/tiere-natur\/costa-blanca-nispero-eine-kleine-frucht-grosse-tradition\/\" aria-label=\"Read more about Costa Blanca &#8211; N\u00edspero eine Kleine Frucht, gro\u00dfe Tradition\" tabindex=\"-1\" >\n\t\t\tLes mer \u00bb\t\t<\/a>\n\n\t\t\t\t<\/div>\n\t\t\t\t\t<\/div>\n\t\t<\/article>\n\t\t\t\t<article class=\"elementor-post elementor-grid-item post-5263 post type-post status-publish format-standard has-post-thumbnail hentry category-tiere-natur tag-buerokratie tag-kiefernsterben tag-klimawande tag-naturschutz tag-schaedlinge tag-sierra-helada tag-trockenheit tag-waldbraende tag-waldsterben tag-wiederaufforstung\" role=\"listitem\">\n\t\t\t<div class=\"elementor-post__card\">\n\t\t\t\t<a class=\"elementor-post__thumbnail__link\" href=\"https:\/\/costablanca-magazin.com\/nb\/residenten\/tiere-natur\/sterbende-kiefernwaelder-costa-blanca-oekosystem-im-umbruch\/\" tabindex=\"-1\" ><div class=\"elementor-post__thumbnail\"><img loading=\"lazy\" decoding=\"async\" width=\"300\" height=\"225\" src=\"https:\/\/costablanca-magazin.com\/wp-content\/uploads\/2025\/03\/20250309_103319-300x225.jpg\" class=\"attachment-medium size-medium wp-image-5281\" alt=\"D\u00f8ende furuskog p\u00e5 Costa Blanca: Et \u00f8kosystem ved et vendepunkt 17\" srcset=\"https:\/\/costablanca-magazin.com\/wp-content\/uploads\/2025\/03\/20250309_103319-300x225.jpg 300w, https:\/\/costablanca-magazin.com\/wp-content\/uploads\/2025\/03\/20250309_103319-1024x768.jpg 1024w, https:\/\/costablanca-magazin.com\/wp-content\/uploads\/2025\/03\/20250309_103319-768x576.jpg 768w, https:\/\/costablanca-magazin.com\/wp-content\/uploads\/2025\/03\/20250309_103319-1536x1152.jpg 1536w, https:\/\/costablanca-magazin.com\/wp-content\/uploads\/2025\/03\/20250309_103319-2048x1536.jpg 2048w\" sizes=\"(max-width: 300px) 100vw, 300px\" \/><\/div><\/a>\n\t\t\t\t<div class=\"elementor-post__badge\">Dyr og natur<\/div>\n\t\t\t\t<div class=\"elementor-post__text\">\n\t\t\t\t<h2 class=\"elementor-post__title\">\n\t\t\t<a href=\"https:\/\/costablanca-magazin.com\/nb\/residenten\/tiere-natur\/sterbende-kiefernwaelder-costa-blanca-oekosystem-im-umbruch\/\" >\n\t\t\t\tD\u00f8ende furuskog p\u00e5 Costa Blanca - \u00f8kosystem i oppbrudd\t\t\t<\/a>\n\t\t<\/h2>\n\t\t\t\t<div class=\"elementor-post__excerpt\">\n\t\t\t<p>D\u00f8ende furuskog p\u00e5 Costa Blanca: et \u00f8kosystem ved et vendepunkt Eksperter p\u00e5 t\u00f8rke, skadedyr og ressursmangel - hvorfor tusenvis av tr\u00e6r forsvinner og hva dette betyr for fremtiden. T\u00f8rre skr\u00e5ninger, gr\u00e5 treskjeletter og \u00f8kende brannfare - skogd\u00f8den p\u00e5 Costa Blanca er i ferd med \u00e5 anta bekymringsfulle proporsjoner. Sierra<\/p>\n\t\t<\/div>\n\t\t\n\t\t<a class=\"elementor-post__read-more\" href=\"https:\/\/costablanca-magazin.com\/nb\/residenten\/tiere-natur\/sterbende-kiefernwaelder-costa-blanca-oekosystem-im-umbruch\/\" aria-label=\"Read more about Sterbende Kiefernw\u00e4lder Costa Blanca &#8211; \u00d6kosystem im Umbruch\" tabindex=\"-1\" >\n\t\t\tLes mer \u00bb\t\t<\/a>\n\n\t\t\t\t<\/div>\n\t\t\t\t\t<\/div>\n\t\t<\/article>\n\t\t\t\t<\/div>\n\t\t\n\t\t\t\t\t\t<\/div>\n\t\t\t\t<\/div>\n\t\t\t\t\t<\/div>\n\t\t\t\t<\/div>\n\t\t\t\t<\/div>","protected":false},"excerpt":{"rendered":"<p>In unserer Serie \u00fcber Residenten der Kategorie Tiere &amp; Natur entdecke ich an am Morgen, w\u00e4hrend der am Flussufer ruht und Costa in den B\u00e4umen zwitschern, sodass Blanca und Haustiere friedlich koexistieren, w\u00e4hrend Tierschutz auf Nahrungssuche ist und erleben aufmerksam beobachtet wird. Residenten &#8211; Tiere &amp; Natur<\/p>","protected":false},"author":1,"featured_media":0,"parent":0,"menu_order":0,"comment_status":"closed","ping_status":"closed","template":"elementor_header_footer","meta":{"om_disable_all_campaigns":false,"_monsterinsights_skip_tracking":false,"_monsterinsights_sitenote_active":false,"_monsterinsights_sitenote_note":"","_monsterinsights_sitenote_category":0,"footnotes":""},"class_list":["post-4624","page","type-page","status-publish","hentry"],"aioseo_notices":[],"_links":{"self":[{"href":"https:\/\/costablanca-magazin.com\/nb\/wp-json\/wp\/v2\/pages\/4624","targetHints":{"allow":["GET"]}}],"collection":[{"href":"https:\/\/costablanca-magazin.com\/nb\/wp-json\/wp\/v2\/pages"}],"about":[{"href":"https:\/\/costablanca-magazin.com\/nb\/wp-json\/wp\/v2\/types\/page"}],"author":[{"embeddable":true,"href":"https:\/\/costablanca-magazin.com\/nb\/wp-json\/wp\/v2\/users\/1"}],"replies":[{"embeddable":true,"href":"https:\/\/costablanca-magazin.com\/nb\/wp-json\/wp\/v2\/comments?post=4624"}],"version-history":[{"count":18,"href":"https:\/\/costablanca-magazin.com\/nb\/wp-json\/wp\/v2\/pages\/4624\/revisions"}],"predecessor-version":[{"id":10378,"href":"https:\/\/costablanca-magazin.com\/nb\/wp-json\/wp\/v2\/pages\/4624\/revisions\/10378"}],"wp:attachment":[{"href":"https:\/\/costablanca-magazin.com\/nb\/wp-json\/wp\/v2\/media?parent=4624"}],"curies":[{"name":"wp","href":"https:\/\/api.w.org\/{rel}","templated":true}]}}