{"id":4604,"date":"2025-01-21T09:18:35","date_gmt":"2025-01-21T08:18:35","guid":{"rendered":"https:\/\/costablanca-magazin.com\/?page_id=4604"},"modified":"2026-02-11T11:47:43","modified_gmt":"2026-02-11T10:47:43","slug":"yrke-okonomi","status":"publish","type":"page","link":"https:\/\/costablanca-magazin.com\/nb\/beruf-finanzen\/","title":{"rendered":"Yrke og \u00f8konomi"},"content":{"rendered":"<div data-elementor-type=\"wp-page\" data-elementor-id=\"4604\" class=\"elementor elementor-4604\" data-elementor-post-type=\"page\">\n\t\t\t\t<div class=\"elementor-element elementor-element-2ce6c6f e-flex e-con-boxed e-con e-parent\" data-id=\"2ce6c6f\" data-element_type=\"container\" data-e-type=\"container\">\n\t\t\t\t\t<div class=\"e-con-inner\">\n\t\t<div class=\"elementor-element elementor-element-3e31366 e-con-full e-flex e-con e-child\" data-id=\"3e31366\" data-element_type=\"container\" data-e-type=\"container\">\n\t\t<div class=\"elementor-element elementor-element-91ff255 e-con-full e-flex e-con e-child\" data-id=\"91ff255\" data-element_type=\"container\" data-e-type=\"container\">\n\t\t\t\t<div class=\"elementor-element elementor-element-50088be elementor-widget elementor-widget-heading\" data-id=\"50088be\" data-element_type=\"widget\" data-e-type=\"widget\" data-widget_type=\"heading.default\">\n\t\t\t\t<div class=\"elementor-widget-container\">\n\t\t\t\t\t<h1 class=\"elementor-heading-title elementor-size-default\">Beboere - Yrke og \u00f8konomi<\/h1>\t\t\t\t<\/div>\n\t\t\t\t<\/div>\n\t\t\t\t<\/div>\n\t\t<div class=\"elementor-element elementor-element-bd52f6c e-con-full e-grid e-con e-child\" data-id=\"bd52f6c\" data-element_type=\"container\" data-e-type=\"container\">\n\t\t\t\t<\/div>\n\t\t\t\t<\/div>\n\t\t\t\t\t<\/div>\n\t\t\t\t<\/div>\n\t\t<div class=\"elementor-element elementor-element-e83e029 e-flex e-con-boxed e-con e-parent\" data-id=\"e83e029\" data-element_type=\"container\" data-e-type=\"container\">\n\t\t\t\t\t<div class=\"e-con-inner\">\n\t\t\t\t<div class=\"elementor-element elementor-element-30a051b elementor-grid-3 elementor-grid-tablet-2 elementor-grid-mobile-1 elementor-posts--thumbnail-top elementor-card-shadow-yes elementor-posts__hover-gradient elementor-widget elementor-widget-posts\" data-id=\"30a051b\" data-element_type=\"widget\" data-e-type=\"widget\" data-settings=\"{&quot;pagination_type&quot;:&quot;numbers&quot;,&quot;cards_columns&quot;:&quot;3&quot;,&quot;cards_columns_tablet&quot;:&quot;2&quot;,&quot;cards_columns_mobile&quot;:&quot;1&quot;,&quot;cards_row_gap&quot;:{&quot;unit&quot;:&quot;px&quot;,&quot;size&quot;:35,&quot;sizes&quot;:[]},&quot;cards_row_gap_tablet&quot;:{&quot;unit&quot;:&quot;px&quot;,&quot;size&quot;:&quot;&quot;,&quot;sizes&quot;:[]},&quot;cards_row_gap_mobile&quot;:{&quot;unit&quot;:&quot;px&quot;,&quot;size&quot;:&quot;&quot;,&quot;sizes&quot;:[]}}\" data-widget_type=\"posts.cards\">\n\t\t\t\t<div class=\"elementor-widget-container\">\n\t\t\t\t\t\t\t<div class=\"elementor-posts-container elementor-posts elementor-posts--skin-cards elementor-grid\" role=\"list\">\n\t\t\t\t<article class=\"elementor-post elementor-grid-item post-9199 post type-post status-publish format-standard has-post-thumbnail hentry category-beruf-finanzen tag-arbeitnehmerrechte-costa-blanca tag-arbeitsgericht-costa-blanca tag-arbeitsrecht-spanien tag-kuendigung-spanien-rechte tag-kuendigungsschutz-spanien tag-rechtsanwalt-arbeitsrecht-denia tag-ungerechtfertigte-kuendigung-costa-blanca\" role=\"listitem\">\n\t\t\t<div class=\"elementor-post__card\">\n\t\t\t\t<a class=\"elementor-post__thumbnail__link\" href=\"https:\/\/costablanca-magazin.com\/nb\/residenten\/beruf-finanzen\/ungerechtfertigte-kuendigung-costa-blanca-rechte-hilfe\/\" tabindex=\"-1\" ><div class=\"elementor-post__thumbnail\"><img decoding=\"async\" width=\"300\" height=\"156\" src=\"https:\/\/costablanca-magazin.com\/wp-content\/uploads\/2025\/10\/people-2025-03-18-18-49-22-utc-e1760977892961-300x156.jpg\" class=\"attachment-medium size-medium wp-image-9200\" alt=\"Urettmessige oppsigelser p\u00e5 Costa Blanca\" srcset=\"https:\/\/costablanca-magazin.com\/wp-content\/uploads\/2025\/10\/people-2025-03-18-18-49-22-utc-e1760977892961-300x156.jpg 300w, https:\/\/costablanca-magazin.com\/wp-content\/uploads\/2025\/10\/people-2025-03-18-18-49-22-utc-e1760977892961-1024x532.jpg 1024w, https:\/\/costablanca-magazin.com\/wp-content\/uploads\/2025\/10\/people-2025-03-18-18-49-22-utc-e1760977892961-768x399.jpg 768w, https:\/\/costablanca-magazin.com\/wp-content\/uploads\/2025\/10\/people-2025-03-18-18-49-22-utc-e1760977892961.jpg 1200w\" sizes=\"(max-width: 300px) 100vw, 300px\" \/><\/div><\/a>\n\t\t\t\t<div class=\"elementor-post__badge\">Yrke og \u00f8konomi<\/div>\n\t\t\t\t<div class=\"elementor-post__text\">\n\t\t\t\t<h2 class=\"elementor-post__title\">\n\t\t\t<a href=\"https:\/\/costablanca-magazin.com\/nb\/residenten\/beruf-finanzen\/ungerechtfertigte-kuendigung-costa-blanca-rechte-hilfe\/\" >\n\t\t\t\tUberettiget avbestilling Costa Blanca - rettigheter og hjelp\t\t\t<\/a>\n\t\t<\/h2>\n\t\t\t\t<div class=\"elementor-post__excerpt\">\n\t\t\t<p>Usaklig oppsigelse Costa Blanca - rettigheter og hjelp Hva gj\u00f8r du ved oppsigelse i Marina Alta eller Marina Baixa? Rettigheter, frister og hjelp ved usaklig oppsigelse p\u00e5 Costa Blanca. Oppsigelser er aldri hyggelige - og spansk arbeidsrett er ofte mer komplisert enn mange tror. Spesielt i regionene Marina Alta<\/p>\n\t\t<\/div>\n\t\t\n\t\t<a class=\"elementor-post__read-more\" href=\"https:\/\/costablanca-magazin.com\/nb\/residenten\/beruf-finanzen\/ungerechtfertigte-kuendigung-costa-blanca-rechte-hilfe\/\" aria-label=\"Read more about Ungerechtfertigte K\u00fcndigung Costa Blanca &#8211; Rechte &amp; Hilfe\" tabindex=\"-1\" >\n\t\t\tLes mer \u00bb\t\t<\/a>\n\n\t\t\t\t<\/div>\n\t\t\t\t\t<\/div>\n\t\t<\/article>\n\t\t\t\t<article class=\"elementor-post elementor-grid-item post-8872 post type-post status-publish format-standard has-post-thumbnail hentry category-beruf-finanzen tag-eigentuemer-spanien tag-grundsteuer-spanien tag-ibi-bezahlen tag-kfz-steuer-spanien tag-marina-alta-steuern tag-marina-baixa-abgaben tag-muellgebuehr-costa-blanca tag-vado-gebuehr\" role=\"listitem\">\n\t\t\t<div class=\"elementor-post__card\">\n\t\t\t\t<a class=\"elementor-post__thumbnail__link\" href=\"https:\/\/costablanca-magazin.com\/nb\/residenten\/beruf-finanzen\/herbstabgaben-an-der-costa-blanca-fristen-und-tipps\/\" tabindex=\"-1\" ><div class=\"elementor-post__thumbnail\"><img fetchpriority=\"high\" decoding=\"async\" width=\"300\" height=\"200\" src=\"https:\/\/costablanca-magazin.com\/wp-content\/uploads\/2025\/09\/selective-focus-shot-of-wooden-block-with-words-on-2025-02-09-22-17-46-utc-300x200.jpg\" class=\"attachment-medium size-medium wp-image-8873\" alt=\"H\u00f8stkasse i Marina Alta og Baixa\" srcset=\"https:\/\/costablanca-magazin.com\/wp-content\/uploads\/2025\/09\/selective-focus-shot-of-wooden-block-with-words-on-2025-02-09-22-17-46-utc-300x200.jpg 300w, https:\/\/costablanca-magazin.com\/wp-content\/uploads\/2025\/09\/selective-focus-shot-of-wooden-block-with-words-on-2025-02-09-22-17-46-utc-1024x683.jpg 1024w, https:\/\/costablanca-magazin.com\/wp-content\/uploads\/2025\/09\/selective-focus-shot-of-wooden-block-with-words-on-2025-02-09-22-17-46-utc-768x512.jpg 768w, https:\/\/costablanca-magazin.com\/wp-content\/uploads\/2025\/09\/selective-focus-shot-of-wooden-block-with-words-on-2025-02-09-22-17-46-utc.jpg 1200w\" sizes=\"(max-width: 300px) 100vw, 300px\" \/><\/div><\/a>\n\t\t\t\t<div class=\"elementor-post__badge\">Yrke og \u00f8konomi<\/div>\n\t\t\t\t<div class=\"elementor-post__text\">\n\t\t\t\t<h2 class=\"elementor-post__title\">\n\t\t\t<a href=\"https:\/\/costablanca-magazin.com\/nb\/residenten\/beruf-finanzen\/herbstabgaben-an-der-costa-blanca-fristen-und-tipps\/\" >\n\t\t\t\tH\u00f8stskatt p\u00e5 Costa Blanca - frister og tips\t\t\t<\/a>\n\t\t<\/h2>\n\t\t\t\t<div class=\"elementor-post__excerpt\">\n\t\t\t<p>H\u00f8sten er skatteh\u00f8st i Marina Alta og Baixa Eiendomsskatt, s\u00f8ppel, kj\u00f8ret\u00f8y og vado: Hvilke skatter som skal betales i Marina Alta og Baixa n\u00e5 - og hvordan eiere trygt kan unng\u00e5 tilleggsavgift. Mellom D\u00e9nia og Villajoyosa er h\u00f8sten tradisjonelt sett starten p\u00e5 sesongen for kommunale avgifter. Mange avgifter er samlet, fristene er korte og det legges til tilleggsavgifter.<\/p>\n\t\t<\/div>\n\t\t\n\t\t<a class=\"elementor-post__read-more\" href=\"https:\/\/costablanca-magazin.com\/nb\/residenten\/beruf-finanzen\/herbstabgaben-an-der-costa-blanca-fristen-und-tipps\/\" aria-label=\"Les mer om H\u00f8stskatt p\u00e5 Costa Blanca - frister og tips\" tabindex=\"-1\" >\n\t\t\tLes mer \u00bb\t\t<\/a>\n\n\t\t\t\t<\/div>\n\t\t\t\t\t<\/div>\n\t\t<\/article>\n\t\t\t\t<article class=\"elementor-post elementor-grid-item post-3335 post type-post status-publish format-standard has-post-thumbnail hentry category-beruf-finanzen tag-chancen tag-costa-blanca-2 tag-gruenden tag-herausforderungen\" role=\"listitem\">\n\t\t\t<div class=\"elementor-post__card\">\n\t\t\t\t<a class=\"elementor-post__thumbnail__link\" href=\"https:\/\/costablanca-magazin.com\/nb\/residenten\/beruf-finanzen\/gruenden-an-der-costa-blanca-chancen-und-herausforderungen\/\" tabindex=\"-1\" ><div class=\"elementor-post__thumbnail\"><img decoding=\"async\" width=\"300\" height=\"200\" src=\"https:\/\/costablanca-magazin.com\/wp-content\/uploads\/2024\/11\/Service-Selbsstaendigkeit-self-employed-man-using-phone-and-laptop-consulti-2023-11-27-05-24-00-utc-300x200.jpg\" class=\"attachment-medium size-medium wp-image-3339\" alt=\"\u00c5 etablere seg p\u00e5 Costa Blanca: Muligheter og utfordringer\" srcset=\"https:\/\/costablanca-magazin.com\/wp-content\/uploads\/2024\/11\/Service-Selbsstaendigkeit-self-employed-man-using-phone-and-laptop-consulti-2023-11-27-05-24-00-utc-300x200.jpg 300w, https:\/\/costablanca-magazin.com\/wp-content\/uploads\/2024\/11\/Service-Selbsstaendigkeit-self-employed-man-using-phone-and-laptop-consulti-2023-11-27-05-24-00-utc-1024x683.jpg 1024w, https:\/\/costablanca-magazin.com\/wp-content\/uploads\/2024\/11\/Service-Selbsstaendigkeit-self-employed-man-using-phone-and-laptop-consulti-2023-11-27-05-24-00-utc-768x512.jpg 768w, https:\/\/costablanca-magazin.com\/wp-content\/uploads\/2024\/11\/Service-Selbsstaendigkeit-self-employed-man-using-phone-and-laptop-consulti-2023-11-27-05-24-00-utc.jpg 1200w\" sizes=\"(max-width: 300px) 100vw, 300px\" \/><\/div><\/a>\n\t\t\t\t<div class=\"elementor-post__badge\">Yrke og \u00f8konomi<\/div>\n\t\t\t\t<div class=\"elementor-post__text\">\n\t\t\t\t<h2 class=\"elementor-post__title\">\n\t\t\t<a href=\"https:\/\/costablanca-magazin.com\/nb\/residenten\/beruf-finanzen\/gruenden-an-der-costa-blanca-chancen-und-herausforderungen\/\" >\n\t\t\t\t\u00c5 starte en bedrift p\u00e5 Costa Blanca - muligheter og utfordringer\t\t\t<\/a>\n\t\t<\/h2>\n\t\t\t\t<div class=\"elementor-post__excerpt\">\n\t\t\t<p>\u00c5 starte bedrift p\u00e5 Costa Blanca - muligheter og utfordringer Den nordlige og s\u00f8rlige Costa Blanca byr p\u00e5 attraktive forhold for nyetablerere og selvstendig n\u00e6ringsdrivende - fra regionale st\u00f8tteprogrammer til voksende nettverk for digitale nomader. Costa Blanca, og s\u00e6rlig regionene Marina Alta og Marina Baixa, har utviklet seg til \u00e5 bli et interessant sted for n\u00e6ringsvirksomhet.<\/p>\n\t\t<\/div>\n\t\t\n\t\t<a class=\"elementor-post__read-more\" href=\"https:\/\/costablanca-magazin.com\/nb\/residenten\/beruf-finanzen\/gruenden-an-der-costa-blanca-chancen-und-herausforderungen\/\" aria-label=\"Les mer om \u00c5 starte bedrift p\u00e5 Costa Blanca - muligheter og utfordringer\" tabindex=\"-1\" >\n\t\t\tLes mer \u00bb\t\t<\/a>\n\n\t\t\t\t<\/div>\n\t\t\t\t\t<\/div>\n\t\t<\/article>\n\t\t\t\t<article class=\"elementor-post elementor-grid-item post-3315 post type-post status-publish format-standard has-post-thumbnail hentry category-beruf-finanzen tag-expertentipps tag-lotta-hilgers tag-spanien\" role=\"listitem\">\n\t\t\t<div class=\"elementor-post__card\">\n\t\t\t\t<a class=\"elementor-post__thumbnail__link\" href=\"https:\/\/costablanca-magazin.com\/nb\/residenten\/beruf-finanzen\/expertentipps-lotta-hilgers-erben-in-spanien\/\" tabindex=\"-1\" ><div class=\"elementor-post__thumbnail\"><img loading=\"lazy\" decoding=\"async\" width=\"300\" height=\"199\" src=\"https:\/\/costablanca-magazin.com\/wp-content\/uploads\/2024\/11\/printed-will-and-testament-on-parchment-paper-2024-10-17-18-10-22-utc-300x199.jpg\" class=\"attachment-medium size-medium wp-image-3316\" alt=\"Hva innbyggere m\u00e5 vite om arveretten her \u2013 CBM-intervju med advokat Lotta Hilgers\" srcset=\"https:\/\/costablanca-magazin.com\/wp-content\/uploads\/2024\/11\/printed-will-and-testament-on-parchment-paper-2024-10-17-18-10-22-utc-300x199.jpg 300w, https:\/\/costablanca-magazin.com\/wp-content\/uploads\/2024\/11\/printed-will-and-testament-on-parchment-paper-2024-10-17-18-10-22-utc-1024x679.jpg 1024w, https:\/\/costablanca-magazin.com\/wp-content\/uploads\/2024\/11\/printed-will-and-testament-on-parchment-paper-2024-10-17-18-10-22-utc-768x509.jpg 768w, https:\/\/costablanca-magazin.com\/wp-content\/uploads\/2024\/11\/printed-will-and-testament-on-parchment-paper-2024-10-17-18-10-22-utc-1536x1019.jpg 1536w, https:\/\/costablanca-magazin.com\/wp-content\/uploads\/2024\/11\/printed-will-and-testament-on-parchment-paper-2024-10-17-18-10-22-utc-2048x1358.jpg 2048w\" sizes=\"(max-width: 300px) 100vw, 300px\" \/><\/div><\/a>\n\t\t\t\t<div class=\"elementor-post__badge\">Yrke og \u00f8konomi<\/div>\n\t\t\t\t<div class=\"elementor-post__text\">\n\t\t\t\t<h2 class=\"elementor-post__title\">\n\t\t\t<a href=\"https:\/\/costablanca-magazin.com\/nb\/residenten\/beruf-finanzen\/expertentipps-lotta-hilgers-erben-in-spanien\/\" >\n\t\t\t\tEksperttips Lotta Hilgers - Arvinger i Spania\t\t\t<\/a>\n\t\t<\/h2>\n\t\t\t\t<div class=\"elementor-post__excerpt\">\n\t\t\t<p>Tips fra eksperten: Arv i Spania CBM Intervju med advokat Lotta Hilgers - Hva innbyggerne trenger \u00e5 vite om arverett i Spania Costa Blanca tiltrekker seg ikke bare ferierende, men ogs\u00e5 eiendomsbesittere fra utlandet. Men hva skjer i tilfelle arv? Advokat Lotta Hilgers forklarer s\u00e6rtrekkene ved spansk arverett i et eksklusivt CBM-intervju.<\/p>\n\t\t<\/div>\n\t\t\n\t\t<a class=\"elementor-post__read-more\" href=\"https:\/\/costablanca-magazin.com\/nb\/residenten\/beruf-finanzen\/expertentipps-lotta-hilgers-erben-in-spanien\/\" aria-label=\"Les mer om Eksperttips Lotta Hilgers - Arv i Spania\" tabindex=\"-1\" >\n\t\t\tLes mer \u00bb\t\t<\/a>\n\n\t\t\t\t<\/div>\n\t\t\t\t\t<\/div>\n\t\t<\/article>\n\t\t\t\t<article class=\"elementor-post elementor-grid-item post-258 post type-post status-publish format-standard has-post-thumbnail hentry category-beruf-finanzen tag-autonomo-spanien tag-selbstoendigkeit-costablanca\" role=\"listitem\">\n\t\t\t<div class=\"elementor-post__card\">\n\t\t\t\t<a class=\"elementor-post__thumbnail__link\" href=\"https:\/\/costablanca-magazin.com\/nb\/residenten\/beruf-finanzen\/selbstaendigkeit-an-der-costa-blanca\/\" tabindex=\"-1\" ><div class=\"elementor-post__thumbnail\"><img loading=\"lazy\" decoding=\"async\" width=\"300\" height=\"200\" src=\"https:\/\/costablanca-magazin.com\/wp-content\/uploads\/2024\/06\/selbstandigkeit-300x200.jpg\" class=\"attachment-medium size-medium wp-image-259\" alt=\"Bo og jobbe p\u00e5 Costa Blanca 1\" srcset=\"https:\/\/costablanca-magazin.com\/wp-content\/uploads\/2024\/06\/selbstandigkeit-300x200.jpg 300w, https:\/\/costablanca-magazin.com\/wp-content\/uploads\/2024\/06\/selbstandigkeit.jpg 768w\" sizes=\"(max-width: 300px) 100vw, 300px\" \/><\/div><\/a>\n\t\t\t\t<div class=\"elementor-post__badge\">Yrke og \u00f8konomi<\/div>\n\t\t\t\t<div class=\"elementor-post__text\">\n\t\t\t\t<h2 class=\"elementor-post__title\">\n\t\t\t<a href=\"https:\/\/costablanca-magazin.com\/nb\/residenten\/beruf-finanzen\/selbstaendigkeit-an-der-costa-blanca\/\" >\n\t\t\t\tSelvstendig n\u00e6ringsdrivende p\u00e5 Costa Blanca\t\t\t<\/a>\n\t\t<\/h2>\n\t\t\t\t<div class=\"elementor-post__excerpt\">\n\t\t\t<p>Selvstendig n\u00e6ringsdrivende i Spania: Juridisk grunnlag, beskyttelse og hva du b\u00f8r v\u00e6re oppmerksom p\u00e5 Selvstendig n\u00e6ringsdrivende i Spania og p\u00e5 Costa Blanca byr p\u00e5 mange muligheter, men krever god forst\u00e5else av det juridiske grunnlaget og sosial sikkerhet. Det er ogs\u00e5 viktig \u00e5 kjenne til dine rettigheter og plikter overfor kundene dine. Juridisk grunnlag i Spania<\/p>\n\t\t<\/div>\n\t\t\n\t\t<a class=\"elementor-post__read-more\" href=\"https:\/\/costablanca-magazin.com\/nb\/residenten\/beruf-finanzen\/selbstaendigkeit-an-der-costa-blanca\/\" aria-label=\"Read more about Selbst\u00e4ndigkeit an der Costa-Blanca\" tabindex=\"-1\" >\n\t\t\tLes mer \u00bb\t\t<\/a>\n\n\t\t\t\t<\/div>\n\t\t\t\t\t<\/div>\n\t\t<\/article>\n\t\t\t\t<article class=\"elementor-post elementor-grid-item post-252 post type-post status-publish format-standard has-post-thumbnail hentry category-beruf-finanzen tag-arbeiten tag-costa-blanca\" role=\"listitem\">\n\t\t\t<div class=\"elementor-post__card\">\n\t\t\t\t<a class=\"elementor-post__thumbnail__link\" href=\"https:\/\/costablanca-magazin.com\/nb\/residenten\/beruf-finanzen\/arbeiten-an-der-costa-blanca\/\" tabindex=\"-1\" ><div class=\"elementor-post__thumbnail\"><img loading=\"lazy\" decoding=\"async\" width=\"300\" height=\"200\" src=\"https:\/\/costablanca-magazin.com\/wp-content\/uploads\/2024\/06\/arbeiten-300x200.jpg\" class=\"attachment-medium size-medium wp-image-253\" alt=\"Arbeidskontrakter og arbeid p\u00e5 Costa Blanca\" srcset=\"https:\/\/costablanca-magazin.com\/wp-content\/uploads\/2024\/06\/arbeiten-300x200.jpg 300w, https:\/\/costablanca-magazin.com\/wp-content\/uploads\/2024\/06\/arbeiten.jpg 768w\" sizes=\"(max-width: 300px) 100vw, 300px\" \/><\/div><\/a>\n\t\t\t\t<div class=\"elementor-post__badge\">Yrke og \u00f8konomi<\/div>\n\t\t\t\t<div class=\"elementor-post__text\">\n\t\t\t\t<h2 class=\"elementor-post__title\">\n\t\t\t<a href=\"https:\/\/costablanca-magazin.com\/nb\/residenten\/beruf-finanzen\/arbeiten-an-der-costa-blanca\/\" >\n\t\t\t\tArbeid p\u00e5 Costa Blanca\t\t\t<\/a>\n\t\t<\/h2>\n\t\t\t\t<div class=\"elementor-post__excerpt\">\n\t\t\t<p>Forskjeller og s\u00e6rtrekk for arbeidstakere i Spania og Tyskland Arbeidslovgivningen i Spania og Tyskland er til dels sv\u00e6rt forskjellig n\u00e5r det gjelder kontraktsrett, skatt og arbeidstakerrettigheter. Begge landene har imidlertid strenge arbeidsrettslige regler som skal beskytte de ansatte og sikre rettferdige arbeidsvilk\u00e5r. Kontraktsrett i Tyskland<\/p>\n\t\t<\/div>\n\t\t\n\t\t<a class=\"elementor-post__read-more\" href=\"https:\/\/costablanca-magazin.com\/nb\/residenten\/beruf-finanzen\/arbeiten-an-der-costa-blanca\/\" aria-label=\"Read more about Arbeiten an der Costa-Blanca\" tabindex=\"-1\" >\n\t\t\tLes mer \u00bb\t\t<\/a>\n\n\t\t\t\t<\/div>\n\t\t\t\t\t<\/div>\n\t\t<\/article>\n\t\t\t\t<\/div>\n\t\t\n\t\t\t\t\t\t<\/div>\n\t\t\t\t<\/div>\n\t\t\t\t\t<\/div>\n\t\t\t\t<\/div>\n\t\t\t\t<\/div>","protected":false},"excerpt":{"rendered":"<p>Als Residenten in Medizin und Verwaltung lernen wir schnell, wie wichtig und Teamarbeit und f\u00fcr Zeitmanagement sind, w\u00e4hrend Auswanderer Budgetplanung und an Versicherungsfragen unseren Alltag pr\u00e4gen und der Weiterbildung sowie Costa Work-Life-Balance stets im Blick bleiben, um Blanca langfristig beruflich und finanziell stabil zu bleiben. Residenten &#8211; Beruf &amp; Finanzen<\/p>","protected":false},"author":1,"featured_media":0,"parent":0,"menu_order":0,"comment_status":"closed","ping_status":"closed","template":"elementor_header_footer","meta":{"footnotes":""},"class_list":["post-4604","page","type-page","status-publish","hentry"],"aioseo_notices":[],"_links":{"self":[{"href":"https:\/\/costablanca-magazin.com\/nb\/wp-json\/wp\/v2\/pages\/4604","targetHints":{"allow":["GET"]}}],"collection":[{"href":"https:\/\/costablanca-magazin.com\/nb\/wp-json\/wp\/v2\/pages"}],"about":[{"href":"https:\/\/costablanca-magazin.com\/nb\/wp-json\/wp\/v2\/types\/page"}],"author":[{"embeddable":true,"href":"https:\/\/costablanca-magazin.com\/nb\/wp-json\/wp\/v2\/users\/1"}],"replies":[{"embeddable":true,"href":"https:\/\/costablanca-magazin.com\/nb\/wp-json\/wp\/v2\/comments?post=4604"}],"version-history":[{"count":21,"href":"https:\/\/costablanca-magazin.com\/nb\/wp-json\/wp\/v2\/pages\/4604\/revisions"}],"predecessor-version":[{"id":10374,"href":"https:\/\/costablanca-magazin.com\/nb\/wp-json\/wp\/v2\/pages\/4604\/revisions\/10374"}],"wp:attachment":[{"href":"https:\/\/costablanca-magazin.com\/nb\/wp-json\/wp\/v2\/media?parent=4604"}],"curies":[{"name":"wp","href":"https:\/\/api.w.org\/{rel}","templated":true}]}}