{"id":4624,"date":"2025-01-21T09:22:54","date_gmt":"2025-01-21T08:22:54","guid":{"rendered":"https:\/\/costablanca-magazin.com\/?page_id=4624"},"modified":"2026-02-11T11:48:11","modified_gmt":"2026-02-11T10:48:11","slug":"animales-naturaleza","status":"publish","type":"page","link":"https:\/\/costablanca-magazin.com\/es\/tiere-natur\/","title":{"rendered":"Animales y naturaleza"},"content":{"rendered":"<div data-elementor-type=\"wp-page\" data-elementor-id=\"4624\" class=\"elementor elementor-4624\" data-elementor-post-type=\"page\">\n\t\t\t\t<div class=\"elementor-element elementor-element-2039c6a e-flex e-con-boxed e-con e-parent\" data-id=\"2039c6a\" data-element_type=\"container\" data-e-type=\"container\">\n\t\t\t\t\t<div class=\"e-con-inner\">\n\t\t<div class=\"elementor-element elementor-element-a8d2a16 e-con-full e-flex e-con e-child\" data-id=\"a8d2a16\" data-element_type=\"container\" data-e-type=\"container\">\n\t\t<div class=\"elementor-element elementor-element-61eee54 e-con-full e-flex e-con e-child\" data-id=\"61eee54\" data-element_type=\"container\" data-e-type=\"container\">\n\t\t\t\t<div class=\"elementor-element elementor-element-c5d8c8a elementor-widget elementor-widget-heading\" data-id=\"c5d8c8a\" data-element_type=\"widget\" data-e-type=\"widget\" data-widget_type=\"heading.default\">\n\t\t\t\t<div class=\"elementor-widget-container\">\n\t\t\t\t\t<h1 class=\"elementor-heading-title elementor-size-default\">Residentes - Animales y naturaleza<\/h1>\t\t\t\t<\/div>\n\t\t\t\t<\/div>\n\t\t\t\t<\/div>\n\t\t<div class=\"elementor-element elementor-element-877d7d8 e-con-full e-grid e-con e-child\" data-id=\"877d7d8\" data-element_type=\"container\" data-e-type=\"container\">\n\t\t\t\t<\/div>\n\t\t\t\t<\/div>\n\t\t\t\t\t<\/div>\n\t\t\t\t<\/div>\n\t\t<div class=\"elementor-element elementor-element-95ab0a2 e-flex e-con-boxed e-con e-parent\" data-id=\"95ab0a2\" data-element_type=\"container\" data-e-type=\"container\">\n\t\t\t\t\t<div class=\"e-con-inner\">\n\t\t\t\t<div class=\"elementor-element elementor-element-2b20d11 elementor-grid-3 elementor-grid-tablet-2 elementor-grid-mobile-1 elementor-posts--thumbnail-top elementor-card-shadow-yes elementor-posts__hover-gradient elementor-widget elementor-widget-posts\" data-id=\"2b20d11\" data-element_type=\"widget\" data-e-type=\"widget\" data-settings=\"{&quot;pagination_type&quot;:&quot;numbers&quot;,&quot;cards_columns&quot;:&quot;3&quot;,&quot;cards_columns_tablet&quot;:&quot;2&quot;,&quot;cards_columns_mobile&quot;:&quot;1&quot;,&quot;cards_row_gap&quot;:{&quot;unit&quot;:&quot;px&quot;,&quot;size&quot;:35,&quot;sizes&quot;:[]},&quot;cards_row_gap_tablet&quot;:{&quot;unit&quot;:&quot;px&quot;,&quot;size&quot;:&quot;&quot;,&quot;sizes&quot;:[]},&quot;cards_row_gap_mobile&quot;:{&quot;unit&quot;:&quot;px&quot;,&quot;size&quot;:&quot;&quot;,&quot;sizes&quot;:[]}}\" data-widget_type=\"posts.cards\">\n\t\t\t\t<div class=\"elementor-widget-container\">\n\t\t\t\t\t\t\t<div class=\"elementor-posts-container elementor-posts elementor-posts--skin-cards elementor-grid\" role=\"list\">\n\t\t\t\t<article class=\"elementor-post elementor-grid-item post-8730 post type-post status-publish format-standard has-post-thumbnail hentry category-tiere-natur tag-eu-heimtierausweis tag-faehre-mit-katze tag-flug-mit-hund tag-haustier-tipps tag-haustier-transportieren tag-reisen-mit-hund tag-reisen-mit-katze tag-tier-im-auto\" role=\"listitem\">\n\t\t\t<div class=\"elementor-post__card\">\n\t\t\t\t<a class=\"elementor-post__thumbnail__link\" href=\"https:\/\/costablanca-magazin.com\/es\/residenten\/tiere-natur\/reisen-mit-hund-und-katze-tipps-fuer-stressfreie-trips\/\" tabindex=\"-1\" ><div class=\"elementor-post__thumbnail\"><img fetchpriority=\"high\" decoding=\"async\" width=\"204\" height=\"300\" src=\"https:\/\/costablanca-magazin.com\/wp-content\/uploads\/2025\/09\/a-joyful-dog-and-a-curious-cat-relaxing-together-i-2025-01-10-03-20-59-utc-e1757881911304-204x300.jpg\" class=\"attachment-medium size-medium wp-image-8767\" alt=\"Viajar con perros y gatos\" srcset=\"https:\/\/costablanca-magazin.com\/wp-content\/uploads\/2025\/09\/a-joyful-dog-and-a-curious-cat-relaxing-together-i-2025-01-10-03-20-59-utc-e1757881911304-204x300.jpg 204w, https:\/\/costablanca-magazin.com\/wp-content\/uploads\/2025\/09\/a-joyful-dog-and-a-curious-cat-relaxing-together-i-2025-01-10-03-20-59-utc-e1757881911304-696x1024.jpg 696w, https:\/\/costablanca-magazin.com\/wp-content\/uploads\/2025\/09\/a-joyful-dog-and-a-curious-cat-relaxing-together-i-2025-01-10-03-20-59-utc-e1757881911304.jpg 726w\" sizes=\"(max-width: 204px) 100vw, 204px\" \/><\/div><\/a>\n\t\t\t\t<div class=\"elementor-post__badge\">Animales y naturaleza<\/div>\n\t\t\t\t<div class=\"elementor-post__text\">\n\t\t\t\t<h2 class=\"elementor-post__title\">\n\t\t\t<a href=\"https:\/\/costablanca-magazin.com\/es\/residenten\/tiere-natur\/reisen-mit-hund-und-katze-tipps-fuer-stressfreie-trips\/\" >\n\t\t\t\tViajar con perros y gatos: consejos para viajar sin estr\u00e9s\t\t\t<\/a>\n\t\t<\/h2>\n\t\t\t\t<div class=\"elementor-post__excerpt\">\n\t\t\t<p>Viajar con perros y gatos: consejos para un viaje sin estr\u00e9s C\u00f3mo llevar a su perro o gato sano y salvo a su destino: coche, avi\u00f3n o ferry: planifique correctamente el pasaporte UE para animales de compa\u00f1\u00eda, la caja de transporte y los descansos de su mascota. Un cambio de aires, un viaje a una isla o una visita a la familia: para muchos, viajar con un animal de compa\u00f1\u00eda es algo natural.<\/p>\n\t\t<\/div>\n\t\t\n\t\t<a class=\"elementor-post__read-more\" href=\"https:\/\/costablanca-magazin.com\/es\/residenten\/tiere-natur\/reisen-mit-hund-und-katze-tipps-fuer-stressfreie-trips\/\" aria-label=\"M\u00e1s informaci\u00f3n sobre Reisen mit Hund und Katze &#8211; Tipps f\u00fcr stressfreie Trips\" tabindex=\"-1\" >\n\t\t\tLeer m\u00e1s \u00bb\t\t<\/a>\n\n\t\t\t\t<\/div>\n\t\t\t\t\t<\/div>\n\t\t<\/article>\n\t\t\t\t<article class=\"elementor-post elementor-grid-item post-7691 post type-post status-publish format-standard has-post-thumbnail hentry category-tiere-natur tag-costa-blanca-2 tag-katzenhilfe-costa-blanca tag-tierschutz tag-tierschutz-costa-blanca\" role=\"listitem\">\n\t\t\t<div class=\"elementor-post__card\">\n\t\t\t\t<a class=\"elementor-post__thumbnail__link\" href=\"https:\/\/costablanca-magazin.com\/es\/residenten\/tiere-natur\/onkas-zweite-chance-tierschutz-costa-blanca\/\" tabindex=\"-1\" ><div class=\"elementor-post__thumbnail\"><img decoding=\"async\" width=\"300\" height=\"169\" src=\"https:\/\/costablanca-magazin.com\/wp-content\/uploads\/2025\/06\/Tierheim-Tierschutz-300x169.jpg\" class=\"attachment-medium size-medium wp-image-7709\" alt=\"La segunda oportunidad de Onka\" srcset=\"https:\/\/costablanca-magazin.com\/wp-content\/uploads\/2025\/06\/Tierheim-Tierschutz-300x169.jpg 300w, https:\/\/costablanca-magazin.com\/wp-content\/uploads\/2025\/06\/Tierheim-Tierschutz-1024x578.jpg 1024w, https:\/\/costablanca-magazin.com\/wp-content\/uploads\/2025\/06\/Tierheim-Tierschutz-768x433.jpg 768w, https:\/\/costablanca-magazin.com\/wp-content\/uploads\/2025\/06\/Tierheim-Tierschutz.jpg 1200w\" sizes=\"(max-width: 300px) 100vw, 300px\" \/><\/div><\/a>\n\t\t\t\t<div class=\"elementor-post__badge\">Animales y naturaleza<\/div>\n\t\t\t\t<div class=\"elementor-post__text\">\n\t\t\t\t<h2 class=\"elementor-post__title\">\n\t\t\t<a href=\"https:\/\/costablanca-magazin.com\/es\/residenten\/tiere-natur\/onkas-zweite-chance-tierschutz-costa-blanca\/\" >\n\t\t\t\tLa segunda oportunidad de Onka - Bienestar animal Costa Blanca\t\t\t<\/a>\n\t\t<\/h2>\n\t\t\t\t<div class=\"elementor-post__excerpt\">\n\t\t\t<p>La segunda oportunidad de Onka - Bienestar Animal Costa Blanca Sin la ayuda de las organizaciones de bienestar animal, los gatos callejeros de la Costa Blanca probablemente estar\u00edan perdidos. La gata Onka ha encontrado su hogar, otros siguen buscando. Calor, el suave ronroneo de mi madre, la cercan\u00eda de mis hermanos: estos son mis primeros recuerdos. Pero entonces lleg\u00f3 el d\u00eda,<\/p>\n\t\t<\/div>\n\t\t\n\t\t<a class=\"elementor-post__read-more\" href=\"https:\/\/costablanca-magazin.com\/es\/residenten\/tiere-natur\/onkas-zweite-chance-tierschutz-costa-blanca\/\" aria-label=\"M\u00e1s informaci\u00f3n sobre Onkas zweite Chance &#8211; Tierschutz Costa Blanca\" tabindex=\"-1\" >\n\t\t\tLeer m\u00e1s \u00bb\t\t<\/a>\n\n\t\t\t\t<\/div>\n\t\t\t\t\t<\/div>\n\t\t<\/article>\n\t\t\t\t<article class=\"elementor-post elementor-grid-item post-6785 post type-post status-publish format-standard has-post-thumbnail hentry category-tiere-natur tag-hunde-im-urlaub tag-hunde-strand-costa-blanca tag-regeln-hunde-costablanca tag-straende-an-der-costablanca\" role=\"listitem\">\n\t\t\t<div class=\"elementor-post__card\">\n\t\t\t\t<a class=\"elementor-post__thumbnail__link\" href=\"https:\/\/costablanca-magazin.com\/es\/residenten\/tiere-natur\/pfoten-an-den-strand-mit-hund-an-der-costa-blanca\/\" tabindex=\"-1\" ><div class=\"elementor-post__thumbnail\"><img decoding=\"async\" width=\"300\" height=\"200\" src=\"https:\/\/costablanca-magazin.com\/wp-content\/uploads\/2025\/05\/fit-and-active-labrador-retriever-dog-running-out-2025-01-08-20-43-58-utc-300x200.jpg\" class=\"attachment-medium size-medium wp-image-6790\" alt=\"Patas en la playa: con perro en la Costa Blanca 1\" srcset=\"https:\/\/costablanca-magazin.com\/wp-content\/uploads\/2025\/05\/fit-and-active-labrador-retriever-dog-running-out-2025-01-08-20-43-58-utc-300x200.jpg 300w, https:\/\/costablanca-magazin.com\/wp-content\/uploads\/2025\/05\/fit-and-active-labrador-retriever-dog-running-out-2025-01-08-20-43-58-utc-1024x682.jpg 1024w, https:\/\/costablanca-magazin.com\/wp-content\/uploads\/2025\/05\/fit-and-active-labrador-retriever-dog-running-out-2025-01-08-20-43-58-utc-768x511.jpg 768w, https:\/\/costablanca-magazin.com\/wp-content\/uploads\/2025\/05\/fit-and-active-labrador-retriever-dog-running-out-2025-01-08-20-43-58-utc.jpg 1200w\" sizes=\"(max-width: 300px) 100vw, 300px\" \/><\/div><\/a>\n\t\t\t\t<div class=\"elementor-post__badge\">Animales y naturaleza<\/div>\n\t\t\t\t<div class=\"elementor-post__text\">\n\t\t\t\t<h2 class=\"elementor-post__title\">\n\t\t\t<a href=\"https:\/\/costablanca-magazin.com\/es\/residenten\/tiere-natur\/pfoten-an-den-strand-mit-hund-an-der-costa-blanca\/\" >\n\t\t\t\tPatas en la playa - con su perro en la Costa Blanca\t\t\t<\/a>\n\t\t<\/h2>\n\t\t\t\t<div class=\"elementor-post__excerpt\">\n\t\t\t<p>Patas en la playa - con un perro en la Costa Blanca Lo que est\u00e1 permitido, lo que es molesto - y donde los amigos de cuatro patas se les permite en el agua sin ser molestados en la Marina Alta y Marina Baixa. Una visi\u00f3n general para due\u00f1os con coraz\u00f3n y actitud. Para muchos, los perros son algo m\u00e1s que compa\u00f1eros: son<\/p>\n\t\t<\/div>\n\t\t\n\t\t<a class=\"elementor-post__read-more\" href=\"https:\/\/costablanca-magazin.com\/es\/residenten\/tiere-natur\/pfoten-an-den-strand-mit-hund-an-der-costa-blanca\/\" aria-label=\"M\u00e1s informaci\u00f3n sobre Pfoten an den Strand &#8211; Mit Hund an der Costa Blanca\" tabindex=\"-1\" >\n\t\t\tLeer m\u00e1s \u00bb\t\t<\/a>\n\n\t\t\t\t<\/div>\n\t\t\t\t\t<\/div>\n\t\t<\/article>\n\t\t\t\t<article class=\"elementor-post elementor-grid-item post-5707 post type-post status-publish format-standard has-post-thumbnail hentry category-tiere-natur tag-callosa-den-sarria tag-feria-del-nispero tag-fruechte-callosa-den-sarria tag-nispero-costa-blanca tag-nispero-gesundheitliche-vorteile\" role=\"listitem\">\n\t\t\t<div class=\"elementor-post__card\">\n\t\t\t\t<a class=\"elementor-post__thumbnail__link\" href=\"https:\/\/costablanca-magazin.com\/es\/residenten\/tiere-natur\/costa-blanca-nispero-eine-kleine-frucht-grosse-tradition\/\" tabindex=\"-1\" ><div class=\"elementor-post__thumbnail\"><img loading=\"lazy\" decoding=\"async\" width=\"300\" height=\"200\" src=\"https:\/\/costablanca-magazin.com\/wp-content\/uploads\/2025\/04\/loquat-fruit-nispero-eriobotrya-japonica-loquat-2024-11-26-15-38-52-utc-300x200.jpg\" class=\"attachment-medium size-medium wp-image-5721\" alt=\"Fruta peque\u00f1a y delicada, gran tradici\u00f3n: el n\u00edspero de Callosa d&#039;en Sarri\u00e0 2\" srcset=\"https:\/\/costablanca-magazin.com\/wp-content\/uploads\/2025\/04\/loquat-fruit-nispero-eriobotrya-japonica-loquat-2024-11-26-15-38-52-utc-300x200.jpg 300w, https:\/\/costablanca-magazin.com\/wp-content\/uploads\/2025\/04\/loquat-fruit-nispero-eriobotrya-japonica-loquat-2024-11-26-15-38-52-utc-1024x683.jpg 1024w, https:\/\/costablanca-magazin.com\/wp-content\/uploads\/2025\/04\/loquat-fruit-nispero-eriobotrya-japonica-loquat-2024-11-26-15-38-52-utc-768x512.jpg 768w, https:\/\/costablanca-magazin.com\/wp-content\/uploads\/2025\/04\/loquat-fruit-nispero-eriobotrya-japonica-loquat-2024-11-26-15-38-52-utc-1536x1024.jpg 1536w, https:\/\/costablanca-magazin.com\/wp-content\/uploads\/2025\/04\/loquat-fruit-nispero-eriobotrya-japonica-loquat-2024-11-26-15-38-52-utc-2048x1365.jpg 2048w\" sizes=\"(max-width: 300px) 100vw, 300px\" \/><\/div><\/a>\n\t\t\t\t<div class=\"elementor-post__badge\">Animales y naturaleza<\/div>\n\t\t\t\t<div class=\"elementor-post__text\">\n\t\t\t\t<h2 class=\"elementor-post__title\">\n\t\t\t<a href=\"https:\/\/costablanca-magazin.com\/es\/residenten\/tiere-natur\/costa-blanca-nispero-eine-kleine-frucht-grosse-tradition\/\" >\n\t\t\t\tCosta Blanca - N\u00edspero un peque\u00f1o fruto, una gran tradici\u00f3n\t\t\t<\/a>\n\t\t<\/h2>\n\t\t\t\t<div class=\"elementor-post__excerpt\">\n\t\t\t<p>Costa Blanca - N\u00edspero una peque\u00f1a fruta, una gran tradici\u00f3n Por qu\u00e9 el peque\u00f1o n\u00edspero es un gran negocio en los alrededores de Callosa, Polop y La Nuc\u00eda. Cuando comienza la temporada del n\u00edspero en Callosa d'en Sarri\u00e0, Polop o La Nuc\u00eda, la actividad es fren\u00e9tica. El fruto, de color naranja p\u00e1lido, debe recolectarse en pocas semanas,<\/p>\n\t\t<\/div>\n\t\t\n\t\t<a class=\"elementor-post__read-more\" href=\"https:\/\/costablanca-magazin.com\/es\/residenten\/tiere-natur\/costa-blanca-nispero-eine-kleine-frucht-grosse-tradition\/\" aria-label=\"M\u00e1s informaci\u00f3n sobre Costa Blanca &#8211; N\u00edspero eine Kleine Frucht, gro\u00dfe Tradition\" tabindex=\"-1\" >\n\t\t\tLeer m\u00e1s \u00bb\t\t<\/a>\n\n\t\t\t\t<\/div>\n\t\t\t\t\t<\/div>\n\t\t<\/article>\n\t\t\t\t<article class=\"elementor-post elementor-grid-item post-5263 post type-post status-publish format-standard has-post-thumbnail hentry category-tiere-natur tag-buerokratie tag-kiefernsterben tag-klimawande tag-naturschutz tag-schaedlinge tag-sierra-helada tag-trockenheit tag-waldbraende tag-waldsterben tag-wiederaufforstung\" role=\"listitem\">\n\t\t\t<div class=\"elementor-post__card\">\n\t\t\t\t<a class=\"elementor-post__thumbnail__link\" href=\"https:\/\/costablanca-magazin.com\/es\/residenten\/tiere-natur\/sterbende-kiefernwaelder-costa-blanca-oekosystem-im-umbruch\/\" tabindex=\"-1\" ><div class=\"elementor-post__thumbnail\"><img loading=\"lazy\" decoding=\"async\" width=\"300\" height=\"225\" src=\"https:\/\/costablanca-magazin.com\/wp-content\/uploads\/2025\/03\/20250309_103319-300x225.jpg\" class=\"attachment-medium size-medium wp-image-5281\" alt=\"Bosques de pinos moribundos en la Costa Blanca: un ecosistema en un punto de inflexi\u00f3n 17\" srcset=\"https:\/\/costablanca-magazin.com\/wp-content\/uploads\/2025\/03\/20250309_103319-300x225.jpg 300w, https:\/\/costablanca-magazin.com\/wp-content\/uploads\/2025\/03\/20250309_103319-1024x768.jpg 1024w, https:\/\/costablanca-magazin.com\/wp-content\/uploads\/2025\/03\/20250309_103319-768x576.jpg 768w, https:\/\/costablanca-magazin.com\/wp-content\/uploads\/2025\/03\/20250309_103319-1536x1152.jpg 1536w, https:\/\/costablanca-magazin.com\/wp-content\/uploads\/2025\/03\/20250309_103319-2048x1536.jpg 2048w\" sizes=\"(max-width: 300px) 100vw, 300px\" \/><\/div><\/a>\n\t\t\t\t<div class=\"elementor-post__badge\">Animales y naturaleza<\/div>\n\t\t\t\t<div class=\"elementor-post__text\">\n\t\t\t\t<h2 class=\"elementor-post__title\">\n\t\t\t<a href=\"https:\/\/costablanca-magazin.com\/es\/residenten\/tiere-natur\/sterbende-kiefernwaelder-costa-blanca-oekosystem-im-umbruch\/\" >\n\t\t\t\tBosques de pinos moribundos en la Costa Blanca: ecosistema convulso\t\t\t<\/a>\n\t\t<\/h2>\n\t\t\t\t<div class=\"elementor-post__excerpt\">\n\t\t\t<p>Bosques de pinos moribundos en la Costa Blanca: un ecosistema en un punto de inflexi\u00f3n Expertos en sequ\u00eda, plagas y falta de recursos: por qu\u00e9 est\u00e1n desapareciendo miles de \u00e1rboles y qu\u00e9 significa esto para el futuro. Laderas secas, esqueletos grises y riesgo creciente de incendios: la muerte de los bosques de la Costa Blanca adquiere proporciones preocupantes. La Sierra<\/p>\n\t\t<\/div>\n\t\t\n\t\t<a class=\"elementor-post__read-more\" href=\"https:\/\/costablanca-magazin.com\/es\/residenten\/tiere-natur\/sterbende-kiefernwaelder-costa-blanca-oekosystem-im-umbruch\/\" aria-label=\"M\u00e1s informaci\u00f3n sobre Sterbende Kiefernw\u00e4lder Costa Blanca &#8211; \u00d6kosystem im Umbruch\" tabindex=\"-1\" >\n\t\t\tLeer m\u00e1s \u00bb\t\t<\/a>\n\n\t\t\t\t<\/div>\n\t\t\t\t\t<\/div>\n\t\t<\/article>\n\t\t\t\t<\/div>\n\t\t\n\t\t\t\t\t\t<\/div>\n\t\t\t\t<\/div>\n\t\t\t\t\t<\/div>\n\t\t\t\t<\/div>\n\t\t\t\t<\/div>","protected":false},"excerpt":{"rendered":"<p>In unserer Serie \u00fcber Residenten der Kategorie Tiere &amp; Natur entdecke ich an am Morgen, w\u00e4hrend der am Flussufer ruht und Costa in den B\u00e4umen zwitschern, sodass Blanca und Haustiere friedlich koexistieren, w\u00e4hrend Tierschutz auf Nahrungssuche ist und erleben aufmerksam beobachtet wird. Residenten &#8211; Tiere &amp; Natur<\/p>","protected":false},"author":1,"featured_media":0,"parent":0,"menu_order":0,"comment_status":"closed","ping_status":"closed","template":"elementor_header_footer","meta":{"om_disable_all_campaigns":false,"_monsterinsights_skip_tracking":false,"_monsterinsights_sitenote_active":false,"_monsterinsights_sitenote_note":"","_monsterinsights_sitenote_category":0,"footnotes":""},"class_list":["post-4624","page","type-page","status-publish","hentry"],"aioseo_notices":[],"_links":{"self":[{"href":"https:\/\/costablanca-magazin.com\/es\/wp-json\/wp\/v2\/pages\/4624","targetHints":{"allow":["GET"]}}],"collection":[{"href":"https:\/\/costablanca-magazin.com\/es\/wp-json\/wp\/v2\/pages"}],"about":[{"href":"https:\/\/costablanca-magazin.com\/es\/wp-json\/wp\/v2\/types\/page"}],"author":[{"embeddable":true,"href":"https:\/\/costablanca-magazin.com\/es\/wp-json\/wp\/v2\/users\/1"}],"replies":[{"embeddable":true,"href":"https:\/\/costablanca-magazin.com\/es\/wp-json\/wp\/v2\/comments?post=4624"}],"version-history":[{"count":18,"href":"https:\/\/costablanca-magazin.com\/es\/wp-json\/wp\/v2\/pages\/4624\/revisions"}],"predecessor-version":[{"id":10378,"href":"https:\/\/costablanca-magazin.com\/es\/wp-json\/wp\/v2\/pages\/4624\/revisions\/10378"}],"wp:attachment":[{"href":"https:\/\/costablanca-magazin.com\/es\/wp-json\/wp\/v2\/media?parent=4624"}],"curies":[{"name":"wp","href":"https:\/\/api.w.org\/{rel}","templated":true}]}}