{"id":4619,"date":"2025-01-21T09:21:55","date_gmt":"2025-01-21T08:21:55","guid":{"rendered":"https:\/\/costablanca-magazin.com\/?page_id=4619"},"modified":"2026-02-11T11:46:46","modified_gmt":"2026-02-11T10:46:46","slug":"vivir-en-espana","status":"publish","type":"page","link":"https:\/\/costablanca-magazin.com\/es\/leben-in-spanien\/","title":{"rendered":"Vivir en Espa\u00f1a"},"content":{"rendered":"<div data-elementor-type=\"wp-page\" data-elementor-id=\"4619\" class=\"elementor elementor-4619\" data-elementor-post-type=\"page\">\n\t\t\t\t<div class=\"elementor-element elementor-element-b72f7ae e-flex e-con-boxed e-con e-parent\" data-id=\"b72f7ae\" data-element_type=\"container\" data-e-type=\"container\">\n\t\t\t\t\t<div class=\"e-con-inner\">\n\t\t\t\t<div class=\"elementor-element elementor-element-c66daae elementor-widget elementor-widget-heading\" data-id=\"c66daae\" data-element_type=\"widget\" data-e-type=\"widget\" data-widget_type=\"heading.default\">\n\t\t\t\t<div class=\"elementor-widget-container\">\n\t\t\t\t\t<h1 class=\"elementor-heading-title elementor-size-default\">Residentes - Vivir en Espa\u00f1a<\/h1>\t\t\t\t<\/div>\n\t\t\t\t<\/div>\n\t\t\t\t\t<\/div>\n\t\t\t\t<\/div>\n\t\t<div class=\"elementor-element elementor-element-24dcc65 e-flex e-con-boxed e-con e-parent\" data-id=\"24dcc65\" data-element_type=\"container\" data-e-type=\"container\">\n\t\t\t\t\t<div class=\"e-con-inner\">\n\t\t\t\t<div class=\"elementor-element elementor-element-ad7491b elementor-grid-3 elementor-grid-tablet-2 elementor-grid-mobile-1 elementor-posts--thumbnail-top elementor-card-shadow-yes elementor-posts__hover-gradient elementor-widget elementor-widget-posts\" data-id=\"ad7491b\" data-element_type=\"widget\" data-e-type=\"widget\" data-settings=\"{&quot;pagination_type&quot;:&quot;numbers&quot;,&quot;cards_columns&quot;:&quot;3&quot;,&quot;cards_columns_tablet&quot;:&quot;2&quot;,&quot;cards_columns_mobile&quot;:&quot;1&quot;,&quot;cards_row_gap&quot;:{&quot;unit&quot;:&quot;px&quot;,&quot;size&quot;:35,&quot;sizes&quot;:[]},&quot;cards_row_gap_tablet&quot;:{&quot;unit&quot;:&quot;px&quot;,&quot;size&quot;:&quot;&quot;,&quot;sizes&quot;:[]},&quot;cards_row_gap_mobile&quot;:{&quot;unit&quot;:&quot;px&quot;,&quot;size&quot;:&quot;&quot;,&quot;sizes&quot;:[]}}\" data-widget_type=\"posts.cards\">\n\t\t\t\t<div class=\"elementor-widget-container\">\n\t\t\t\t\t\t\t<div class=\"elementor-posts-container elementor-posts elementor-posts--skin-cards elementor-grid\" role=\"list\">\n\t\t\t\t<article class=\"elementor-post elementor-grid-item post-11389 post type-post status-publish format-standard has-post-thumbnail hentry category-leben-in-spanien tag-antrag-pflege-spanien tag-comunitat-valenciana-pflege tag-dependencia-costa-blanca tag-pflege-costa-blanca tag-pflegegrad-spanien tag-pflegehilfe-alicante\" role=\"listitem\">\n\t\t\t<div class=\"elementor-post__card\">\n\t\t\t\t<a class=\"elementor-post__thumbnail__link\" href=\"https:\/\/costablanca-magazin.com\/es\/residenten\/leben-in-spanien\/pflege-an-der-costa-blanca-leistungen-antrag-und-hilfe\/\" tabindex=\"-1\" ><div class=\"elementor-post__thumbnail\"><img decoding=\"async\" width=\"300\" height=\"100\" src=\"https:\/\/costablanca-magazin.com\/wp-content\/uploads\/2026\/04\/AdobeStock_210113313-300x100.jpeg\" class=\"attachment-medium size-medium wp-image-11390\" alt=\"Cuando el cuidado se convierte de repente en un problema en la Costa Blanca\" srcset=\"https:\/\/costablanca-magazin.com\/wp-content\/uploads\/2026\/04\/AdobeStock_210113313-300x100.jpeg 300w, https:\/\/costablanca-magazin.com\/wp-content\/uploads\/2026\/04\/AdobeStock_210113313-1024x341.jpeg 1024w, https:\/\/costablanca-magazin.com\/wp-content\/uploads\/2026\/04\/AdobeStock_210113313-768x256.jpeg 768w, https:\/\/costablanca-magazin.com\/wp-content\/uploads\/2026\/04\/AdobeStock_210113313-1536x512.jpeg 1536w, https:\/\/costablanca-magazin.com\/wp-content\/uploads\/2026\/04\/AdobeStock_210113313-2048x682.jpeg 2048w, https:\/\/costablanca-magazin.com\/wp-content\/uploads\/2026\/04\/AdobeStock_210113313-18x6.jpeg 18w\" sizes=\"(max-width: 300px) 100vw, 300px\" \/><\/div><\/a>\n\t\t\t\t<div class=\"elementor-post__badge\">Vivir en Espa\u00f1a<\/div>\n\t\t\t\t<div class=\"elementor-post__text\">\n\t\t\t\t<h2 class=\"elementor-post__title\">\n\t\t\t<a href=\"https:\/\/costablanca-magazin.com\/es\/residenten\/leben-in-spanien\/pflege-an-der-costa-blanca-leistungen-antrag-und-hilfe\/\" >\n\t\t\t\tCuidados en la Costa Blanca - prestaciones, solicitud y asistencia\t\t\t<\/a>\n\t\t<\/h2>\n\t\t\t\t<div class=\"elementor-post__excerpt\">\n\t\t\t<p>Cuando los cuidados se convierten de repente en un problema en la Costa Blanca Qu\u00e9 ayudas presta el sistema p\u00fablico - y c\u00f3mo funciona realmente el acceso en la Comunitat Valenciana Una ca\u00edda, un diagn\u00f3stico o el momento en que la vida cotidiana ya no puede funcionar sin ayuda: Esto tambi\u00e9n ocurre en la Costa<\/p>\n\t\t<\/div>\n\t\t\n\t\t<a class=\"elementor-post__read-more\" href=\"https:\/\/costablanca-magazin.com\/es\/residenten\/leben-in-spanien\/pflege-an-der-costa-blanca-leistungen-antrag-und-hilfe\/\" aria-label=\"M\u00e1s informaci\u00f3n sobre Pflege an der Costa Blanca &#8211; Leistungen, Antrag und Hilfe\" tabindex=\"-1\" >\n\t\t\tLeer m\u00e1s \u00bb\t\t<\/a>\n\n\t\t\t\t<\/div>\n\t\t\t\t\t<\/div>\n\t\t<\/article>\n\t\t\t\t<article class=\"elementor-post elementor-grid-item post-11377 post type-post status-publish format-standard has-post-thumbnail hentry category-leben-in-spanien tag-geburt-spanien tag-mutterschutz-spanien tag-schwangerschaft-costa-blanca tag-seguridad-social-schwangerschaft\" role=\"listitem\">\n\t\t\t<div class=\"elementor-post__card\">\n\t\t\t\t<a class=\"elementor-post__thumbnail__link\" href=\"https:\/\/costablanca-magazin.com\/es\/residenten\/leben-in-spanien\/schwangerschaft-an-der-costa-blanca-vorsorge-mutterschutz\/\" tabindex=\"-1\" ><div class=\"elementor-post__thumbnail\"><img decoding=\"async\" width=\"300\" height=\"98\" src=\"https:\/\/costablanca-magazin.com\/wp-content\/uploads\/2026\/04\/smiling-happy-pregnant-woman-wear-casual-dress-ove-2023-11-27-05-23-42-utc-e1776345378550-300x98.jpg\" class=\"attachment-medium size-medium wp-image-11381\" alt=\"Embarazada en la Costa Blanca: embarazo, parto, protecci\u00f3n de la maternidad y prestaciones econ\u00f3micas en Espa\u00f1a\" srcset=\"https:\/\/costablanca-magazin.com\/wp-content\/uploads\/2026\/04\/smiling-happy-pregnant-woman-wear-casual-dress-ove-2023-11-27-05-23-42-utc-e1776345378550-300x98.jpg 300w, https:\/\/costablanca-magazin.com\/wp-content\/uploads\/2026\/04\/smiling-happy-pregnant-woman-wear-casual-dress-ove-2023-11-27-05-23-42-utc-e1776345378550-1024x334.jpg 1024w, https:\/\/costablanca-magazin.com\/wp-content\/uploads\/2026\/04\/smiling-happy-pregnant-woman-wear-casual-dress-ove-2023-11-27-05-23-42-utc-e1776345378550-768x251.jpg 768w, https:\/\/costablanca-magazin.com\/wp-content\/uploads\/2026\/04\/smiling-happy-pregnant-woman-wear-casual-dress-ove-2023-11-27-05-23-42-utc-e1776345378550-1536x502.jpg 1536w, https:\/\/costablanca-magazin.com\/wp-content\/uploads\/2026\/04\/smiling-happy-pregnant-woman-wear-casual-dress-ove-2023-11-27-05-23-42-utc-e1776345378550-2048x669.jpg 2048w, https:\/\/costablanca-magazin.com\/wp-content\/uploads\/2026\/04\/smiling-happy-pregnant-woman-wear-casual-dress-ove-2023-11-27-05-23-42-utc-e1776345378550-18x6.jpg 18w\" sizes=\"(max-width: 300px) 100vw, 300px\" \/><\/div><\/a>\n\t\t\t\t<div class=\"elementor-post__badge\">Vivir en Espa\u00f1a<\/div>\n\t\t\t\t<div class=\"elementor-post__text\">\n\t\t\t\t<h2 class=\"elementor-post__title\">\n\t\t\t<a href=\"https:\/\/costablanca-magazin.com\/es\/residenten\/leben-in-spanien\/schwangerschaft-an-der-costa-blanca-vorsorge-mutterschutz\/\" >\n\t\t\t\tEmbarazo Costa Blanca: Prevenci\u00f3n y protecci\u00f3n de la maternidad\t\t\t<\/a>\n\t\t<\/h2>\n\t\t\t\t<div class=\"elementor-post__excerpt\">\n\t\t\t<p>Embarazo en la Costa Blanca Derechos, asistencia, parto y prestaciones econ\u00f3micas en la Costa Blanca El embarazo conlleva organizaci\u00f3n: m\u00e9dica, profesional y administrativa. Quienes viven en la Costa Blanca se benefician del sistema sanitario espa\u00f1ol y de una patria potestad claramente regulada. Es fundamental tomar las medidas adecuadas en una fase temprana, desde el primer embarazo hasta el parto.<\/p>\n\t\t<\/div>\n\t\t\n\t\t<a class=\"elementor-post__read-more\" href=\"https:\/\/costablanca-magazin.com\/es\/residenten\/leben-in-spanien\/schwangerschaft-an-der-costa-blanca-vorsorge-mutterschutz\/\" aria-label=\"M\u00e1s informaci\u00f3n sobre Schwangerschaft Costa Blanca: Vorsorge und Mutterschutz\" tabindex=\"-1\" >\n\t\t\tLeer m\u00e1s \u00bb\t\t<\/a>\n\n\t\t\t\t<\/div>\n\t\t\t\t\t<\/div>\n\t\t<\/article>\n\t\t\t\t<article class=\"elementor-post elementor-grid-item post-10837 post type-post status-publish format-standard has-post-thumbnail hentry category-leben-in-spanien tag-hoja-de-reclamaciones-valencia tag-omic-valencia-beschwerde tag-online-bestellung-spanien tag-online-betrug-anzeige tag-online-kauf-spanien-reklamation tag-probleme-mit-handwerk-spanien tag-verbraucherrechte-costa-blanca\" role=\"listitem\">\n\t\t\t<div class=\"elementor-post__card\">\n\t\t\t\t<a class=\"elementor-post__thumbnail__link\" href=\"https:\/\/costablanca-magazin.com\/es\/residenten\/leben-in-spanien\/verbraucherrechte-an-der-costa-blanca-richtig-reklamieren\/\" tabindex=\"-1\" ><div class=\"elementor-post__thumbnail\"><img decoding=\"async\" width=\"300\" height=\"152\" src=\"https:\/\/costablanca-magazin.com\/wp-content\/uploads\/2026\/03\/stressed-woman-experiencing-small-business-e-comme-2025-10-29-20-34-55-utc-e1772544143175-300x152.jpg\" class=\"attachment-medium size-medium wp-image-10850\" alt=\"Derechos del consumidor en la Costa Blanca: reclamar correctamente\" srcset=\"https:\/\/costablanca-magazin.com\/wp-content\/uploads\/2026\/03\/stressed-woman-experiencing-small-business-e-comme-2025-10-29-20-34-55-utc-e1772544143175-300x152.jpg 300w, https:\/\/costablanca-magazin.com\/wp-content\/uploads\/2026\/03\/stressed-woman-experiencing-small-business-e-comme-2025-10-29-20-34-55-utc-e1772544143175-1024x517.jpg 1024w, https:\/\/costablanca-magazin.com\/wp-content\/uploads\/2026\/03\/stressed-woman-experiencing-small-business-e-comme-2025-10-29-20-34-55-utc-e1772544143175-768x388.jpg 768w, https:\/\/costablanca-magazin.com\/wp-content\/uploads\/2026\/03\/stressed-woman-experiencing-small-business-e-comme-2025-10-29-20-34-55-utc-e1772544143175-1536x776.jpg 1536w, https:\/\/costablanca-magazin.com\/wp-content\/uploads\/2026\/03\/stressed-woman-experiencing-small-business-e-comme-2025-10-29-20-34-55-utc-e1772544143175-2048x1034.jpg 2048w, https:\/\/costablanca-magazin.com\/wp-content\/uploads\/2026\/03\/stressed-woman-experiencing-small-business-e-comme-2025-10-29-20-34-55-utc-e1772544143175-18x9.jpg 18w\" sizes=\"(max-width: 300px) 100vw, 300px\" \/><\/div><\/a>\n\t\t\t\t<div class=\"elementor-post__badge\">Vivir en Espa\u00f1a<\/div>\n\t\t\t\t<div class=\"elementor-post__text\">\n\t\t\t\t<h2 class=\"elementor-post__title\">\n\t\t\t<a href=\"https:\/\/costablanca-magazin.com\/es\/residenten\/leben-in-spanien\/verbraucherrechte-an-der-costa-blanca-richtig-reklamieren\/\" >\n\t\t\t\tDerechos del consumidor en la Costa Blanca - C\u00f3mo reclamar correctamente\t\t\t<\/a>\n\t\t<\/h2>\n\t\t\t\t<div class=\"elementor-post__excerpt\">\n\t\t\t<p>Derechos del consumidor en la Costa Blanca - Reclamar correctamente \u00bfQu\u00e9 hacer en caso de litigio con comerciantes o comerciantes en l\u00ednea? Derechos, Hoja de Reclamaciones y procedimientos en la Costa Blanca. Las obras de reforma se retrasan, la factura final es mucho m\u00e1s alta que el presupuesto o un paquete en l\u00ednea nunca llega - las disputas sobre los derechos de los consumidores tambi\u00e9n pueden surgir entre<\/p>\n\t\t<\/div>\n\t\t\n\t\t<a class=\"elementor-post__read-more\" href=\"https:\/\/costablanca-magazin.com\/es\/residenten\/leben-in-spanien\/verbraucherrechte-an-der-costa-blanca-richtig-reklamieren\/\" aria-label=\"M\u00e1s informaci\u00f3n sobre Verbraucherrechte an der Costa Blanca &#8211; Richtig reklamieren\" tabindex=\"-1\" >\n\t\t\tLeer m\u00e1s \u00bb\t\t<\/a>\n\n\t\t\t\t<\/div>\n\t\t\t\t\t<\/div>\n\t\t<\/article>\n\t\t\t\t<article class=\"elementor-post elementor-grid-item post-10835 post type-post status-publish format-standard has-post-thumbnail hentry category-leben-in-spanien tag-denuncia-spanien tag-einbruch-costa-blanca tag-fahrzeugeinbruch-costa-blanca tag-guardia-civil-anzeige tag-policia-nacional-notruf tag-versicherung-einbruch-spanien\" role=\"listitem\">\n\t\t\t<div class=\"elementor-post__card\">\n\t\t\t\t<a class=\"elementor-post__thumbnail__link\" href=\"https:\/\/costablanca-magazin.com\/es\/residenten\/leben-in-spanien\/einbruch-costa-blanca-polizei-anzeige-und-versicherung\/\" tabindex=\"-1\" ><div class=\"elementor-post__thumbnail\"><img loading=\"lazy\" decoding=\"async\" width=\"300\" height=\"151\" src=\"https:\/\/costablanca-magazin.com\/wp-content\/uploads\/2026\/03\/bandit-in-balaclava-holding-a-crowbar-to-break-a-g-2024-12-07-19-25-35-utc-300x151.jpg\" class=\"attachment-medium size-medium wp-image-10839\" alt=\"Robo Costa Blanca: denuncia, llama a la polic\u00eda, avisa al seguro\" srcset=\"https:\/\/costablanca-magazin.com\/wp-content\/uploads\/2026\/03\/bandit-in-balaclava-holding-a-crowbar-to-break-a-g-2024-12-07-19-25-35-utc-300x151.jpg 300w, https:\/\/costablanca-magazin.com\/wp-content\/uploads\/2026\/03\/bandit-in-balaclava-holding-a-crowbar-to-break-a-g-2024-12-07-19-25-35-utc-1024x514.jpg 1024w, https:\/\/costablanca-magazin.com\/wp-content\/uploads\/2026\/03\/bandit-in-balaclava-holding-a-crowbar-to-break-a-g-2024-12-07-19-25-35-utc-768x385.jpg 768w, https:\/\/costablanca-magazin.com\/wp-content\/uploads\/2026\/03\/bandit-in-balaclava-holding-a-crowbar-to-break-a-g-2024-12-07-19-25-35-utc-1536x771.jpg 1536w, https:\/\/costablanca-magazin.com\/wp-content\/uploads\/2026\/03\/bandit-in-balaclava-holding-a-crowbar-to-break-a-g-2024-12-07-19-25-35-utc-2048x1028.jpg 2048w, https:\/\/costablanca-magazin.com\/wp-content\/uploads\/2026\/03\/bandit-in-balaclava-holding-a-crowbar-to-break-a-g-2024-12-07-19-25-35-utc-18x9.jpg 18w\" sizes=\"(max-width: 300px) 100vw, 300px\" \/><\/div><\/a>\n\t\t\t\t<div class=\"elementor-post__badge\">Vivir en Espa\u00f1a<\/div>\n\t\t\t\t<div class=\"elementor-post__text\">\n\t\t\t\t<h2 class=\"elementor-post__title\">\n\t\t\t<a href=\"https:\/\/costablanca-magazin.com\/es\/residenten\/leben-in-spanien\/einbruch-costa-blanca-polizei-anzeige-und-versicherung\/\" >\n\t\t\t\tRobo Costa Blanca - Polic\u00eda, denuncia y seguro\t\t\t<\/a>\n\t\t<\/h2>\n\t\t\t\t<div class=\"elementor-post__excerpt\">\n\t\t\t<p>Robo en la Costa Blanca - presente una denuncia, informe a la polic\u00eda y a la compa\u00f1\u00eda de seguros \u00bfRobo en su casa o en su coche en la Costa Blanca? Qu\u00e9 pasos dar ahora: Avisar a la polic\u00eda, poner una denuncia, informar correctamente a la compa\u00f1\u00eda de seguros - explicado en pocas palabras Una ventana abierta, una puerta de patio forzada, cajones saqueados - los robos tambi\u00e9n son comunes entre D\u00e9nia y Villajoyosa.<\/p>\n\t\t<\/div>\n\t\t\n\t\t<a class=\"elementor-post__read-more\" href=\"https:\/\/costablanca-magazin.com\/es\/residenten\/leben-in-spanien\/einbruch-costa-blanca-polizei-anzeige-und-versicherung\/\" aria-label=\"M\u00e1s informaci\u00f3n sobre Einbruch Costa Blanca &#8211; Polizei, Anzeige und Versicherung\" tabindex=\"-1\" >\n\t\t\tLeer m\u00e1s \u00bb\t\t<\/a>\n\n\t\t\t\t<\/div>\n\t\t\t\t\t<\/div>\n\t\t<\/article>\n\t\t\t\t<article class=\"elementor-post elementor-grid-item post-10777 post type-post status-publish format-standard has-post-thumbnail hentry category-leben-in-spanien tag-briefporto-spanien-2026 tag-correos-tarife-2026-spanien tag-nachsendeauftrag-spanien-reenvio-postal tag-paketversand-spanien-eu-preise tag-porto-grossbritannien-spanien-einschreiben-spanien-kosten tag-post-costa-blanca-preise tag-postfach-spanien-apartado-de-correos\" role=\"listitem\">\n\t\t\t<div class=\"elementor-post__card\">\n\t\t\t\t<a class=\"elementor-post__thumbnail__link\" href=\"https:\/\/costablanca-magazin.com\/es\/residenten\/leben-in-spanien\/correos-2026-costa-blanca-neue-brief-und-paketpreise\/\" tabindex=\"-1\" ><div class=\"elementor-post__thumbnail\"><img loading=\"lazy\" decoding=\"async\" width=\"300\" height=\"281\" src=\"https:\/\/costablanca-magazin.com\/wp-content\/uploads\/2026\/02\/correosBild-300x281.jpg\" class=\"attachment-medium size-medium wp-image-10788\" alt=\"Correos 2026: Nuevos precios de las cartas y paquetes en Espa\u00f1a - Panorama de los costes en Europa y el Reino Unido\" srcset=\"https:\/\/costablanca-magazin.com\/wp-content\/uploads\/2026\/02\/correosBild-300x281.jpg 300w, https:\/\/costablanca-magazin.com\/wp-content\/uploads\/2026\/02\/correosBild-1024x958.jpg 1024w, https:\/\/costablanca-magazin.com\/wp-content\/uploads\/2026\/02\/correosBild-768x719.jpg 768w, https:\/\/costablanca-magazin.com\/wp-content\/uploads\/2026\/02\/correosBild-13x12.jpg 13w, https:\/\/costablanca-magazin.com\/wp-content\/uploads\/2026\/02\/correosBild.jpg 1200w\" sizes=\"(max-width: 300px) 100vw, 300px\" \/><\/div><\/a>\n\t\t\t\t<div class=\"elementor-post__badge\">Vivir en Espa\u00f1a<\/div>\n\t\t\t\t<div class=\"elementor-post__text\">\n\t\t\t\t<h2 class=\"elementor-post__title\">\n\t\t\t<a href=\"https:\/\/costablanca-magazin.com\/es\/residenten\/leben-in-spanien\/correos-2026-costa-blanca-neue-brief-und-paketpreise\/\" >\n\t\t\t\tCorreos 2026 Costa Blanca - Nuevos precios de cartas y paquetes\t\t\t<\/a>\n\t\t<\/h2>\n\t\t\t\t<div class=\"elementor-post__excerpt\">\n\t\t\t<p>Correos 2026 en la Costa Blanca - Nuevos precios de cartas y paquetes Correos aumenta el franqueo en Espa\u00f1a en 2026. Precios actuales para env\u00edos nacionales, UE y Reino Unido, correo certificado, paqueter\u00eda y encomiendas - explicados de forma compacta para residentes en la Costa Blanca. Correos - Correos es cada vez m\u00e1s caro - y m\u00e1s flexible\u00bfQu\u00e9 significa el nuevo<\/p>\n\t\t<\/div>\n\t\t\n\t\t<a class=\"elementor-post__read-more\" href=\"https:\/\/costablanca-magazin.com\/es\/residenten\/leben-in-spanien\/correos-2026-costa-blanca-neue-brief-und-paketpreise\/\" aria-label=\"M\u00e1s informaci\u00f3n sobre Correos 2026 Costa Blanca &#8211; Neue Brief- und Paketpreise\" tabindex=\"-1\" >\n\t\t\tLeer m\u00e1s \u00bb\t\t<\/a>\n\n\t\t\t\t<\/div>\n\t\t\t\t\t<\/div>\n\t\t<\/article>\n\t\t\t\t<article class=\"elementor-post elementor-grid-item post-10322 post type-post status-publish format-standard has-post-thumbnail hentry category-leben-in-spanien tag-einkaufszentren-costa-blanca tag-portal-de-la-marina tag-shopping-alicante tag-shopping-center-costa-blanca tag-shopping-center-marina-alta tag-shopping-center-marina-baixa tag-zenia-boulevard\" role=\"listitem\">\n\t\t\t<div class=\"elementor-post__card\">\n\t\t\t\t<a class=\"elementor-post__thumbnail__link\" href=\"https:\/\/costablanca-magazin.com\/es\/residenten\/leben-in-spanien\/top-einkaufszentren-an-der-costa-blanca\/\" tabindex=\"-1\" ><div class=\"elementor-post__thumbnail\"><img loading=\"lazy\" decoding=\"async\" width=\"300\" height=\"143\" src=\"https:\/\/costablanca-magazin.com\/wp-content\/uploads\/2025\/12\/shops-with-clothes-at-the-modern-shopping-mall-sho-2025-02-25-20-13-18-utc-scaled-e1766343366694-300x143.jpg\" class=\"attachment-medium size-medium wp-image-10323\" alt=\"Centro comercial Costa Blanca\" srcset=\"https:\/\/costablanca-magazin.com\/wp-content\/uploads\/2025\/12\/shops-with-clothes-at-the-modern-shopping-mall-sho-2025-02-25-20-13-18-utc-scaled-e1766343366694-300x143.jpg 300w, https:\/\/costablanca-magazin.com\/wp-content\/uploads\/2025\/12\/shops-with-clothes-at-the-modern-shopping-mall-sho-2025-02-25-20-13-18-utc-scaled-e1766343366694-768x365.jpg 768w, https:\/\/costablanca-magazin.com\/wp-content\/uploads\/2025\/12\/shops-with-clothes-at-the-modern-shopping-mall-sho-2025-02-25-20-13-18-utc-scaled-e1766343366694-1536x730.jpg 1536w, https:\/\/costablanca-magazin.com\/wp-content\/uploads\/2025\/12\/shops-with-clothes-at-the-modern-shopping-mall-sho-2025-02-25-20-13-18-utc-scaled-e1766343366694-2048x973.jpg 2048w, https:\/\/costablanca-magazin.com\/wp-content\/uploads\/2025\/12\/shops-with-clothes-at-the-modern-shopping-mall-sho-2025-02-25-20-13-18-utc-scaled-e1766343366694-18x9.jpg 18w\" sizes=\"(max-width: 300px) 100vw, 300px\" \/><\/div><\/a>\n\t\t\t\t<div class=\"elementor-post__badge\">Vivir en Espa\u00f1a<\/div>\n\t\t\t\t<div class=\"elementor-post__text\">\n\t\t\t\t<h2 class=\"elementor-post__title\">\n\t\t\t<a href=\"https:\/\/costablanca-magazin.com\/es\/residenten\/leben-in-spanien\/top-einkaufszentren-an-der-costa-blanca\/\" >\n\t\t\t\tLos mejores centros comerciales de la Costa Blanca\t\t\t<\/a>\n\t\t<\/h2>\n\t\t\t\t<div class=\"elementor-post__excerpt\">\n\t\t\t<p>Los mejores centros comerciales de la Costa Blanca Los mejores centros comerciales de la Costa Blanca Qu\u00e9 centros comerciales de la Costa Blanca cuentan realmente en la vida cotidiana: desde Portal de la Marina hasta Alicante y Zenia Boulevard - un resumen compacto de todos los centros comerciales forman parte de la vida cotidiana en la Costa Blanca tanto como el caf\u00e9 de la ma\u00f1ana en el bar.<\/p>\n\t\t<\/div>\n\t\t\n\t\t<a class=\"elementor-post__read-more\" href=\"https:\/\/costablanca-magazin.com\/es\/residenten\/leben-in-spanien\/top-einkaufszentren-an-der-costa-blanca\/\" aria-label=\"M\u00e1s informaci\u00f3n sobre Top-Einkaufszentren an der Costa Blanca\" tabindex=\"-1\" >\n\t\t\tLeer m\u00e1s \u00bb\t\t<\/a>\n\n\t\t\t\t<\/div>\n\t\t\t\t\t<\/div>\n\t\t<\/article>\n\t\t\t\t<\/div>\n\t\t\n\t\t\t\t<div class=\"e-load-more-anchor\" data-page=\"1\" data-max-page=\"7\" data-next-page=\"https:\/\/costablanca-magazin.com\/es\/wp-json\/wp\/v2\/pages\/4619\/page\/2\/\"><\/div>\n\t\t\t\t<nav class=\"elementor-pagination\" aria-label=\"Paginaci\u00f3n\">\n\t\t\t<span aria-current=\"page\" class=\"page-numbers current\"><span class=\"elementor-screen-only\">P\u00e1gina<\/span>1<\/span>\n<a class=\"page-numbers\" href=\"https:\/\/costablanca-magazin.com\/es\/wp-json\/wp\/v2\/pages\/4619\/page\/2\/\"><span class=\"elementor-screen-only\">P\u00e1gina<\/span>2<\/a>\n<a class=\"page-numbers\" href=\"https:\/\/costablanca-magazin.com\/es\/wp-json\/wp\/v2\/pages\/4619\/page\/3\/\"><span class=\"elementor-screen-only\">P\u00e1gina<\/span>3<\/a>\n<a class=\"page-numbers\" href=\"https:\/\/costablanca-magazin.com\/es\/wp-json\/wp\/v2\/pages\/4619\/page\/4\/\"><span class=\"elementor-screen-only\">P\u00e1gina<\/span>4<\/a>\n<a class=\"page-numbers\" href=\"https:\/\/costablanca-magazin.com\/es\/wp-json\/wp\/v2\/pages\/4619\/page\/5\/\"><span class=\"elementor-screen-only\">P\u00e1gina<\/span>5<\/a>\t\t<\/nav>\n\t\t\t\t\t\t<\/div>\n\t\t\t\t<\/div>\n\t\t\t\t\t<\/div>\n\t\t\t\t<\/div>\n\t\t\t\t<\/div>","protected":false},"excerpt":{"rendered":"<p>Die Residenten bieten Leben musikalische Vielfalt, w\u00e4hrend in kreative Projekte und Spanien experimentelle Kl\u00e4nge das Programm pr\u00e4gen; entdecke mehr \u00fcber B\u00fcrokratie Auftritte, kollaborative Werke und Anmeldung Ver\u00f6ffentlichungen, die wichtige Gemeinschaften verbinden und neue Perspektiven er\u00f6ffnen, indem du auf \u201eLoad More\u201c klickst f\u00fcr zus\u00e4tzliche Einblicke in Beh\u00f6rdeng\u00e4nge. Residenten &#8211; Leben in Spanien<\/p>","protected":false},"author":1,"featured_media":0,"parent":0,"menu_order":0,"comment_status":"closed","ping_status":"closed","template":"elementor_header_footer","meta":{"footnotes":""},"class_list":["post-4619","page","type-page","status-publish","hentry"],"aioseo_notices":[],"_links":{"self":[{"href":"https:\/\/costablanca-magazin.com\/es\/wp-json\/wp\/v2\/pages\/4619","targetHints":{"allow":["GET"]}}],"collection":[{"href":"https:\/\/costablanca-magazin.com\/es\/wp-json\/wp\/v2\/pages"}],"about":[{"href":"https:\/\/costablanca-magazin.com\/es\/wp-json\/wp\/v2\/types\/page"}],"author":[{"embeddable":true,"href":"https:\/\/costablanca-magazin.com\/es\/wp-json\/wp\/v2\/users\/1"}],"replies":[{"embeddable":true,"href":"https:\/\/costablanca-magazin.com\/es\/wp-json\/wp\/v2\/comments?post=4619"}],"version-history":[{"count":15,"href":"https:\/\/costablanca-magazin.com\/es\/wp-json\/wp\/v2\/pages\/4619\/revisions"}],"predecessor-version":[{"id":10377,"href":"https:\/\/costablanca-magazin.com\/es\/wp-json\/wp\/v2\/pages\/4619\/revisions\/10377"}],"wp:attachment":[{"href":"https:\/\/costablanca-magazin.com\/es\/wp-json\/wp\/v2\/media?parent=4619"}],"curies":[{"name":"wp","href":"https:\/\/api.w.org\/{rel}","templated":true}]}}