{"id":4624,"date":"2025-01-21T09:22:54","date_gmt":"2025-01-21T08:22:54","guid":{"rendered":"https:\/\/costablanca-magazin.com\/?page_id=4624"},"modified":"2026-02-11T11:48:11","modified_gmt":"2026-02-11T10:48:11","slug":"animals-nature","status":"publish","type":"page","link":"https:\/\/costablanca-magazin.com\/en\/tiere-natur\/","title":{"rendered":"Animals &amp; Nature"},"content":{"rendered":"<div data-elementor-type=\"wp-page\" data-elementor-id=\"4624\" class=\"elementor elementor-4624\" data-elementor-post-type=\"page\">\n\t\t\t\t<div class=\"elementor-element elementor-element-2039c6a e-flex e-con-boxed e-con e-parent\" data-id=\"2039c6a\" data-element_type=\"container\" data-e-type=\"container\">\n\t\t\t\t\t<div class=\"e-con-inner\">\n\t\t<div class=\"elementor-element elementor-element-a8d2a16 e-con-full e-flex e-con e-child\" data-id=\"a8d2a16\" data-element_type=\"container\" data-e-type=\"container\">\n\t\t<div class=\"elementor-element elementor-element-61eee54 e-con-full e-flex e-con e-child\" data-id=\"61eee54\" data-element_type=\"container\" data-e-type=\"container\">\n\t\t\t\t<div class=\"elementor-element elementor-element-c5d8c8a elementor-widget elementor-widget-heading\" data-id=\"c5d8c8a\" data-element_type=\"widget\" data-e-type=\"widget\" data-widget_type=\"heading.default\">\n\t\t\t\t<div class=\"elementor-widget-container\">\n\t\t\t\t\t<h1 class=\"elementor-heading-title elementor-size-default\">Residents - Animals &amp; Nature<\/h1>\t\t\t\t<\/div>\n\t\t\t\t<\/div>\n\t\t\t\t<\/div>\n\t\t<div class=\"elementor-element elementor-element-877d7d8 e-con-full e-grid e-con e-child\" data-id=\"877d7d8\" data-element_type=\"container\" data-e-type=\"container\">\n\t\t\t\t<\/div>\n\t\t\t\t<\/div>\n\t\t\t\t\t<\/div>\n\t\t\t\t<\/div>\n\t\t<div class=\"elementor-element elementor-element-95ab0a2 e-flex e-con-boxed e-con e-parent\" data-id=\"95ab0a2\" data-element_type=\"container\" data-e-type=\"container\">\n\t\t\t\t\t<div class=\"e-con-inner\">\n\t\t\t\t<div class=\"elementor-element elementor-element-2b20d11 elementor-grid-3 elementor-grid-tablet-2 elementor-grid-mobile-1 elementor-posts--thumbnail-top elementor-card-shadow-yes elementor-posts__hover-gradient elementor-widget elementor-widget-posts\" data-id=\"2b20d11\" data-element_type=\"widget\" data-e-type=\"widget\" data-settings=\"{&quot;pagination_type&quot;:&quot;numbers&quot;,&quot;cards_columns&quot;:&quot;3&quot;,&quot;cards_columns_tablet&quot;:&quot;2&quot;,&quot;cards_columns_mobile&quot;:&quot;1&quot;,&quot;cards_row_gap&quot;:{&quot;unit&quot;:&quot;px&quot;,&quot;size&quot;:35,&quot;sizes&quot;:[]},&quot;cards_row_gap_tablet&quot;:{&quot;unit&quot;:&quot;px&quot;,&quot;size&quot;:&quot;&quot;,&quot;sizes&quot;:[]},&quot;cards_row_gap_mobile&quot;:{&quot;unit&quot;:&quot;px&quot;,&quot;size&quot;:&quot;&quot;,&quot;sizes&quot;:[]}}\" data-widget_type=\"posts.cards\">\n\t\t\t\t<div class=\"elementor-widget-container\">\n\t\t\t\t\t\t\t<div class=\"elementor-posts-container elementor-posts elementor-posts--skin-cards elementor-grid\" role=\"list\">\n\t\t\t\t<article class=\"elementor-post elementor-grid-item post-8730 post type-post status-publish format-standard has-post-thumbnail hentry category-tiere-natur tag-eu-heimtierausweis tag-faehre-mit-katze tag-flug-mit-hund tag-haustier-tipps tag-haustier-transportieren tag-reisen-mit-hund tag-reisen-mit-katze tag-tier-im-auto\" role=\"listitem\">\n\t\t\t<div class=\"elementor-post__card\">\n\t\t\t\t<a class=\"elementor-post__thumbnail__link\" href=\"https:\/\/costablanca-magazin.com\/en\/residenten\/tiere-natur\/reisen-mit-hund-und-katze-tipps-fuer-stressfreie-trips\/\" tabindex=\"-1\" ><div class=\"elementor-post__thumbnail\"><img fetchpriority=\"high\" decoding=\"async\" width=\"204\" height=\"300\" src=\"https:\/\/costablanca-magazin.com\/wp-content\/uploads\/2025\/09\/a-joyful-dog-and-a-curious-cat-relaxing-together-i-2025-01-10-03-20-59-utc-e1757881911304-204x300.jpg\" class=\"attachment-medium size-medium wp-image-8767\" alt=\"Travelling with dogs and cats\" srcset=\"https:\/\/costablanca-magazin.com\/wp-content\/uploads\/2025\/09\/a-joyful-dog-and-a-curious-cat-relaxing-together-i-2025-01-10-03-20-59-utc-e1757881911304-204x300.jpg 204w, https:\/\/costablanca-magazin.com\/wp-content\/uploads\/2025\/09\/a-joyful-dog-and-a-curious-cat-relaxing-together-i-2025-01-10-03-20-59-utc-e1757881911304-696x1024.jpg 696w, https:\/\/costablanca-magazin.com\/wp-content\/uploads\/2025\/09\/a-joyful-dog-and-a-curious-cat-relaxing-together-i-2025-01-10-03-20-59-utc-e1757881911304.jpg 726w\" sizes=\"(max-width: 204px) 100vw, 204px\" \/><\/div><\/a>\n\t\t\t\t<div class=\"elementor-post__badge\">Animals &amp; Nature<\/div>\n\t\t\t\t<div class=\"elementor-post__text\">\n\t\t\t\t<h2 class=\"elementor-post__title\">\n\t\t\t<a href=\"https:\/\/costablanca-magazin.com\/en\/residenten\/tiere-natur\/reisen-mit-hund-und-katze-tipps-fuer-stressfreie-trips\/\" >\n\t\t\t\tTravelling with dogs and cats - tips for stress-free trips\t\t\t<\/a>\n\t\t<\/h2>\n\t\t\t\t<div class=\"elementor-post__excerpt\">\n\t\t\t<p>Travelling with dogs and cats - tips for stress-free trips How to get your dog and cat safely to their destination: car, plane or ferry - plan your pet's EU pet passport, transport box and breaks correctly. A change of scenery, a trip to an island or a visit to the family back home - for many people, travelling with a pet is a matter of course<\/p>\n\t\t<\/div>\n\t\t\n\t\t<a class=\"elementor-post__read-more\" href=\"https:\/\/costablanca-magazin.com\/en\/residenten\/tiere-natur\/reisen-mit-hund-und-katze-tipps-fuer-stressfreie-trips\/\" aria-label=\"Read more about Reisen mit Hund und Katze &#8211; Tipps f\u00fcr stressfreie Trips\" tabindex=\"-1\" >\n\t\t\tRead more \u00bb\t\t<\/a>\n\n\t\t\t\t<\/div>\n\t\t\t\t\t<\/div>\n\t\t<\/article>\n\t\t\t\t<article class=\"elementor-post elementor-grid-item post-7691 post type-post status-publish format-standard has-post-thumbnail hentry category-tiere-natur tag-costa-blanca-2 tag-katzenhilfe-costa-blanca tag-tierschutz tag-tierschutz-costa-blanca\" role=\"listitem\">\n\t\t\t<div class=\"elementor-post__card\">\n\t\t\t\t<a class=\"elementor-post__thumbnail__link\" href=\"https:\/\/costablanca-magazin.com\/en\/residenten\/tiere-natur\/onkas-zweite-chance-tierschutz-costa-blanca\/\" tabindex=\"-1\" ><div class=\"elementor-post__thumbnail\"><img decoding=\"async\" width=\"300\" height=\"169\" src=\"https:\/\/costablanca-magazin.com\/wp-content\/uploads\/2025\/06\/Tierheim-Tierschutz-300x169.jpg\" class=\"attachment-medium size-medium wp-image-7709\" alt=\"Onka&#039;s second chance\" srcset=\"https:\/\/costablanca-magazin.com\/wp-content\/uploads\/2025\/06\/Tierheim-Tierschutz-300x169.jpg 300w, https:\/\/costablanca-magazin.com\/wp-content\/uploads\/2025\/06\/Tierheim-Tierschutz-1024x578.jpg 1024w, https:\/\/costablanca-magazin.com\/wp-content\/uploads\/2025\/06\/Tierheim-Tierschutz-768x433.jpg 768w, https:\/\/costablanca-magazin.com\/wp-content\/uploads\/2025\/06\/Tierheim-Tierschutz.jpg 1200w\" sizes=\"(max-width: 300px) 100vw, 300px\" \/><\/div><\/a>\n\t\t\t\t<div class=\"elementor-post__badge\">Animals &amp; Nature<\/div>\n\t\t\t\t<div class=\"elementor-post__text\">\n\t\t\t\t<h2 class=\"elementor-post__title\">\n\t\t\t<a href=\"https:\/\/costablanca-magazin.com\/en\/residenten\/tiere-natur\/onkas-zweite-chance-tierschutz-costa-blanca\/\" >\n\t\t\t\tOnka's second chance - Animal welfare Costa Blanca\t\t\t<\/a>\n\t\t<\/h2>\n\t\t\t\t<div class=\"elementor-post__excerpt\">\n\t\t\t<p>Onka's second chance - Animal Welfare Costa Blanca Without the help of animal welfare organisations, street cats on the Costa Blanca would probably be lost. Cat Onka has found her home, others are still looking. Warmth, the gentle purring of my mum, the closeness of my siblings - these are my earliest memories. But then the day came,<\/p>\n\t\t<\/div>\n\t\t\n\t\t<a class=\"elementor-post__read-more\" href=\"https:\/\/costablanca-magazin.com\/en\/residenten\/tiere-natur\/onkas-zweite-chance-tierschutz-costa-blanca\/\" aria-label=\"Read more about Onkas zweite Chance &#8211; Tierschutz Costa Blanca\" tabindex=\"-1\" >\n\t\t\tRead more \u00bb\t\t<\/a>\n\n\t\t\t\t<\/div>\n\t\t\t\t\t<\/div>\n\t\t<\/article>\n\t\t\t\t<article class=\"elementor-post elementor-grid-item post-6785 post type-post status-publish format-standard has-post-thumbnail hentry category-tiere-natur tag-hunde-im-urlaub tag-hunde-strand-costa-blanca tag-regeln-hunde-costablanca tag-straende-an-der-costablanca\" role=\"listitem\">\n\t\t\t<div class=\"elementor-post__card\">\n\t\t\t\t<a class=\"elementor-post__thumbnail__link\" href=\"https:\/\/costablanca-magazin.com\/en\/residenten\/tiere-natur\/pfoten-an-den-strand-mit-hund-an-der-costa-blanca\/\" tabindex=\"-1\" ><div class=\"elementor-post__thumbnail\"><img decoding=\"async\" width=\"300\" height=\"200\" src=\"https:\/\/costablanca-magazin.com\/wp-content\/uploads\/2025\/05\/fit-and-active-labrador-retriever-dog-running-out-2025-01-08-20-43-58-utc-300x200.jpg\" class=\"attachment-medium size-medium wp-image-6790\" alt=\"Paws on the beach: With your dog on the Costa Blanca 1\" srcset=\"https:\/\/costablanca-magazin.com\/wp-content\/uploads\/2025\/05\/fit-and-active-labrador-retriever-dog-running-out-2025-01-08-20-43-58-utc-300x200.jpg 300w, https:\/\/costablanca-magazin.com\/wp-content\/uploads\/2025\/05\/fit-and-active-labrador-retriever-dog-running-out-2025-01-08-20-43-58-utc-1024x682.jpg 1024w, https:\/\/costablanca-magazin.com\/wp-content\/uploads\/2025\/05\/fit-and-active-labrador-retriever-dog-running-out-2025-01-08-20-43-58-utc-768x511.jpg 768w, https:\/\/costablanca-magazin.com\/wp-content\/uploads\/2025\/05\/fit-and-active-labrador-retriever-dog-running-out-2025-01-08-20-43-58-utc.jpg 1200w\" sizes=\"(max-width: 300px) 100vw, 300px\" \/><\/div><\/a>\n\t\t\t\t<div class=\"elementor-post__badge\">Animals &amp; Nature<\/div>\n\t\t\t\t<div class=\"elementor-post__text\">\n\t\t\t\t<h2 class=\"elementor-post__title\">\n\t\t\t<a href=\"https:\/\/costablanca-magazin.com\/en\/residenten\/tiere-natur\/pfoten-an-den-strand-mit-hund-an-der-costa-blanca\/\" >\n\t\t\t\tPaws on the beach - with your dog on the Costa Blanca\t\t\t<\/a>\n\t\t<\/h2>\n\t\t\t\t<div class=\"elementor-post__excerpt\">\n\t\t\t<p>Paws on the beach - with a dog on the Costa Blanca What's allowed, what's annoying - and where four-legged friends are allowed in the water undisturbed in Marina Alta and Marina Baixa. An overview for owners with heart and attitude. For many, dogs are more than just companions - they are<\/p>\n\t\t<\/div>\n\t\t\n\t\t<a class=\"elementor-post__read-more\" href=\"https:\/\/costablanca-magazin.com\/en\/residenten\/tiere-natur\/pfoten-an-den-strand-mit-hund-an-der-costa-blanca\/\" aria-label=\"Read more about Pfoten an den Strand &#8211; Mit Hund an der Costa Blanca\" tabindex=\"-1\" >\n\t\t\tRead more \u00bb\t\t<\/a>\n\n\t\t\t\t<\/div>\n\t\t\t\t\t<\/div>\n\t\t<\/article>\n\t\t\t\t<article class=\"elementor-post elementor-grid-item post-5707 post type-post status-publish format-standard has-post-thumbnail hentry category-tiere-natur tag-callosa-den-sarria tag-feria-del-nispero tag-fruechte-callosa-den-sarria tag-nispero-costa-blanca tag-nispero-gesundheitliche-vorteile\" role=\"listitem\">\n\t\t\t<div class=\"elementor-post__card\">\n\t\t\t\t<a class=\"elementor-post__thumbnail__link\" href=\"https:\/\/costablanca-magazin.com\/en\/residenten\/tiere-natur\/costa-blanca-nispero-eine-kleine-frucht-grosse-tradition\/\" tabindex=\"-1\" ><div class=\"elementor-post__thumbnail\"><img loading=\"lazy\" decoding=\"async\" width=\"300\" height=\"200\" src=\"https:\/\/costablanca-magazin.com\/wp-content\/uploads\/2025\/04\/loquat-fruit-nispero-eriobotrya-japonica-loquat-2024-11-26-15-38-52-utc-300x200.jpg\" class=\"attachment-medium size-medium wp-image-5721\" alt=\"Small, delicate fruit, great tradition \u2013 The n\u00edspero from Callosa d&#039;en Sarri\u00e0 2\" srcset=\"https:\/\/costablanca-magazin.com\/wp-content\/uploads\/2025\/04\/loquat-fruit-nispero-eriobotrya-japonica-loquat-2024-11-26-15-38-52-utc-300x200.jpg 300w, https:\/\/costablanca-magazin.com\/wp-content\/uploads\/2025\/04\/loquat-fruit-nispero-eriobotrya-japonica-loquat-2024-11-26-15-38-52-utc-1024x683.jpg 1024w, https:\/\/costablanca-magazin.com\/wp-content\/uploads\/2025\/04\/loquat-fruit-nispero-eriobotrya-japonica-loquat-2024-11-26-15-38-52-utc-768x512.jpg 768w, https:\/\/costablanca-magazin.com\/wp-content\/uploads\/2025\/04\/loquat-fruit-nispero-eriobotrya-japonica-loquat-2024-11-26-15-38-52-utc-1536x1024.jpg 1536w, https:\/\/costablanca-magazin.com\/wp-content\/uploads\/2025\/04\/loquat-fruit-nispero-eriobotrya-japonica-loquat-2024-11-26-15-38-52-utc-2048x1365.jpg 2048w\" sizes=\"(max-width: 300px) 100vw, 300px\" \/><\/div><\/a>\n\t\t\t\t<div class=\"elementor-post__badge\">Animals &amp; Nature<\/div>\n\t\t\t\t<div class=\"elementor-post__text\">\n\t\t\t\t<h2 class=\"elementor-post__title\">\n\t\t\t<a href=\"https:\/\/costablanca-magazin.com\/en\/residenten\/tiere-natur\/costa-blanca-nispero-eine-kleine-frucht-grosse-tradition\/\" >\n\t\t\t\tCosta Blanca - N\u00edspero a small fruit, a great tradition\t\t\t<\/a>\n\t\t<\/h2>\n\t\t\t\t<div class=\"elementor-post__excerpt\">\n\t\t\t<p>Costa Blanca - N\u00edspero a small fruit, a big tradition Why the small loquat is a big deal around Callosa, Polop and La Nuc\u00eda. When the n\u00edspero season begins in Callosa d'en Sarri\u00e0, Polop or La Nuc\u00eda, there is a flurry of activity. The pale orange-coloured fruit has to be harvested within a few weeks,<\/p>\n\t\t<\/div>\n\t\t\n\t\t<a class=\"elementor-post__read-more\" href=\"https:\/\/costablanca-magazin.com\/en\/residenten\/tiere-natur\/costa-blanca-nispero-eine-kleine-frucht-grosse-tradition\/\" aria-label=\"Read more about Costa Blanca &#8211; N\u00edspero eine Kleine Frucht, gro\u00dfe Tradition\" tabindex=\"-1\" >\n\t\t\tRead more \u00bb\t\t<\/a>\n\n\t\t\t\t<\/div>\n\t\t\t\t\t<\/div>\n\t\t<\/article>\n\t\t\t\t<article class=\"elementor-post elementor-grid-item post-5263 post type-post status-publish format-standard has-post-thumbnail hentry category-tiere-natur tag-buerokratie tag-kiefernsterben tag-klimawande tag-naturschutz tag-schaedlinge tag-sierra-helada tag-trockenheit tag-waldbraende tag-waldsterben tag-wiederaufforstung\" role=\"listitem\">\n\t\t\t<div class=\"elementor-post__card\">\n\t\t\t\t<a class=\"elementor-post__thumbnail__link\" href=\"https:\/\/costablanca-magazin.com\/en\/residenten\/tiere-natur\/sterbende-kiefernwaelder-costa-blanca-oekosystem-im-umbruch\/\" tabindex=\"-1\" ><div class=\"elementor-post__thumbnail\"><img loading=\"lazy\" decoding=\"async\" width=\"300\" height=\"225\" src=\"https:\/\/costablanca-magazin.com\/wp-content\/uploads\/2025\/03\/20250309_103319-300x225.jpg\" class=\"attachment-medium size-medium wp-image-5281\" alt=\"Dying pine forests on the Costa Blanca: an ecosystem at a turning point 17\" srcset=\"https:\/\/costablanca-magazin.com\/wp-content\/uploads\/2025\/03\/20250309_103319-300x225.jpg 300w, https:\/\/costablanca-magazin.com\/wp-content\/uploads\/2025\/03\/20250309_103319-1024x768.jpg 1024w, https:\/\/costablanca-magazin.com\/wp-content\/uploads\/2025\/03\/20250309_103319-768x576.jpg 768w, https:\/\/costablanca-magazin.com\/wp-content\/uploads\/2025\/03\/20250309_103319-1536x1152.jpg 1536w, https:\/\/costablanca-magazin.com\/wp-content\/uploads\/2025\/03\/20250309_103319-2048x1536.jpg 2048w\" sizes=\"(max-width: 300px) 100vw, 300px\" \/><\/div><\/a>\n\t\t\t\t<div class=\"elementor-post__badge\">Animals &amp; Nature<\/div>\n\t\t\t\t<div class=\"elementor-post__text\">\n\t\t\t\t<h2 class=\"elementor-post__title\">\n\t\t\t<a href=\"https:\/\/costablanca-magazin.com\/en\/residenten\/tiere-natur\/sterbende-kiefernwaelder-costa-blanca-oekosystem-im-umbruch\/\" >\n\t\t\t\tDying pine forests on the Costa Blanca - ecosystem in upheaval\t\t\t<\/a>\n\t\t<\/h2>\n\t\t\t\t<div class=\"elementor-post__excerpt\">\n\t\t\t<p>Dying pine forests on the Costa Blanca: an ecosystem at a turning point Experts on drought, pests and a lack of resources - why thousands of trees are disappearing and what this means for the future. Dry slopes, grey tree skeletons and a growing risk of fire - forest dieback on the Costa Blanca is taking on worrying proportions. The Sierra<\/p>\n\t\t<\/div>\n\t\t\n\t\t<a class=\"elementor-post__read-more\" href=\"https:\/\/costablanca-magazin.com\/en\/residenten\/tiere-natur\/sterbende-kiefernwaelder-costa-blanca-oekosystem-im-umbruch\/\" aria-label=\"Read more about Sterbende Kiefernw\u00e4lder Costa Blanca &#8211; \u00d6kosystem im Umbruch\" tabindex=\"-1\" >\n\t\t\tRead more \u00bb\t\t<\/a>\n\n\t\t\t\t<\/div>\n\t\t\t\t\t<\/div>\n\t\t<\/article>\n\t\t\t\t<\/div>\n\t\t\n\t\t\t\t\t\t<\/div>\n\t\t\t\t<\/div>\n\t\t\t\t\t<\/div>\n\t\t\t\t<\/div>\n\t\t\t\t<\/div>","protected":false},"excerpt":{"rendered":"<p>In unserer Serie \u00fcber Residenten der Kategorie Tiere &amp; Natur entdecke ich an am Morgen, w\u00e4hrend der am Flussufer ruht und Costa in den B\u00e4umen zwitschern, sodass Blanca und Haustiere friedlich koexistieren, w\u00e4hrend Tierschutz auf Nahrungssuche ist und erleben aufmerksam beobachtet wird. Residenten &#8211; Tiere &amp; Natur<\/p>","protected":false},"author":1,"featured_media":0,"parent":0,"menu_order":0,"comment_status":"closed","ping_status":"closed","template":"elementor_header_footer","meta":{"footnotes":""},"class_list":["post-4624","page","type-page","status-publish","hentry"],"aioseo_notices":[],"_links":{"self":[{"href":"https:\/\/costablanca-magazin.com\/en\/wp-json\/wp\/v2\/pages\/4624","targetHints":{"allow":["GET"]}}],"collection":[{"href":"https:\/\/costablanca-magazin.com\/en\/wp-json\/wp\/v2\/pages"}],"about":[{"href":"https:\/\/costablanca-magazin.com\/en\/wp-json\/wp\/v2\/types\/page"}],"author":[{"embeddable":true,"href":"https:\/\/costablanca-magazin.com\/en\/wp-json\/wp\/v2\/users\/1"}],"replies":[{"embeddable":true,"href":"https:\/\/costablanca-magazin.com\/en\/wp-json\/wp\/v2\/comments?post=4624"}],"version-history":[{"count":18,"href":"https:\/\/costablanca-magazin.com\/en\/wp-json\/wp\/v2\/pages\/4624\/revisions"}],"predecessor-version":[{"id":10378,"href":"https:\/\/costablanca-magazin.com\/en\/wp-json\/wp\/v2\/pages\/4624\/revisions\/10378"}],"wp:attachment":[{"href":"https:\/\/costablanca-magazin.com\/en\/wp-json\/wp\/v2\/media?parent=4624"}],"curies":[{"name":"wp","href":"https:\/\/api.w.org\/{rel}","templated":true}]}}