{"id":4614,"date":"2025-01-21T09:21:00","date_gmt":"2025-01-21T08:21:00","guid":{"rendered":"https:\/\/costablanca-magazin.com\/?page_id=4614"},"modified":"2026-02-11T11:48:41","modified_gmt":"2026-02-11T10:48:41","slug":"mobility-transport","status":"publish","type":"page","link":"https:\/\/costablanca-magazin.com\/en\/mobilitaet-verkehr\/","title":{"rendered":"Mobility &amp; Transport"},"content":{"rendered":"<div data-elementor-type=\"wp-page\" data-elementor-id=\"4614\" class=\"elementor elementor-4614\" data-elementor-post-type=\"page\">\n\t\t\t\t<div class=\"elementor-element elementor-element-d7eb3e9 e-flex e-con-boxed e-con e-parent\" data-id=\"d7eb3e9\" data-element_type=\"container\" data-e-type=\"container\">\n\t\t\t\t\t<div class=\"e-con-inner\">\n\t\t<div class=\"elementor-element elementor-element-e73d8d8 e-con-full e-flex e-con e-child\" data-id=\"e73d8d8\" data-element_type=\"container\" data-e-type=\"container\">\n\t\t<div class=\"elementor-element elementor-element-3fc2f25 e-con-full e-flex e-con e-child\" data-id=\"3fc2f25\" data-element_type=\"container\" data-e-type=\"container\">\n\t\t\t\t<div class=\"elementor-element elementor-element-52a9dcc elementor-widget elementor-widget-heading\" data-id=\"52a9dcc\" data-element_type=\"widget\" data-e-type=\"widget\" data-widget_type=\"heading.default\">\n\t\t\t\t<div class=\"elementor-widget-container\">\n\t\t\t\t\t<h1 class=\"elementor-heading-title elementor-size-default\">Residents - Mobility &amp; Transport<\/h1>\t\t\t\t<\/div>\n\t\t\t\t<\/div>\n\t\t\t\t<\/div>\n\t\t<div class=\"elementor-element elementor-element-3485b5b e-con-full e-grid e-con e-child\" data-id=\"3485b5b\" data-element_type=\"container\" data-e-type=\"container\">\n\t\t\t\t<\/div>\n\t\t\t\t<\/div>\n\t\t\t\t\t<\/div>\n\t\t\t\t<\/div>\n\t\t<div class=\"elementor-element elementor-element-ab54225 e-flex e-con-boxed e-con e-parent\" data-id=\"ab54225\" data-element_type=\"container\" data-e-type=\"container\">\n\t\t\t\t\t<div class=\"e-con-inner\">\n\t\t\t\t<div class=\"elementor-element elementor-element-a0027fe elementor-grid-3 elementor-grid-tablet-2 elementor-grid-mobile-1 elementor-posts--thumbnail-top elementor-card-shadow-yes elementor-posts__hover-gradient elementor-widget elementor-widget-posts\" data-id=\"a0027fe\" data-element_type=\"widget\" data-e-type=\"widget\" data-settings=\"{&quot;pagination_type&quot;:&quot;numbers&quot;,&quot;cards_columns&quot;:&quot;3&quot;,&quot;cards_columns_tablet&quot;:&quot;2&quot;,&quot;cards_columns_mobile&quot;:&quot;1&quot;,&quot;cards_row_gap&quot;:{&quot;unit&quot;:&quot;px&quot;,&quot;size&quot;:35,&quot;sizes&quot;:[]},&quot;cards_row_gap_tablet&quot;:{&quot;unit&quot;:&quot;px&quot;,&quot;size&quot;:&quot;&quot;,&quot;sizes&quot;:[]},&quot;cards_row_gap_mobile&quot;:{&quot;unit&quot;:&quot;px&quot;,&quot;size&quot;:&quot;&quot;,&quot;sizes&quot;:[]}}\" data-widget_type=\"posts.cards\">\n\t\t\t\t<div class=\"elementor-widget-container\">\n\t\t\t\t\t\t\t<div class=\"elementor-posts-container elementor-posts elementor-posts--skin-cards elementor-grid\" role=\"list\">\n\t\t\t\t<article class=\"elementor-post elementor-grid-item post-10852 post type-post status-publish format-standard has-post-thumbnail hentry category-mobilitaet-verkehr tag-auto-in-spanien-anmelden tag-dgt-alicante tag-fahrzeugummeldung-costa-blanca tag-itv-spanien tag-kfz-steuer-alicante tag-zulassungssteuer-spanien\" role=\"listitem\">\n\t\t\t<div class=\"elementor-post__card\">\n\t\t\t\t<a class=\"elementor-post__thumbnail__link\" href=\"https:\/\/costablanca-magazin.com\/en\/residenten\/mobilitaet-verkehr\/fahrzeugummeldung-an-der-costa-blanca-2026\/\" tabindex=\"-1\" ><div class=\"elementor-post__thumbnail\"><img decoding=\"async\" width=\"300\" height=\"69\" src=\"https:\/\/costablanca-magazin.com\/wp-content\/uploads\/2026\/03\/IMG_8470-e1772545236723-300x69.jpg\" class=\"attachment-medium size-medium wp-image-10860\" alt=\"Vehicle re-registration on the Costa Blanca\" srcset=\"https:\/\/costablanca-magazin.com\/wp-content\/uploads\/2026\/03\/IMG_8470-e1772545236723-300x69.jpg 300w, https:\/\/costablanca-magazin.com\/wp-content\/uploads\/2026\/03\/IMG_8470-e1772545236723-1024x234.jpg 1024w, https:\/\/costablanca-magazin.com\/wp-content\/uploads\/2026\/03\/IMG_8470-e1772545236723-768x175.jpg 768w, https:\/\/costablanca-magazin.com\/wp-content\/uploads\/2026\/03\/IMG_8470-e1772545236723-18x4.jpg 18w, https:\/\/costablanca-magazin.com\/wp-content\/uploads\/2026\/03\/IMG_8470-e1772545236723.jpg 1200w\" sizes=\"(max-width: 300px) 100vw, 300px\" \/><\/div><\/a>\n\t\t\t\t<div class=\"elementor-post__badge\">Mobility &amp; Transport<\/div>\n\t\t\t\t<div class=\"elementor-post__text\">\n\t\t\t\t<h2 class=\"elementor-post__title\">\n\t\t\t<a href=\"https:\/\/costablanca-magazin.com\/en\/residenten\/mobilitaet-verkehr\/fahrzeugummeldung-an-der-costa-blanca-2026\/\" >\n\t\t\t\tVehicle registration on the Costa Blanca 2026\t\t\t<\/a>\n\t\t<\/h2>\n\t\t\t\t<div class=\"elementor-post__excerpt\">\n\t\t\t<p>Vehicle re-registration on the Costa Blanca - procedure, costs &amp; DGT dates Vehicle re-registration on the Costa Blanca: ITV, registration tax, DGT Alicante and costs at a glance. Guide for residents in the province of Alicante. Anyone relocating their residence to the Costa Blanca - whether to D\u00e9nia, J\u00e1vea, Calpe, Benidorm or La Zenia - must<\/p>\n\t\t<\/div>\n\t\t\n\t\t<a class=\"elementor-post__read-more\" href=\"https:\/\/costablanca-magazin.com\/en\/residenten\/mobilitaet-verkehr\/fahrzeugummeldung-an-der-costa-blanca-2026\/\" aria-label=\"Read more about Fahrzeugummeldung an der Costa Blanca 2026\" tabindex=\"-1\" >\n\t\t\tRead more \u00bb\t\t<\/a>\n\n\t\t\t\t<\/div>\n\t\t\t\t\t<\/div>\n\t\t<\/article>\n\t\t\t\t<article class=\"elementor-post elementor-grid-item post-10539 post type-post status-publish format-standard has-post-thumbnail hentry category-mobilitaet-verkehr tag-bussgeld-e-scooter tag-costa-blanca-e-scooter tag-e-scooter-registrierung tag-e-scooter-spanien tag-e-scooter-versicherung-spanien tag-gesetz-5-2025 tag-vmp-register-dgt\" role=\"listitem\">\n\t\t\t<div class=\"elementor-post__card\">\n\t\t\t\t<a class=\"elementor-post__thumbnail__link\" href=\"https:\/\/costablanca-magazin.com\/en\/residenten\/mobilitaet-verkehr\/e-scooter-neues-register-und-versicherungspflicht-ab-2026-in-spanien\/\" tabindex=\"-1\" ><div class=\"elementor-post__thumbnail\"><img fetchpriority=\"high\" decoding=\"async\" width=\"300\" height=\"200\" src=\"https:\/\/costablanca-magazin.com\/wp-content\/uploads\/2026\/02\/patinete-mallorca-y-costa-blanca-300x200.jpg\" class=\"attachment-medium size-medium wp-image-10540\" alt=\"E-scooters: New register &amp; compulsory insurance from 2026 in Spain\" srcset=\"https:\/\/costablanca-magazin.com\/wp-content\/uploads\/2026\/02\/patinete-mallorca-y-costa-blanca-300x200.jpg 300w, https:\/\/costablanca-magazin.com\/wp-content\/uploads\/2026\/02\/patinete-mallorca-y-costa-blanca-1024x683.jpg 1024w, https:\/\/costablanca-magazin.com\/wp-content\/uploads\/2026\/02\/patinete-mallorca-y-costa-blanca-768x512.jpg 768w, https:\/\/costablanca-magazin.com\/wp-content\/uploads\/2026\/02\/patinete-mallorca-y-costa-blanca-1536x1025.jpg 1536w, https:\/\/costablanca-magazin.com\/wp-content\/uploads\/2026\/02\/patinete-mallorca-y-costa-blanca-18x12.jpg 18w\" sizes=\"(max-width: 300px) 100vw, 300px\" \/><\/div><\/a>\n\t\t\t\t<div class=\"elementor-post__badge\">Mobility &amp; Transport<\/div>\n\t\t\t\t<div class=\"elementor-post__text\">\n\t\t\t\t<h2 class=\"elementor-post__title\">\n\t\t\t<a href=\"https:\/\/costablanca-magazin.com\/en\/residenten\/mobilitaet-verkehr\/e-scooter-neues-register-und-versicherungspflicht-ab-2026-in-spanien\/\" >\n\t\t\t\tE-scooters: New register and compulsory insurance from 2026 in Spain\t\t\t<\/a>\n\t\t<\/h2>\n\t\t\t\t<div class=\"elementor-post__excerpt\">\n\t\t\t<p>E-scooters on Mallorca: registration &amp; insurance now mandatory E-scooters on Mallorca must be registered in the DGT register. Only then is insurance possible. Rules, deadlines &amp; fines at a glance. With the introduction of the national register for light private vehicles (VMP), Spain is now implementing the statutory insurance obligation for e-scooters and similar vehicles.<\/p>\n\t\t<\/div>\n\t\t\n\t\t<a class=\"elementor-post__read-more\" href=\"https:\/\/costablanca-magazin.com\/en\/residenten\/mobilitaet-verkehr\/e-scooter-neues-register-und-versicherungspflicht-ab-2026-in-spanien\/\" aria-label=\"Read more about E-scooters: New register and compulsory insurance from 2026 in Spain\" tabindex=\"-1\" >\n\t\t\tRead more \u00bb\t\t<\/a>\n\n\t\t\t\t<\/div>\n\t\t\t\t\t<\/div>\n\t\t<\/article>\n\t\t\t\t<article class=\"elementor-post elementor-grid-item post-8785 post type-post status-publish format-standard has-post-thumbnail hentry category-mobilitaet-verkehr tag-abschleppdienst-spanien tag-autopanne-costa-blanca tag-autopanne-spanien tag-panne-mietwagen-spanien tag-regeln-autopanne tag-sicherheit-autobahn-spanien tag-v16-led-leuchte tag-versicherungsservice-spanien\" role=\"listitem\">\n\t\t\t<div class=\"elementor-post__card\">\n\t\t\t\t<a class=\"elementor-post__thumbnail__link\" href=\"https:\/\/costablanca-magazin.com\/en\/residenten\/mobilitaet-verkehr\/costa-blanca-autopanne-regeln-risiken-hilfe\/\" tabindex=\"-1\" ><div class=\"elementor-post__thumbnail\"><img decoding=\"async\" width=\"300\" height=\"200\" src=\"https:\/\/costablanca-magazin.com\/wp-content\/uploads\/2025\/09\/woman-with-broken-car-and-triangle-2024-10-14-14-58-13-utc-300x200.jpg\" class=\"attachment-medium size-medium wp-image-8807\" alt=\"Car breakdown on the Costa Blanca \u2013 rules, risks and how to respond correctly\" srcset=\"https:\/\/costablanca-magazin.com\/wp-content\/uploads\/2025\/09\/woman-with-broken-car-and-triangle-2024-10-14-14-58-13-utc-300x200.jpg 300w, https:\/\/costablanca-magazin.com\/wp-content\/uploads\/2025\/09\/woman-with-broken-car-and-triangle-2024-10-14-14-58-13-utc-1024x684.jpg 1024w, https:\/\/costablanca-magazin.com\/wp-content\/uploads\/2025\/09\/woman-with-broken-car-and-triangle-2024-10-14-14-58-13-utc-768x513.jpg 768w, https:\/\/costablanca-magazin.com\/wp-content\/uploads\/2025\/09\/woman-with-broken-car-and-triangle-2024-10-14-14-58-13-utc.jpg 1200w\" sizes=\"(max-width: 300px) 100vw, 300px\" \/><\/div><\/a>\n\t\t\t\t<div class=\"elementor-post__badge\">Mobility &amp; Transport<\/div>\n\t\t\t\t<div class=\"elementor-post__text\">\n\t\t\t\t<h2 class=\"elementor-post__title\">\n\t\t\t<a href=\"https:\/\/costablanca-magazin.com\/en\/residenten\/mobilitaet-verkehr\/costa-blanca-autopanne-regeln-risiken-hilfe\/\" >\n\t\t\t\tCosta Blanca car breakdown - rules, risks &amp; help\t\t\t<\/a>\n\t\t<\/h2>\n\t\t\t\t<div class=\"elementor-post__excerpt\">\n\t\t\t<p>Costa Blanca car breakdown - rules, risks &amp; help Car breakdown in Spain? How to react correctly: From warning lights to towing service - an overview of important regulations on the Costa Blanca. A car breakdown is always inconvenient. But if you break down on the Costa Blanca, you soon realise: without knowledge of the regulations, it can be expensive or even dangerous.<\/p>\n\t\t<\/div>\n\t\t\n\t\t<a class=\"elementor-post__read-more\" href=\"https:\/\/costablanca-magazin.com\/en\/residenten\/mobilitaet-verkehr\/costa-blanca-autopanne-regeln-risiken-hilfe\/\" aria-label=\"Read more about Costa Blanca car breakdown - rules, risks &amp; help\" tabindex=\"-1\" >\n\t\t\tRead more \u00bb\t\t<\/a>\n\n\t\t\t\t<\/div>\n\t\t\t\t\t<\/div>\n\t\t<\/article>\n\t\t\t\t<article class=\"elementor-post elementor-grid-item post-8461 post type-post status-publish format-standard has-post-thumbnail hentry category-mobilitaet-verkehr tag-dgt-fuehrerschein-umtausch tag-fuehrerschein-fristen-spanien tag-fuehrerschein-in-spanien tag-fuehrerschein-umtauschen-spanien tag-punktesystem-spanien tag-spanischer-fuehrerschein\" role=\"listitem\">\n\t\t\t<div class=\"elementor-post__card\">\n\t\t\t\t<a class=\"elementor-post__thumbnail__link\" href=\"https:\/\/costablanca-magazin.com\/en\/residenten\/mobilitaet-verkehr\/fuehrerschein-in-spanien-wer-umtauschen-muss-und-wie\/\" tabindex=\"-1\" ><div class=\"elementor-post__thumbnail\"><img loading=\"lazy\" decoding=\"async\" width=\"300\" height=\"200\" src=\"https:\/\/costablanca-magazin.com\/wp-content\/uploads\/2025\/08\/young-man-showing-driving-license-while-sitting-in-2025-01-25-02-07-19-utc-300x200.jpg\" class=\"attachment-medium size-medium wp-image-8462\" alt=\"Driving licence in Spain: Who needs to exchange it \u2013 and how it works\" srcset=\"https:\/\/costablanca-magazin.com\/wp-content\/uploads\/2025\/08\/young-man-showing-driving-license-while-sitting-in-2025-01-25-02-07-19-utc-300x200.jpg 300w, https:\/\/costablanca-magazin.com\/wp-content\/uploads\/2025\/08\/young-man-showing-driving-license-while-sitting-in-2025-01-25-02-07-19-utc-1024x683.jpg 1024w, https:\/\/costablanca-magazin.com\/wp-content\/uploads\/2025\/08\/young-man-showing-driving-license-while-sitting-in-2025-01-25-02-07-19-utc-768x512.jpg 768w, https:\/\/costablanca-magazin.com\/wp-content\/uploads\/2025\/08\/young-man-showing-driving-license-while-sitting-in-2025-01-25-02-07-19-utc-1536x1024.jpg 1536w, https:\/\/costablanca-magazin.com\/wp-content\/uploads\/2025\/08\/young-man-showing-driving-license-while-sitting-in-2025-01-25-02-07-19-utc-2048x1365.jpg 2048w\" sizes=\"(max-width: 300px) 100vw, 300px\" \/><\/div><\/a>\n\t\t\t\t<div class=\"elementor-post__badge\">Mobility &amp; Transport<\/div>\n\t\t\t\t<div class=\"elementor-post__text\">\n\t\t\t\t<h2 class=\"elementor-post__title\">\n\t\t\t<a href=\"https:\/\/costablanca-magazin.com\/en\/residenten\/mobilitaet-verkehr\/fuehrerschein-in-spanien-wer-umtauschen-muss-und-wie\/\" >\n\t\t\t\tDriving licence in Spain - Who has to exchange and how\t\t\t<\/a>\n\t\t<\/h2>\n\t\t\t\t<div class=\"elementor-post__excerpt\">\n\t\t\t<p>Driving licence in Spain - Who has to exchange and how it works International residents in Spain must convert their driving licence into a Spanish document under certain conditions. We explain the deadlines, procedures and differences. Anyone who moves their main residence to Spain will sooner or later have to deal with the issue of driving licences. Whether<\/p>\n\t\t<\/div>\n\t\t\n\t\t<a class=\"elementor-post__read-more\" href=\"https:\/\/costablanca-magazin.com\/en\/residenten\/mobilitaet-verkehr\/fuehrerschein-in-spanien-wer-umtauschen-muss-und-wie\/\" aria-label=\"Read more about Driving licence in Spain - Who has to exchange and how\" tabindex=\"-1\" >\n\t\t\tRead more \u00bb\t\t<\/a>\n\n\t\t\t\t<\/div>\n\t\t\t\t\t<\/div>\n\t\t<\/article>\n\t\t\t\t<article class=\"elementor-post elementor-grid-item post-7994 post type-post status-publish format-standard has-post-thumbnail hentry category-mobilitaet-verkehr tag-dgt-strafzettel-online-zahlen tag-falschparken-spanien-urlaub tag-multa-spanien-bezahlen tag-parkverstoss-costa-blanca tag-strafzettel-costa-blanca tag-verwarnung-spanien-uebersetzung\" role=\"listitem\">\n\t\t\t<div class=\"elementor-post__card\">\n\t\t\t\t<a class=\"elementor-post__thumbnail__link\" href=\"https:\/\/costablanca-magazin.com\/en\/residenten\/mobilitaet-verkehr\/strafzettel-an-der-costa-blanca-was-tun-bei-einer-multa\/\" tabindex=\"-1\" ><div class=\"elementor-post__thumbnail\"><img loading=\"lazy\" decoding=\"async\" width=\"300\" height=\"200\" src=\"https:\/\/costablanca-magazin.com\/wp-content\/uploads\/2025\/07\/patrolman-and-patrolwoman-putting-fine-for-car-par-2024-12-05-21-36-59-utc-300x200.jpg\" class=\"attachment-medium size-medium wp-image-8024\" alt=\"Parking tickets on the Costa Blanca - What to do in the event of a \u201emulta\u201c\" srcset=\"https:\/\/costablanca-magazin.com\/wp-content\/uploads\/2025\/07\/patrolman-and-patrolwoman-putting-fine-for-car-par-2024-12-05-21-36-59-utc-300x200.jpg 300w, https:\/\/costablanca-magazin.com\/wp-content\/uploads\/2025\/07\/patrolman-and-patrolwoman-putting-fine-for-car-par-2024-12-05-21-36-59-utc-1024x683.jpg 1024w, https:\/\/costablanca-magazin.com\/wp-content\/uploads\/2025\/07\/patrolman-and-patrolwoman-putting-fine-for-car-par-2024-12-05-21-36-59-utc-768x512.jpg 768w, https:\/\/costablanca-magazin.com\/wp-content\/uploads\/2025\/07\/patrolman-and-patrolwoman-putting-fine-for-car-par-2024-12-05-21-36-59-utc-1536x1024.jpg 1536w, https:\/\/costablanca-magazin.com\/wp-content\/uploads\/2025\/07\/patrolman-and-patrolwoman-putting-fine-for-car-par-2024-12-05-21-36-59-utc-2048x1365.jpg 2048w\" sizes=\"(max-width: 300px) 100vw, 300px\" \/><\/div><\/a>\n\t\t\t\t<div class=\"elementor-post__badge\">Mobility &amp; Transport<\/div>\n\t\t\t\t<div class=\"elementor-post__text\">\n\t\t\t\t<h2 class=\"elementor-post__title\">\n\t\t\t<a href=\"https:\/\/costablanca-magazin.com\/en\/residenten\/mobilitaet-verkehr\/strafzettel-an-der-costa-blanca-was-tun-bei-einer-multa\/\" >\n\t\t\t\tParking tickets on the Costa Blanca - What to do in the event of a \u201eMulta\u201c\t\t\t<\/a>\n\t\t<\/h2>\n\t\t\t\t<div class=\"elementor-post__excerpt\">\n\t\t\t<p>Traffic tickets on the Costa Blanca - what to do if you get a \u201emulta\u201c Traffic tickets on the Costa Blanca are not an isolated occurrence - knowing what to do can save you a lot of trouble (and money). No sooner is the car parked in the shade than a ticket flutters under the windscreen wiper - or worse: the ticket arrives weeks later<\/p>\n\t\t<\/div>\n\t\t\n\t\t<a class=\"elementor-post__read-more\" href=\"https:\/\/costablanca-magazin.com\/en\/residenten\/mobilitaet-verkehr\/strafzettel-an-der-costa-blanca-was-tun-bei-einer-multa\/\" aria-label=\"Read more about Strafzettel an der Costa Blanca &#8211; Was tun bei einer \u201eMulta\u201c\" tabindex=\"-1\" >\n\t\t\tRead more \u00bb\t\t<\/a>\n\n\t\t\t\t<\/div>\n\t\t\t\t\t<\/div>\n\t\t<\/article>\n\t\t\t\t<article class=\"elementor-post elementor-grid-item post-4217 post type-post status-publish format-standard has-post-thumbnail hentry category-mobilitaet-verkehr tag-dgt-costa-blanca tag-verkehrs-regeln-2025-costa-blanca\" role=\"listitem\">\n\t\t\t<div class=\"elementor-post__card\">\n\t\t\t\t<a class=\"elementor-post__thumbnail__link\" href=\"https:\/\/costablanca-magazin.com\/en\/residenten\/mobilitaet-verkehr\/neue-verkehrs-regeln-2025-costa-blanca-was-autofahrer-wissen-muessen\/\" tabindex=\"-1\" ><div class=\"elementor-post__thumbnail\"><img loading=\"lazy\" decoding=\"async\" width=\"300\" height=\"100\" src=\"https:\/\/costablanca-magazin.com\/wp-content\/uploads\/2025\/01\/driving-a-car-2023-11-27-05-10-35-utc-300x100.jpg\" class=\"attachment-medium size-medium wp-image-4231\" alt=\"New traffic regulations 2025: What motorists on the Costa Blanca need to know\" srcset=\"https:\/\/costablanca-magazin.com\/wp-content\/uploads\/2025\/01\/driving-a-car-2023-11-27-05-10-35-utc-300x100.jpg 300w, https:\/\/costablanca-magazin.com\/wp-content\/uploads\/2025\/01\/driving-a-car-2023-11-27-05-10-35-utc-1024x341.jpg 1024w, https:\/\/costablanca-magazin.com\/wp-content\/uploads\/2025\/01\/driving-a-car-2023-11-27-05-10-35-utc-768x256.jpg 768w, https:\/\/costablanca-magazin.com\/wp-content\/uploads\/2025\/01\/driving-a-car-2023-11-27-05-10-35-utc.jpg 1200w\" sizes=\"(max-width: 300px) 100vw, 300px\" \/><\/div><\/a>\n\t\t\t\t<div class=\"elementor-post__badge\">Mobility &amp; Transport<\/div>\n\t\t\t\t<div class=\"elementor-post__text\">\n\t\t\t\t<h2 class=\"elementor-post__title\">\n\t\t\t<a href=\"https:\/\/costablanca-magazin.com\/en\/residenten\/mobilitaet-verkehr\/neue-verkehrs-regeln-2025-costa-blanca-was-autofahrer-wissen-muessen\/\" >\n\t\t\t\tNew traffic rules 2025 Costa Blanca - What drivers need to know\t\t\t<\/a>\n\t\t<\/h2>\n\t\t\t\t<div class=\"elementor-post__excerpt\">\n\t\t\t<p>New traffic rules 2025: What drivers on the Costa Blanca need to know From emergency lanes to hard shoulders - navigating the new regulations with a sense of humour. The road traffic regulations in Spain are not a complete mystery for many residents and drivers on the Costa Blanca, but they are not easy reading either. From 2025<\/p>\n\t\t<\/div>\n\t\t\n\t\t<a class=\"elementor-post__read-more\" href=\"https:\/\/costablanca-magazin.com\/en\/residenten\/mobilitaet-verkehr\/neue-verkehrs-regeln-2025-costa-blanca-was-autofahrer-wissen-muessen\/\" aria-label=\"Read more about Neue Verkehrs-Regeln 2025 Costa Blanca &#8211; Was Autofahrer wissen m\u00fcssen\" tabindex=\"-1\" >\n\t\t\tRead more \u00bb\t\t<\/a>\n\n\t\t\t\t<\/div>\n\t\t\t\t\t<\/div>\n\t\t<\/article>\n\t\t\t\t<\/div>\n\t\t\n\t\t\t\t<div class=\"e-load-more-anchor\" data-page=\"1\" data-max-page=\"2\" data-next-page=\"https:\/\/costablanca-magazin.com\/en\/wp-json\/wp\/v2\/pages\/4614\/page\/2\/\"><\/div>\n\t\t\t\t<nav class=\"elementor-pagination\" aria-label=\"Pagination\">\n\t\t\t<span aria-current=\"page\" class=\"page-numbers current\"><span class=\"elementor-screen-only\">Page<\/span>1<\/span>\n<a class=\"page-numbers\" href=\"https:\/\/costablanca-magazin.com\/en\/wp-json\/wp\/v2\/pages\/4614\/page\/2\/\"><span class=\"elementor-screen-only\">Page<\/span>2<\/a>\t\t<\/nav>\n\t\t\t\t\t\t<\/div>\n\t\t\t\t<\/div>\n\t\t\t\t\t<\/div>\n\t\t\t\t<\/div>\n\t\t\t\t<\/div>","protected":false},"excerpt":{"rendered":"<p>Als Residenten erkunden wir Mobilit\u00e4t und Verkehr in der Stadt, an dabei achten wir auf nachhaltige Optionen wie Fahrrad, \u00d6PNV und Carsharing der und f\u00f6rdern barrierefreie Zug\u00e4nge f\u00fcr alle Costa; gemeinsam gestalten wir sichere Wege, reduzieren Emissionen Blanca und verbessern Aufenthaltsqualit\u00e4t Unterwegs, indem wir lokale Initiativen unterst\u00fctzen in und langfristige Mobilit\u00e4tskonzepte entwickeln Spanien. Residenten &#8211; [&hellip;]<\/p>\n","protected":false},"author":1,"featured_media":0,"parent":0,"menu_order":0,"comment_status":"closed","ping_status":"closed","template":"elementor_header_footer","meta":{"footnotes":""},"class_list":["post-4614","page","type-page","status-publish","hentry"],"aioseo_notices":[],"_links":{"self":[{"href":"https:\/\/costablanca-magazin.com\/en\/wp-json\/wp\/v2\/pages\/4614","targetHints":{"allow":["GET"]}}],"collection":[{"href":"https:\/\/costablanca-magazin.com\/en\/wp-json\/wp\/v2\/pages"}],"about":[{"href":"https:\/\/costablanca-magazin.com\/en\/wp-json\/wp\/v2\/types\/page"}],"author":[{"embeddable":true,"href":"https:\/\/costablanca-magazin.com\/en\/wp-json\/wp\/v2\/users\/1"}],"replies":[{"embeddable":true,"href":"https:\/\/costablanca-magazin.com\/en\/wp-json\/wp\/v2\/comments?post=4614"}],"version-history":[{"count":18,"href":"https:\/\/costablanca-magazin.com\/en\/wp-json\/wp\/v2\/pages\/4614\/revisions"}],"predecessor-version":[{"id":10376,"href":"https:\/\/costablanca-magazin.com\/en\/wp-json\/wp\/v2\/pages\/4614\/revisions\/10376"}],"wp:attachment":[{"href":"https:\/\/costablanca-magazin.com\/en\/wp-json\/wp\/v2\/media?parent=4614"}],"curies":[{"name":"wp","href":"https:\/\/api.w.org\/{rel}","templated":true}]}}