{"id":4555,"date":"2025-01-21T09:06:29","date_gmt":"2025-01-21T08:06:29","guid":{"rendered":"https:\/\/costablanca-magazin.com\/?page_id=4555"},"modified":"2026-02-11T11:53:22","modified_gmt":"2026-02-11T10:53:22","slug":"family-children","status":"publish","type":"page","link":"https:\/\/costablanca-magazin.com\/en\/familie-kinder\/","title":{"rendered":"Family &amp; Children"},"content":{"rendered":"<div data-elementor-type=\"wp-page\" data-elementor-id=\"4555\" class=\"elementor elementor-4555\" data-elementor-post-type=\"page\">\n\t\t\t\t<div class=\"elementor-element elementor-element-7310c6e e-flex e-con-boxed e-con e-parent\" data-id=\"7310c6e\" data-element_type=\"container\" data-e-type=\"container\">\n\t\t\t\t\t<div class=\"e-con-inner\">\n\t\t\t\t<div class=\"elementor-element elementor-element-2d457a3 elementor-widget elementor-widget-heading\" data-id=\"2d457a3\" data-element_type=\"widget\" data-e-type=\"widget\" data-widget_type=\"heading.default\">\n\t\t\t\t<div class=\"elementor-widget-container\">\n\t\t\t\t\t<h1 class=\"elementor-heading-title elementor-size-default\">Leisure - Family &amp; Children<\/h1>\t\t\t\t<\/div>\n\t\t\t\t<\/div>\n\t\t\t\t\t<\/div>\n\t\t\t\t<\/div>\n\t\t<div class=\"elementor-element elementor-element-3469e6f e-flex e-con-boxed e-con e-parent\" data-id=\"3469e6f\" data-element_type=\"container\" data-e-type=\"container\">\n\t\t\t\t\t<div class=\"e-con-inner\">\n\t\t\t\t<div class=\"elementor-element elementor-element-3406268 elementor-grid-3 elementor-grid-tablet-2 elementor-grid-mobile-1 elementor-posts--thumbnail-top elementor-card-shadow-yes elementor-posts__hover-gradient elementor-widget elementor-widget-posts\" data-id=\"3406268\" data-element_type=\"widget\" data-e-type=\"widget\" data-settings=\"{&quot;pagination_type&quot;:&quot;numbers&quot;,&quot;cards_columns&quot;:&quot;3&quot;,&quot;cards_columns_tablet&quot;:&quot;2&quot;,&quot;cards_columns_mobile&quot;:&quot;1&quot;,&quot;cards_row_gap&quot;:{&quot;unit&quot;:&quot;px&quot;,&quot;size&quot;:35,&quot;sizes&quot;:[]},&quot;cards_row_gap_tablet&quot;:{&quot;unit&quot;:&quot;px&quot;,&quot;size&quot;:&quot;&quot;,&quot;sizes&quot;:[]},&quot;cards_row_gap_mobile&quot;:{&quot;unit&quot;:&quot;px&quot;,&quot;size&quot;:&quot;&quot;,&quot;sizes&quot;:[]}}\" data-widget_type=\"posts.cards\">\n\t\t\t\t<div class=\"elementor-widget-container\">\n\t\t\t\t\t\t\t<div class=\"elementor-posts-container elementor-posts elementor-posts--skin-cards elementor-grid\" role=\"list\">\n\t\t\t\t<article class=\"elementor-post elementor-grid-item post-9266 post type-post status-publish format-standard has-post-thumbnail hentry category-familie-kinder tag-costa-blanca-sport tag-escala-i-corda tag-historischer-sport-spanien tag-kultur-valencia tag-pilota-valenciana tag-raspall tag-sport-valencia tag-tradition-valencia tag-trinquet-benidorm\" role=\"listitem\">\n\t\t\t<div class=\"elementor-post__card\">\n\t\t\t\t<a class=\"elementor-post__thumbnail__link\" href=\"https:\/\/costablanca-magazin.com\/en\/freizeit\/familie-kinder\/pilota-valenciana-traditioneller-sport-an-der-costa-blanca\/\" tabindex=\"-1\" ><div class=\"elementor-post__thumbnail\"><img fetchpriority=\"high\" decoding=\"async\" width=\"300\" height=\"200\" src=\"https:\/\/costablanca-magazin.com\/wp-content\/uploads\/2025\/10\/Pilota-@fedpival.es-2-300x200.jpg\" class=\"attachment-medium size-medium wp-image-9277\" alt=\"A game with history\" srcset=\"https:\/\/costablanca-magazin.com\/wp-content\/uploads\/2025\/10\/Pilota-@fedpival.es-2-300x200.jpg 300w, https:\/\/costablanca-magazin.com\/wp-content\/uploads\/2025\/10\/Pilota-@fedpival.es-2-1024x682.jpg 1024w, https:\/\/costablanca-magazin.com\/wp-content\/uploads\/2025\/10\/Pilota-@fedpival.es-2-768x511.jpg 768w, https:\/\/costablanca-magazin.com\/wp-content\/uploads\/2025\/10\/Pilota-@fedpival.es-2.jpg 1200w\" sizes=\"(max-width: 300px) 100vw, 300px\" \/><\/div><\/a>\n\t\t\t\t<div class=\"elementor-post__badge\">Family &amp; Children<\/div>\n\t\t\t\t<div class=\"elementor-post__text\">\n\t\t\t\t<h3 class=\"elementor-post__title\">\n\t\t\t<a href=\"https:\/\/costablanca-magazin.com\/en\/freizeit\/familie-kinder\/pilota-valenciana-traditioneller-sport-an-der-costa-blanca\/\" >\n\t\t\t\tPilota Valenciana - Traditional sport on the Costa Blanca\t\t\t<\/a>\n\t\t<\/h3>\n\t\t\t\t<div class=\"elementor-post__excerpt\">\n\t\t\t<p>Pilota Valenciana - Traditional sport on the Costa Blanca Experience Pilota Valenciana, the historic ball game from Valencia. A fast, loud sport, deeply rooted in the culture of the Costa Blanca. When you think of sport, you usually think of cyclists, hikers or golfers. But there is also a discipline that is older<\/p>\n\t\t<\/div>\n\t\t\n\t\t<a class=\"elementor-post__read-more\" href=\"https:\/\/costablanca-magazin.com\/en\/freizeit\/familie-kinder\/pilota-valenciana-traditioneller-sport-an-der-costa-blanca\/\" aria-label=\"Read more about Pilota Valenciana \u2013 Traditioneller Sport an der Costa Blanca\" tabindex=\"-1\" >\n\t\t\tRead more \u00bb\t\t<\/a>\n\n\t\t\t\t<\/div>\n\t\t\t\t\t<\/div>\n\t\t<\/article>\n\t\t\t\t<article class=\"elementor-post elementor-grid-item post-8155 post type-post status-publish format-standard has-post-thumbnail hentry category-familie-kinder tag-ausfluege-mit-kindern tag-costa-blanca-2 tag-freizeitaktivitaeten-spanien tag-sommer-mit-kindern tag-tipps-fuer-familienurlaub\" role=\"listitem\">\n\t\t\t<div class=\"elementor-post__card\">\n\t\t\t\t<a class=\"elementor-post__thumbnail__link\" href=\"https:\/\/costablanca-magazin.com\/en\/freizeit\/familie-kinder\/sommer-mit-kids-unterhaltungabseits-des-strands\/\" tabindex=\"-1\" ><div class=\"elementor-post__thumbnail\"><img decoding=\"async\" width=\"300\" height=\"300\" src=\"https:\/\/costablanca-magazin.com\/wp-content\/uploads\/2025\/07\/happy-child-having-fun-on-summer-vacation-2024-10-14-10-18-04-utc-300x300.jpg\" class=\"attachment-medium size-medium wp-image-8164\" alt=\"Summer with kids \u2013 entertainment away from the beach\" srcset=\"https:\/\/costablanca-magazin.com\/wp-content\/uploads\/2025\/07\/happy-child-having-fun-on-summer-vacation-2024-10-14-10-18-04-utc-300x300.jpg 300w, https:\/\/costablanca-magazin.com\/wp-content\/uploads\/2025\/07\/happy-child-having-fun-on-summer-vacation-2024-10-14-10-18-04-utc-1024x1024.jpg 1024w, https:\/\/costablanca-magazin.com\/wp-content\/uploads\/2025\/07\/happy-child-having-fun-on-summer-vacation-2024-10-14-10-18-04-utc-150x150.jpg 150w, https:\/\/costablanca-magazin.com\/wp-content\/uploads\/2025\/07\/happy-child-having-fun-on-summer-vacation-2024-10-14-10-18-04-utc-768x768.jpg 768w, https:\/\/costablanca-magazin.com\/wp-content\/uploads\/2025\/07\/happy-child-having-fun-on-summer-vacation-2024-10-14-10-18-04-utc.jpg 1200w\" sizes=\"(max-width: 300px) 100vw, 300px\" \/><\/div><\/a>\n\t\t\t\t<div class=\"elementor-post__badge\">Family &amp; Children<\/div>\n\t\t\t\t<div class=\"elementor-post__text\">\n\t\t\t\t<h3 class=\"elementor-post__title\">\n\t\t\t<a href=\"https:\/\/costablanca-magazin.com\/en\/freizeit\/familie-kinder\/sommer-mit-kids-unterhaltungabseits-des-strands\/\" >\n\t\t\t\tSummer with kids - entertainment away from the beach\t\t\t<\/a>\n\t\t<\/h3>\n\t\t\t\t<div class=\"elementor-post__excerpt\">\n\t\t\t<p>Summer with kids - entertainment away from the beach Summer with kids - entertainment away from the beach Summer with kids, Costa Blanca, excursions with children, leisure activities Spain, tips for family holidays, entertainment away from the beach The sand sticks everywhere, the sun loungers on the beach are scarce, and even the sea no longer offers any variety at some point<\/p>\n\t\t<\/div>\n\t\t\n\t\t<a class=\"elementor-post__read-more\" href=\"https:\/\/costablanca-magazin.com\/en\/freizeit\/familie-kinder\/sommer-mit-kids-unterhaltungabseits-des-strands\/\" aria-label=\"Read more about Sommer mit Kids \u2013Unterhaltungabseits des Strands\" tabindex=\"-1\" >\n\t\t\tRead more \u00bb\t\t<\/a>\n\n\t\t\t\t<\/div>\n\t\t\t\t\t<\/div>\n\t\t<\/article>\n\t\t\t\t<article class=\"elementor-post elementor-grid-item post-178 post type-post status-publish format-standard has-post-thumbnail hentry category-familie-kinder tag-ausfluege-costablanca tag-ausfluege-mit-kindern tag-costa-blanca tag-erlebnissparks-costa-blanca\" role=\"listitem\">\n\t\t\t<div class=\"elementor-post__card\">\n\t\t\t\t<a class=\"elementor-post__thumbnail__link\" href=\"https:\/\/costablanca-magazin.com\/en\/freizeit\/familie-kinder\/ausfluege-mit-kindern-an-der-costa-blanca\/\" tabindex=\"-1\" ><div class=\"elementor-post__thumbnail\"><img decoding=\"async\" width=\"300\" height=\"300\" src=\"https:\/\/costablanca-magazin.com\/wp-content\/uploads\/2024\/06\/costablanca-lifestyle-benidorm-aqualandia-3-300x300.jpg\" class=\"attachment-medium size-medium wp-image-179\" alt=\"Costa Blanca Benidorm Aqualandia\" srcset=\"https:\/\/costablanca-magazin.com\/wp-content\/uploads\/2024\/06\/costablanca-lifestyle-benidorm-aqualandia-3-300x300.jpg 300w, https:\/\/costablanca-magazin.com\/wp-content\/uploads\/2024\/06\/costablanca-lifestyle-benidorm-aqualandia-3-150x150.jpg 150w, https:\/\/costablanca-magazin.com\/wp-content\/uploads\/2024\/06\/costablanca-lifestyle-benidorm-aqualandia-3.jpg 600w\" sizes=\"(max-width: 300px) 100vw, 300px\" \/><\/div><\/a>\n\t\t\t\t<div class=\"elementor-post__badge\">Family &amp; Children<\/div>\n\t\t\t\t<div class=\"elementor-post__text\">\n\t\t\t\t<h3 class=\"elementor-post__title\">\n\t\t\t<a href=\"https:\/\/costablanca-magazin.com\/en\/freizeit\/familie-kinder\/ausfluege-mit-kindern-an-der-costa-blanca\/\" >\n\t\t\t\tExcursions with children on the Costa Blanca\t\t\t<\/a>\n\t\t<\/h3>\n\t\t\t\t<div class=\"elementor-post__excerpt\">\n\t\t\t<p>Excursions with children on the Costa Blanca The Costa Blanca is a popular and varied holiday destination. Also, or especially for families with children, as there are a multitude of activities, amusement parks and excursion destinations suitable for children. Here are 15 of the best and most beautiful excursion destinations and activities<\/p>\n\t\t<\/div>\n\t\t\n\t\t<a class=\"elementor-post__read-more\" href=\"https:\/\/costablanca-magazin.com\/en\/freizeit\/familie-kinder\/ausfluege-mit-kindern-an-der-costa-blanca\/\" aria-label=\"Read more about Ausfl\u00fcge mit Kindern an der Costa-Blanca\" tabindex=\"-1\" >\n\t\t\tRead more \u00bb\t\t<\/a>\n\n\t\t\t\t<\/div>\n\t\t\t\t\t<\/div>\n\t\t<\/article>\n\t\t\t\t<\/div>\n\t\t\n\t\t\t\t\t\t<\/div>\n\t\t\t\t<\/div>\n\t\t\t\t\t<\/div>\n\t\t\t\t<\/div>\n\t\t\t\t<\/div>","protected":false},"excerpt":{"rendered":"<p>Beim Familienausflug gibt es f\u00fcr Jung und Alt viel zu entdecken, an Spa\u00df und der Abenteuer verbinden sich mit Costa Spielen, w\u00e4hrend Eltern entspannt zuschauen und Blanca Erinnerungen entstehen, die Leben Tage heller machen; gemeinsam teilen wir Freude, Alltag Lachen und kleine \u00dcberraschungen, die und den Alltag bunter gestalten, sodass Tipps Zeit f\u00fcr N\u00e4he bleibt [&hellip;]<\/p>\n","protected":false},"author":1,"featured_media":0,"parent":0,"menu_order":0,"comment_status":"closed","ping_status":"closed","template":"elementor_header_footer","meta":{"om_disable_all_campaigns":false,"_monsterinsights_skip_tracking":false,"_monsterinsights_sitenote_active":false,"_monsterinsights_sitenote_note":"","_monsterinsights_sitenote_category":0,"footnotes":""},"class_list":["post-4555","page","type-page","status-publish","hentry"],"aioseo_notices":[],"_links":{"self":[{"href":"https:\/\/costablanca-magazin.com\/en\/wp-json\/wp\/v2\/pages\/4555","targetHints":{"allow":["GET"]}}],"collection":[{"href":"https:\/\/costablanca-magazin.com\/en\/wp-json\/wp\/v2\/pages"}],"about":[{"href":"https:\/\/costablanca-magazin.com\/en\/wp-json\/wp\/v2\/types\/page"}],"author":[{"embeddable":true,"href":"https:\/\/costablanca-magazin.com\/en\/wp-json\/wp\/v2\/users\/1"}],"replies":[{"embeddable":true,"href":"https:\/\/costablanca-magazin.com\/en\/wp-json\/wp\/v2\/comments?post=4555"}],"version-history":[{"count":12,"href":"https:\/\/costablanca-magazin.com\/en\/wp-json\/wp\/v2\/pages\/4555\/revisions"}],"predecessor-version":[{"id":10369,"href":"https:\/\/costablanca-magazin.com\/en\/wp-json\/wp\/v2\/pages\/4555\/revisions\/10369"}],"wp:attachment":[{"href":"https:\/\/costablanca-magazin.com\/en\/wp-json\/wp\/v2\/media?parent=4555"}],"curies":[{"name":"wp","href":"https:\/\/api.w.org\/{rel}","templated":true}]}}